{"id":132,"date":"2019-04-30T07:33:30","date_gmt":"2019-04-30T05:33:30","guid":{"rendered":"https:\/\/icab.eu\/pro\/?page_id=132"},"modified":"2021-07-05T10:10:40","modified_gmt":"2021-07-05T08:10:40","slug":"icab-force","status":"publish","type":"page","link":"https:\/\/icab.eu\/pro\/icab-force\/","title":{"rendered":"ICAB Force"},"content":{"rendered":"<div id=\"ez-toc-container\" class=\"ez-toc-v2_0_81 counter-hierarchy ez-toc-counter ez-toc-grey ez-toc-container-direction\">\n<p class=\"ez-toc-title\" style=\"cursor:inherit\">Sommaire<\/p>\n<label for=\"ez-toc-cssicon-toggle-item-69dec4c50abfc\" class=\"ez-toc-cssicon-toggle-label\"><span class=\"\"><span class=\"eztoc-hide\" style=\"display:none;\">Toggle<\/span><span class=\"ez-toc-icon-toggle-span\"><svg style=\"fill: #999;color:#999\" xmlns=\"http:\/\/www.w3.org\/2000\/svg\" class=\"list-377408\" width=\"20px\" height=\"20px\" viewBox=\"0 0 24 24\" fill=\"none\"><path d=\"M6 6H4v2h2V6zm14 0H8v2h12V6zM4 11h2v2H4v-2zm16 0H8v2h12v-2zM4 16h2v2H4v-2zm16 0H8v2h12v-2z\" fill=\"currentColor\"><\/path><\/svg><svg style=\"fill: #999;color:#999\" class=\"arrow-unsorted-368013\" xmlns=\"http:\/\/www.w3.org\/2000\/svg\" width=\"10px\" height=\"10px\" viewBox=\"0 0 24 24\" version=\"1.2\" baseProfile=\"tiny\"><path d=\"M18.2 9.3l-6.2-6.3-6.2 6.3c-.2.2-.3.4-.3.7s.1.5.3.7c.2.2.4.3.7.3h11c.3 0 .5-.1.7-.3.2-.2.3-.5.3-.7s-.1-.5-.3-.7zM5.8 14.7l6.2 6.3 6.2-6.3c.2-.2.3-.5.3-.7s-.1-.5-.3-.7c-.2-.2-.4-.3-.7-.3h-11c-.3 0-.5.1-.7.3-.2.2-.3.5-.3.7s.1.5.3.7z\"\/><\/svg><\/span><\/span><\/label><input type=\"checkbox\"  id=\"ez-toc-cssicon-toggle-item-69dec4c50abfc\"  aria-label=\"Toggle\" \/><nav><ul class='ez-toc-list ez-toc-list-level-1 ' ><li class='ez-toc-page-1 ez-toc-heading-level-1'><a class=\"ez-toc-link ez-toc-heading-1\" href=\"https:\/\/icab.eu\/pro\/icab-force\/#ICAB_version_6\" >ICAB version 6<\/a><ul class='ez-toc-list-level-2' ><li class='ez-toc-heading-level-2'><a class=\"ez-toc-link ez-toc-heading-2\" href=\"https:\/\/icab.eu\/pro\/icab-force\/#Modules_ICAB\" >Modules ICAB<\/a><\/li><\/ul><\/li><\/ul><\/nav><\/div>\n<h1 style=\"text-align: left;\" align=\"center\"><span class=\"ez-toc-section\" id=\"ICAB_version_6\"><\/span><a href=\"https:\/\/icab.eu\/pro\/icab-force\/icabforce6\/\">ICAB version 6<\/a><span class=\"ez-toc-section-end\"><\/span><\/h1>\n<table>\n<tbody>\n<tr>\n<td><a href=\"https:\/\/icab.eu\/pro\/icab-force\/icabforce6\/#new\">nouveaut\u00e9s ICAB 6<\/a><\/td>\n<td><a href=\"https:\/\/icab.eu\/pro\/icab-force\/icabforce6\/#maj\">Installation<\/a><\/td>\n<\/tr>\n<\/tbody>\n<\/table>\n<table>\n<tbody>\n<tr>\n<td><a href=\"https:\/\/icab.eu\/pro\/icab-force\/icab-force-base\/\"><b>Icab Force<\/b><\/a><\/td>\n<td><a href=\"https:\/\/icab.eu\/pro\/icab-force\/icab-force-base\/\">ICAB Force<\/a> est le coeur des logiciels ICAB de calcul de structure, d\u00e9clin\u00e9 selon la taille des mod\u00e8les en:<\/p>\n<ul>\n<li>version <strong>Initiation<\/strong>,\u00a0 brid\u00e9e pour calculer des structures jusqu&rsquo;\u00e0 <i>150 entit\u00e9s (*)<\/i>.<\/li>\n<li>version <strong>professionnelle<\/strong> peut calculer des structures de taille <i>illimit\u00e9e<\/i> (jusqu&rsquo;\u00e0 saturation des ressources de l&rsquo;ordinateur).<\/li>\n<li>version <strong>Evolution<\/strong>, l&rsquo;utilisateur peut choisir une version interm\u00e9diaire\u00a0 (<i>2000 entit\u00e9s<\/i>).<\/li>\n<li>version<strong>Education<\/strong>, l&rsquo;utilisateur se familiarise avec les calculs de r\u00e9sistance des mat\u00e9riaux et la m\u00e9thode des \u00e9l\u00e9ments finis (<i>50 entit\u00e9s<\/i>).<\/li>\n<\/ul>\n<p><i>* Une entit\u00e9 correspond \u00e0 un noeud ou un \u00e9l\u00e9ment du mod\u00e8le par \u00e9l\u00e9ment fini.<\/i><\/td>\n<\/tr>\n<\/tbody>\n<\/table>\n<h2 align=\"center\"><span class=\"ez-toc-section\" id=\"Modules_ICAB\"><\/span><a name=\"Modules\"><\/a>Modules ICAB<span class=\"ez-toc-section-end\"><\/span><\/h2>\n<table border=\"1\">\n<tbody>\n<tr>\n<td valign=\"top\" width=\"150\"><a href=\"https:\/\/www.icab.eu\/force\/icab_cm.htm\"><b>Icab CM, CM+<\/b><\/a><\/p>\n<p><a href=\"https:\/\/www.icab.eu\/force\/icab_cm.htm\"><b>Icab CM \/ EC<\/b><\/a><\/p>\n<p>EC3 acier<\/p>\n<p>EC5 bois<\/p>\n<p>EC9 aluminium<\/td>\n<td>Analyse des constructions m\u00e9talliques <a href=\"https:\/\/www.icab.eu\/guide\/cm66\/\">CM66<\/a> et charpentes bois <a href=\"https:\/\/www.icab.eu\/force\/guide\/cb71\/\">CB71<\/a>, optimisation automatique<\/p>\n<p><strong>Icab CR crit\u00e8re de ruine \u00e9tendus: P22-703, EC3, AL76<\/strong> <strong>et Eurocodes EN1993, EN1995, EN1999<\/strong><\/p>\n<p><img decoding=\"async\" src=\"https:\/\/www.icab.eu\/force\/images\/logo_eurocodes_small.jpg\" width=\"89\" height=\"91\" border=\"0\" \/><\/p>\n<ul>\n<li>Extensions des crit\u00e8res de ruine sur poutre selon les r\u00e8gles <a href=\"https:\/\/www.icab.eu\/force\/guide\/cm66\/index.html#P22703\">P22-703<\/a> (Parois minces), Eurocode 3 (<a href=\"https:\/\/www.icab.eu\/force\/guide\/eurocode\/eurocode3.html\">EC3<\/a>), Aluminium (<a href=\"https:\/\/www.icab.eu\/force\/guide\/al76\/\">AL76<\/a>), AISC (American Institute of Steel Construction)<\/li>\n<\/ul>\n<\/td>\n<\/tr>\n<tr>\n<td valign=\"top\" width=\"150\"><a href=\"https:\/\/www.icab.eu\/force\/icab_cm.htm\"><strong>Icab Biblioth\u00e8que\/CM<\/strong><\/a><\/td>\n<td>Biblioth\u00e8que des profil\u00e9s AFNOR et s\u00e9ries courantes.<\/td>\n<\/tr>\n<tr>\n<td valign=\"top\" width=\"150\"><a href=\"https:\/\/www.icab.eu\/force\/icab_nv.htm\"><strong>Icab NV<\/strong><\/a><\/td>\n<td>G\u00e9n\u00e9ration automatique des chargements climatiques de neige et de vent avec charges d&rsquo;exploitation selon les NV65 et Eurocode 1, EN1991-1-1, EN1991-1-3, EN1991-1-4, EN1991-2. <img decoding=\"async\" src=\"https:\/\/www.icab.eu\/force\/images\/logo_eurocodes_small.jpg\" width=\"89\" height=\"91\" border=\"0\" \/><\/td>\n<\/tr>\n<tr>\n<td valign=\"top\" width=\"150\"><a href=\"https:\/\/www.icab.eu\/force\/icab_ps.htm\"><strong>Icab PS<\/strong><\/a><\/td>\n<td>G\u00e9n\u00e9ration des charges sismiques selon les PS92 et Eurocode 8, EN1998. <img decoding=\"async\" src=\"https:\/\/www.icab.eu\/force\/images\/logo_eurocodes_small.jpg\" width=\"89\" height=\"91\" border=\"0\" \/><\/td>\n<\/tr>\n<tr>\n<td valign=\"top\" width=\"150\"><a href=\"https:\/\/www.icab.eu\/force\/icab_dyn.htm\"><strong>Icab Dyn<\/strong><\/a><\/td>\n<td>Modes de flambements g\u00e9n\u00e9ralis\u00e9s et analyse modale dynamique avec ou sans pr\u00e9contrainte. Analyses statiques non-lin\u00e9aires pour grands d\u00e9placements.<\/td>\n<\/tr>\n<tr>\n<td valign=\"top\" width=\"150\"><a href=\"https:\/\/www.icab.eu\/force\/icab_surf.htm\"><strong>Icab Surf<\/strong><\/a><\/td>\n<td>Extensions pour coques<\/td>\n<\/tr>\n<tr>\n<td valign=\"top\" width=\"150\"><a href=\"https:\/\/www.icab.eu\/force\/icab_surf.htm\"><strong>Icab Composite<\/strong><\/a><\/td>\n<td>Extensions mat\u00e9riaux composites<br \/>\n(compl\u00e9ment pour ICAB Composite)<\/td>\n<\/tr>\n<tr>\n<td valign=\"top\" width=\"150\"><a href=\"https:\/\/www.icab.eu\/force\/icab_asm.htm\"><strong>Icab Assemblages<\/strong><\/a><\/td>\n<td>Conception et v\u00e9rifications des assemblages en construction m\u00e9tallique<\/td>\n<\/tr>\n<\/tbody>\n<\/table>\n<p>Par ailleurs, d&rsquo;autres simulations num\u00e9riques sont possibles gr\u00e2ce aux <a href=\"https:\/\/www.icab.eu\/force\/services.htm\">d\u00e9veloppements sp\u00e9ciaux<\/a>.<\/p>\n","protected":false},"excerpt":{"rendered":"<p>ICAB version 6 nouveaut\u00e9s ICAB 6 Installation Icab Force ICAB Force est le coeur des logiciels ICAB de calcul de structure, d\u00e9clin\u00e9 selon la taille des mod\u00e8les en: version Initiation,\u00a0 brid\u00e9e pour calculer des structures jusqu&rsquo;\u00e0 150 entit\u00e9s (*). version professionnelle peut calculer des structures de taille illimit\u00e9e (jusqu&rsquo;\u00e0 saturation des ressources de l&rsquo;ordinateur). version [&hellip;]<\/p>\n","protected":false},"author":2,"featured_media":0,"parent":0,"menu_order":0,"comment_status":"closed","ping_status":"closed","template":"","meta":{"_bbp_topic_count":0,"_bbp_reply_count":0,"_bbp_total_topic_count":0,"_bbp_total_reply_count":0,"_bbp_voice_count":0,"_bbp_anonymous_reply_count":0,"_bbp_topic_count_hidden":0,"_bbp_reply_count_hidden":0,"_bbp_forum_subforum_count":0,"footnotes":""},"class_list":["post-132","page","type-page","status-publish","hentry"],"_links":{"self":[{"href":"https:\/\/icab.eu\/pro\/wp-json\/wp\/v2\/pages\/132","targetHints":{"allow":["GET"]}}],"collection":[{"href":"https:\/\/icab.eu\/pro\/wp-json\/wp\/v2\/pages"}],"about":[{"href":"https:\/\/icab.eu\/pro\/wp-json\/wp\/v2\/types\/page"}],"author":[{"embeddable":true,"href":"https:\/\/icab.eu\/pro\/wp-json\/wp\/v2\/users\/2"}],"replies":[{"embeddable":true,"href":"https:\/\/icab.eu\/pro\/wp-json\/wp\/v2\/comments?post=132"}],"version-history":[{"count":12,"href":"https:\/\/icab.eu\/pro\/wp-json\/wp\/v2\/pages\/132\/revisions"}],"predecessor-version":[{"id":521,"href":"https:\/\/icab.eu\/pro\/wp-json\/wp\/v2\/pages\/132\/revisions\/521"}],"wp:attachment":[{"href":"https:\/\/icab.eu\/pro\/wp-json\/wp\/v2\/media?parent=132"}],"curies":[{"name":"wp","href":"https:\/\/api.w.org\/{rel}","templated":true}]}}