{"id":182,"date":"2019-07-27T05:14:08","date_gmt":"2019-07-27T03:14:08","guid":{"rendered":"https:\/\/icab.eu\/pro\/?page_id=182"},"modified":"2021-10-14T15:34:21","modified_gmt":"2021-10-14T13:34:21","slug":"liens","status":"publish","type":"page","link":"https:\/\/icab.eu\/pro\/liens\/","title":{"rendered":"Liens utiles &#8211; r\u00e9f\u00e9rences"},"content":{"rendered":"<div id=\"ez-toc-container\" class=\"ez-toc-v2_0_81 counter-hierarchy ez-toc-counter ez-toc-grey ez-toc-container-direction\">\n<p class=\"ez-toc-title\" style=\"cursor:inherit\">Sommaire<\/p>\n<label for=\"ez-toc-cssicon-toggle-item-69ed3600ef7b2\" class=\"ez-toc-cssicon-toggle-label\"><span class=\"\"><span class=\"eztoc-hide\" style=\"display:none;\">Toggle<\/span><span class=\"ez-toc-icon-toggle-span\"><svg style=\"fill: #999;color:#999\" xmlns=\"http:\/\/www.w3.org\/2000\/svg\" class=\"list-377408\" width=\"20px\" height=\"20px\" viewBox=\"0 0 24 24\" fill=\"none\"><path d=\"M6 6H4v2h2V6zm14 0H8v2h12V6zM4 11h2v2H4v-2zm16 0H8v2h12v-2zM4 16h2v2H4v-2zm16 0H8v2h12v-2z\" fill=\"currentColor\"><\/path><\/svg><svg style=\"fill: #999;color:#999\" class=\"arrow-unsorted-368013\" xmlns=\"http:\/\/www.w3.org\/2000\/svg\" width=\"10px\" height=\"10px\" viewBox=\"0 0 24 24\" version=\"1.2\" baseProfile=\"tiny\"><path d=\"M18.2 9.3l-6.2-6.3-6.2 6.3c-.2.2-.3.4-.3.7s.1.5.3.7c.2.2.4.3.7.3h11c.3 0 .5-.1.7-.3.2-.2.3-.5.3-.7s-.1-.5-.3-.7zM5.8 14.7l6.2 6.3 6.2-6.3c.2-.2.3-.5.3-.7s-.1-.5-.3-.7c-.2-.2-.4-.3-.7-.3h-11c-.3 0-.5.1-.7.3-.2.2-.3.5-.3.7s.1.5.3.7z\"\/><\/svg><\/span><\/span><\/label><input type=\"checkbox\"  id=\"ez-toc-cssicon-toggle-item-69ed3600ef7b2\"  aria-label=\"Toggle\" \/><nav><ul class='ez-toc-list ez-toc-list-level-1 ' ><li class='ez-toc-page-1 ez-toc-heading-level-1'><a class=\"ez-toc-link ez-toc-heading-1\" href=\"https:\/\/icab.eu\/pro\/liens\/#Organismes_de_normalisation\" >Organismes de normalisation<\/a><ul class='ez-toc-list-level-2' ><li class='ez-toc-heading-level-2'><a class=\"ez-toc-link ez-toc-heading-2\" href=\"https:\/\/icab.eu\/pro\/liens\/#Organismes_nationaux\" >Organismes nationaux<\/a><\/li><li class='ez-toc-page-1 ez-toc-heading-level-2'><a class=\"ez-toc-link ez-toc-heading-3\" href=\"https:\/\/icab.eu\/pro\/liens\/#Organismes_specialises\" >Organismes sp\u00e9cialis\u00e9s<\/a><\/li><li class='ez-toc-page-1 ez-toc-heading-level-2'><a class=\"ez-toc-link ez-toc-heading-4\" href=\"https:\/\/icab.eu\/pro\/liens\/#Organisations_reconnues_au_niveau_international\" >Organisations reconnues au niveau international<\/a><\/li><\/ul><\/li><li class='ez-toc-page-1 ez-toc-heading-level-1'><a class=\"ez-toc-link ez-toc-heading-5\" href=\"https:\/\/icab.eu\/pro\/liens\/#Guides\" >Guides<\/a><ul class='ez-toc-list-level-2' ><li class='ez-toc-heading-level-2'><a class=\"ez-toc-link ez-toc-heading-6\" href=\"https:\/\/icab.eu\/pro\/liens\/#marches_publics\" >march\u00e9s publics<\/a><\/li><li class='ez-toc-page-1 ez-toc-heading-level-2'><a class=\"ez-toc-link ez-toc-heading-7\" href=\"https:\/\/icab.eu\/pro\/liens\/#Acier\" >Acier<\/a><\/li><li class='ez-toc-page-1 ez-toc-heading-level-2'><a class=\"ez-toc-link ez-toc-heading-8\" href=\"https:\/\/icab.eu\/pro\/liens\/#Beton\" >B\u00e9ton<\/a><\/li><\/ul><\/li><li class='ez-toc-page-1 ez-toc-heading-level-1'><a class=\"ez-toc-link ez-toc-heading-9\" href=\"https:\/\/icab.eu\/pro\/liens\/#Editeurs_scientifiques_et_techniques\" >Editeurs scientifiques et techniques<\/a><\/li><\/ul><\/nav><\/div>\n<p>&nbsp;<\/p>\n<h1><span class=\"ez-toc-section\" id=\"Organismes_de_normalisation\"><\/span>Organismes de normalisation<span class=\"ez-toc-section-end\"><\/span><\/h1>\n<p><a href=\"https:\/\/www.boutique.afnor.org\/normes\">https:\/\/www.boutique.afnor.org\/normes<\/a> liste des normes AFNOR<\/p>\n<p>CEN\/TC 250 &#8211; <a href=\"https:\/\/standards.cen.eu\/dyn\/www\/f?p=204:29:0::::FSP_ORG_ID,FSP_LANG_ID:6231,25&amp;cs=130C8040DA4C09A839357B696A32C2E12#1\">Structural Eurocodes<\/a><\/p>\n<table width=\"40%\">\n<tbody>\n<tr>\n<td>\n<h2><span class=\"ez-toc-section\" id=\"Organismes_nationaux\"><\/span><b>Organismes nationaux<\/b><span class=\"ez-toc-section-end\"><\/span><\/h2>\n<\/td>\n<\/tr>\n<\/tbody>\n<\/table>\n<p><a href=\"http:\/\/www.aenor.es\/\">AENOR<\/a> : Asociacion Espanola de Normalizacion y Certificacion (Espagne)<br \/>\n<a href=\"http:\/\/www.afnor.fr\/\">AFNOR<\/a> : Association Fran\u00e7aise de Normalisation<br \/>\n<a href=\"http:\/\/www.ansi.org\/\">ANSI<\/a> : American National Standards Institute (USA)<br \/>\n<a href=\"http:\/\/www.bsi-global.com\/\">BSI<\/a> : British Standards Institution<br \/>\n<a href=\"http:\/\/www.cen.eu\/\">CEN<\/a> : European committee for Standardization<br \/>\n<a href=\"http:\/\/www.csa.ca\/\">CSA<\/a> : Canadian Standards Association<br \/>\n<a href=\"http:\/\/www.din.de\/\">DIN<\/a> : Deutsches Institut f\u00fcr Normung (Allemagne)<br \/>\n<a href=\"http:\/\/www.uni.com\/\">EIN<\/a> : Enti Italiani di Normazione (Italie)<br \/>\n<a href=\"https:\/\/www.nbn.be\/\">NBN<\/a> Bureau Belge de Normalisation<br \/>\n<a href=\"https:\/\/www.nen.nl\/\">NEN<\/a> : Nederlands Normalisatie Instituut (Pays-Bas)<br \/>\n<a href=\"http:\/\/www.european-patent-office.org\/espacenet\/info\/index_f.htm\">Esp@cenet<\/a> : European patent information<\/p>\n<table width=\"40%\">\n<tbody>\n<tr>\n<td>\n<h2><span class=\"ez-toc-section\" id=\"Organismes_specialises\"><\/span><b>Organismes sp\u00e9cialis\u00e9s<\/b><span class=\"ez-toc-section-end\"><\/span><\/h2>\n<\/td>\n<\/tr>\n<\/tbody>\n<\/table>\n<p><a href=\"http:\/\/www.acm.org\/tsc\/\">ACM<\/a> : Association Computing Machinery Technical standards committee<br \/>\n<a href=\"http:\/\/aessec.aessc.aes.org\/\">AES<\/a> : Audio Engineering Society standards and drafts<br \/>\n<a href=\"http:\/\/asa.aip.org\/map_standards.html\">ASA<\/a> : Acoustical Standards<br \/>\n<a href=\"http:\/\/www.astm.org\/\">ASTM<\/a> : American Society for Testing and Materials<br \/>\n<a href=\"http:\/\/www.atmforum.com\/\">ATM Forum<\/a> : technical specifications<br \/>\n<a href=\"http:\/\/www.ccsds.org\/\">CCSDS<\/a> :\u00a0 Consultative Committee for Space Data Systems<br \/>\n<a href=\"http:\/\/www.cenelec.org\/\">CENELEC<\/a> : European Committee for Electrotechnical Standardization<br \/>\n<a href=\"http:\/\/www.cidect.com\/\">CIDECT<\/a> : Comit\u00e9 International pour le D\u00e9veloppement et l&rsquo;Etude de la Construction Tubulaire<br \/>\n<a href=\"http:\/\/csrc.ncsl.nist.gov\/\">CSD<\/a> : Computer Security Resource center (NIST)<br \/>\n<a href=\"http:\/\/www.cstb.fr\/fr\/documentation\/\">CSTB<\/a> Centre Scientifique et Technique du B\u00e2timent<br \/>\n<a href=\"http:\/\/www.ecma-international.org\/\">ECMA<\/a> : Standardizing information and communication systems<br \/>\n<a href=\"http:\/\/www.ero.dk\/\">ECC<\/a> : Electronic Communications Committee (radiocommunication &amp; telecommunication office)<br \/>\n<a href=\"https:\/\/www.ffbatiment.fr\/\">FFB<\/a> F\u00e9d\u00e9ration Fran\u00e7aise du B\u00e2timent (<a href=\"https:\/\/www.ffbatiment.fr\/federation-francaise-du-batiment\/laffb\/mediatheque\/batimetiers.html?ID_ARTICLE=2193\">application des Eurocodes<\/a>)<br \/>\n<a href=\"http:\/\/www.ietf.org\/\">IETF<\/a> : Internet Engineering Task Force : Current Internet Drafts<br \/>\n<a href=\"http:\/\/www.isoc.org\/standards\/\">ISOC<\/a> : Internet Society<br \/>\n<a href=\"http:\/\/www.jedec.org\/\">JEDEC<\/a> : Joint Electron Device Engineering Council<br \/>\n<a href=\"http:\/\/www.niso.org\/\">NISO<\/a> : National Information Standards Organization<br \/>\n<a href=\"http:\/\/www.nist.gov\/\">NIST<\/a> : National Institute of Science and Technology (USA)<br \/>\n<a href=\"http:\/\/www.otua.org\/\">OTUA<\/a> : Office Technique pour l&rsquo;Utilisation de l&rsquo;Acier (<a href=\"https:\/\/www.construiracier.fr\/\">construiracier.fr<\/a> depuis 2008)<br \/>\n<a href=\"http:\/\/www.tiaonline.org\/standards\/\">TIA<\/a> : Telecommunication Industry Association<\/p>\n<table width=\"70%\">\n<tbody>\n<tr>\n<td>\n<h2><span class=\"ez-toc-section\" id=\"Organisations_reconnues_au_niveau_international\"><\/span><b>Organisations reconnues au niveau international<\/b><span class=\"ez-toc-section-end\"><\/span><\/h2>\n<\/td>\n<\/tr>\n<\/tbody>\n<\/table>\n<p><a href=\"http:\/\/www.iec.ch\/\">IEC\/CEI<\/a>: Commission \u00e9lectrotechnique internationale<br \/>\n<a href=\"http:\/\/www.iso.ch\/iso\/en\/ISOOnline.frontpage\">ISO catalogue<\/a> : International Organization for Standardization<br \/>\n<a href=\"http:\/\/www.itu.int\/publications\/\">ITU Publications<\/a> : International Telecommunication Union (UIT)<\/p>\n<h1><span class=\"ez-toc-section\" id=\"Guides\"><\/span>Guides<span class=\"ez-toc-section-end\"><\/span><\/h1>\n<h2><span class=\"ez-toc-section\" id=\"marches_publics\"><\/span>march\u00e9s publics<span class=\"ez-toc-section-end\"><\/span><\/h2>\n<p><a href=\"http:\/\/www.annuaire-mairie.fr\/\">http:\/\/www.annuaire-mairie.fr\/<\/a> communes avec cantons, altitude<\/p>\n<p><a href=\"http:\/\/www.marche-public.fr\/Marches-publics\/Definitions\/Entrees\/CCAG.htm\">http:\/\/www.marche-public.fr\/Marches-publics\/Definitions\/Entrees\/CCAG.htm<\/a><\/p>\n<p><a href=\"https:\/\/www.economie.gouv.fr\/daj\/cahiers-clauses-administratives-generales-et-techniques\">https:\/\/www.economie.gouv.fr\/daj\/cahiers-clauses-administratives-generales-et-techniques<\/a><\/p>\n<h2><span class=\"ez-toc-section\" id=\"Acier\"><\/span>Acier<span class=\"ez-toc-section-end\"><\/span><\/h2>\n<p><a href=\"https:\/\/www.cticm.com\/\">https:\/\/www.cticm.com\/<\/a> CTICM Centre Technique Industriel de la Construction m\u00e9tallique<\/p>\n<p><a href=\"https:\/\/www.construiracier.fr\/\">https:\/\/www.construiracier.fr\/<\/a>\u00a0 OTUA Office Technique pour l&rsquo;Utilisation de l&rsquo;Acier (<a href=\"https:\/\/www.construiracier.fr\/categorie-produit\/technique\/\">boutique<\/a>)<\/p>\n<p><a href=\"https:\/\/www.cidect.org\/design-guides\/\">https:\/\/www.cidect.org\/design-guides\/<\/a>\u00a0 Guides CIDECT tubes<\/p>\n<p>&nbsp;<\/p>\n<h2><span class=\"ez-toc-section\" id=\"Beton\"><\/span>B\u00e9ton<span class=\"ez-toc-section-end\"><\/span><\/h2>\n<p><a href=\"http:\/\/www.guidebeton.com\/\">http:\/\/www.guidebeton.com\/<\/a><\/p>\n<h1><span class=\"ez-toc-section\" id=\"Editeurs_scientifiques_et_techniques\"><\/span>Editeurs scientifiques et techniques<span class=\"ez-toc-section-end\"><\/span><\/h1>\n<p>Eyrolles : <a href=\"http:\/\/www.eyrolles.com\">www.eyrolles.com<\/a><br \/>\nLavoisier, Herm\u00e8s <a href=\"http:\/\/www.lavoisier.fr\">www.lavoisier.fr<\/a><\/p>\n","protected":false},"excerpt":{"rendered":"<p>&nbsp; Organismes de normalisation https:\/\/www.boutique.afnor.org\/normes liste des normes AFNOR CEN\/TC 250 &#8211; Structural Eurocodes Organismes nationaux AENOR : Asociacion Espanola de Normalizacion y Certificacion (Espagne) AFNOR : Association Fran\u00e7aise de Normalisation ANSI : American National Standards Institute (USA) BSI : British Standards Institution CEN : European committee for Standardization CSA : Canadian Standards Association DIN [&hellip;]<\/p>\n","protected":false},"author":2,"featured_media":0,"parent":0,"menu_order":0,"comment_status":"closed","ping_status":"closed","template":"","meta":{"_bbp_topic_count":0,"_bbp_reply_count":0,"_bbp_total_topic_count":0,"_bbp_total_reply_count":0,"_bbp_voice_count":0,"_bbp_anonymous_reply_count":0,"_bbp_topic_count_hidden":0,"_bbp_reply_count_hidden":0,"_bbp_forum_subforum_count":0,"footnotes":""},"class_list":["post-182","page","type-page","status-publish","hentry"],"_links":{"self":[{"href":"https:\/\/icab.eu\/pro\/wp-json\/wp\/v2\/pages\/182","targetHints":{"allow":["GET"]}}],"collection":[{"href":"https:\/\/icab.eu\/pro\/wp-json\/wp\/v2\/pages"}],"about":[{"href":"https:\/\/icab.eu\/pro\/wp-json\/wp\/v2\/types\/page"}],"author":[{"embeddable":true,"href":"https:\/\/icab.eu\/pro\/wp-json\/wp\/v2\/users\/2"}],"replies":[{"embeddable":true,"href":"https:\/\/icab.eu\/pro\/wp-json\/wp\/v2\/comments?post=182"}],"version-history":[{"count":16,"href":"https:\/\/icab.eu\/pro\/wp-json\/wp\/v2\/pages\/182\/revisions"}],"predecessor-version":[{"id":547,"href":"https:\/\/icab.eu\/pro\/wp-json\/wp\/v2\/pages\/182\/revisions\/547"}],"wp:attachment":[{"href":"https:\/\/icab.eu\/pro\/wp-json\/wp\/v2\/media?parent=182"}],"curies":[{"name":"wp","href":"https:\/\/api.w.org\/{rel}","templated":true}]}}