{"id":2,"date":"2019-02-27T14:46:24","date_gmt":"2019-02-27T13:46:24","guid":{"rendered":"http:\/\/icab.eu\/pro\/?page_id=2"},"modified":"2019-04-26T15:21:53","modified_gmt":"2019-04-26T13:21:53","slug":"icab","status":"publish","type":"page","link":"https:\/\/icab.eu\/pro\/icab\/","title":{"rendered":"ICAB SAS"},"content":{"rendered":"<div id=\"ez-toc-container\" class=\"ez-toc-v2_0_81 counter-hierarchy ez-toc-counter ez-toc-grey ez-toc-container-direction\">\n<p class=\"ez-toc-title\" style=\"cursor:inherit\">Sommaire<\/p>\n<label for=\"ez-toc-cssicon-toggle-item-69ed2298e5381\" class=\"ez-toc-cssicon-toggle-label\"><span class=\"\"><span class=\"eztoc-hide\" style=\"display:none;\">Toggle<\/span><span class=\"ez-toc-icon-toggle-span\"><svg style=\"fill: #999;color:#999\" xmlns=\"http:\/\/www.w3.org\/2000\/svg\" class=\"list-377408\" width=\"20px\" height=\"20px\" viewBox=\"0 0 24 24\" fill=\"none\"><path d=\"M6 6H4v2h2V6zm14 0H8v2h12V6zM4 11h2v2H4v-2zm16 0H8v2h12v-2zM4 16h2v2H4v-2zm16 0H8v2h12v-2z\" fill=\"currentColor\"><\/path><\/svg><svg style=\"fill: #999;color:#999\" class=\"arrow-unsorted-368013\" xmlns=\"http:\/\/www.w3.org\/2000\/svg\" width=\"10px\" height=\"10px\" viewBox=\"0 0 24 24\" version=\"1.2\" baseProfile=\"tiny\"><path d=\"M18.2 9.3l-6.2-6.3-6.2 6.3c-.2.2-.3.4-.3.7s.1.5.3.7c.2.2.4.3.7.3h11c.3 0 .5-.1.7-.3.2-.2.3-.5.3-.7s-.1-.5-.3-.7zM5.8 14.7l6.2 6.3 6.2-6.3c.2-.2.3-.5.3-.7s-.1-.5-.3-.7c-.2-.2-.4-.3-.7-.3h-11c-.3 0-.5.1-.7.3-.2.2-.3.5-.3.7s.1.5.3.7z\"\/><\/svg><\/span><\/span><\/label><input type=\"checkbox\"  id=\"ez-toc-cssicon-toggle-item-69ed2298e5381\"  aria-label=\"Toggle\" \/><nav><ul class='ez-toc-list ez-toc-list-level-1 ' ><li class='ez-toc-page-1 ez-toc-heading-level-2'><a class=\"ez-toc-link ez-toc-heading-1\" href=\"https:\/\/icab.eu\/pro\/icab\/#La_societe_ICAB_bureau_de_calcul_de_structure_par_elements_finis\" >La soci\u00e9t\u00e9 ICAB, bureau de calcul de structure par \u00e9l\u00e9ments finis,<\/a><\/li><li class='ez-toc-page-1 ez-toc-heading-level-2'><a class=\"ez-toc-link ez-toc-heading-2\" href=\"https:\/\/icab.eu\/pro\/icab\/#Profil_de_lentreprise\" >Profil de l&rsquo;entreprise<\/a><ul class='ez-toc-list-level-3' ><li class='ez-toc-heading-level-3'><a class=\"ez-toc-link ez-toc-heading-3\" href=\"https:\/\/icab.eu\/pro\/icab\/#Concevez_vite_et_juste_par_la_methode_des_Elements_Finis\" >Concevez vite et juste par la m\u00e9thode des \u00c9l\u00e9ments Finis<\/a><\/li><li class='ez-toc-page-1 ez-toc-heading-level-3'><a class=\"ez-toc-link ez-toc-heading-4\" href=\"https:\/\/icab.eu\/pro\/icab\/#Logiciel_de_calculs_de_structures_par_la_methode_des_Elements_Finis_a_votre_portee\" >Logiciel de calculs de structures par la m\u00e9thode des \u00c9l\u00e9ments Finis \u00e0 votre port\u00e9e<\/a><\/li><li class='ez-toc-page-1 ez-toc-heading-level-3'><a class=\"ez-toc-link ez-toc-heading-5\" href=\"https:\/\/icab.eu\/pro\/icab\/#Choisissez_un_outil_qui_sadapte_a_vous\" >Choisissez un outil qui s&rsquo;adapte \u00e0 vous<\/a><\/li><li class='ez-toc-page-1 ez-toc-heading-level-3'><a class=\"ez-toc-link ez-toc-heading-6\" href=\"https:\/\/icab.eu\/pro\/icab\/#Garantissez_votre_investissement_en_choisissant_les_standards\" >Garantissez votre investissement en choisissant les standards<\/a><\/li><li class='ez-toc-page-1 ez-toc-heading-level-3'><a class=\"ez-toc-link ez-toc-heading-7\" href=\"https:\/\/icab.eu\/pro\/icab\/#Adapte_aux_specialisations_metiers\" >Adapt\u00e9 aux sp\u00e9cialisations m\u00e9tiers<\/a><\/li><\/ul><\/li><\/ul><\/nav><\/div>\n\r\n<h2 class=\"wp-block-heading\"><span class=\"ez-toc-section\" id=\"La_societe_ICAB_bureau_de_calcul_de_structure_par_elements_finis\"><\/span>La soci\u00e9t\u00e9 ICAB, bureau de calcul de structure par \u00e9l\u00e9ments finis,<span class=\"ez-toc-section-end\"><\/span><\/h2>\r\n\r\n\r\n\r\n<ol class=\"wp-block-list\">\r\n<li>d\u00e9veloppe et commercialise des <a href=\"http:\/\/www.icab.fr\/icab.htm\">logiciels<\/a> de calcul de structure sous Windows<\/li>\r\n<li>assure des formations et l&rsquo;assistance des utilisateurs des logiciels ICAB<\/li>\r\n<li>propose des prestations de <a href=\"http:\/\/www.icab.fr\/services.htm\">services<\/a> pour l&rsquo;\u00e9tablissement de notes de calculs.<\/li>\r\n<li>fournit un <a href=\"http:\/\/www.icab.fr\/news.htm\">standard de diffusion des notes de calcul<\/a><\/li>\r\n<li>met en ligne un <a href=\"http:\/\/www.icab.fr\/guide\/index.php\">guide de conception de calcul de structures<\/a><\/li>\r\n<\/ol>\r\n\r\n\r\n\r\n<h2 class=\"wp-block-heading\"><span class=\"ez-toc-section\" id=\"Profil_de_lentreprise\"><\/span>Profil de l&rsquo;entreprise<span class=\"ez-toc-section-end\"><\/span><\/h2>\r\n\r\n\r\n\r\n<p>Pour les bureaux d&rsquo;\u00e9tudes, ICAB propose au meilleur prix, des logiciels de calcul de structure fonctionnant sur des ordinateurs utilisant le syst\u00e8me informatique le plus r\u00e9pandu, mettant \u00e0 votre disposition des techniques tr\u00e8s longtemps r\u00e9serv\u00e9es \u00e0 des d\u00e9partements de recherche. Les logiciels de calculs de structures permettent d&rsquo;estimer la r\u00e9sistance de mat\u00e9riaux tr\u00e8s divers: m\u00e9tal tel que l&rsquo;acier ou l&rsquo;aluminium, le bois, le b\u00e9ton, les mat\u00e9riaux composites lamin\u00e9s et stratifi\u00e9s (fibre de carbone, fibre de verre, polyester&#8230;).<\/p>\r\n\r\n\r\n\r\n<h3 class=\"wp-block-heading\"><span class=\"ez-toc-section\" id=\"Concevez_vite_et_juste_par_la_methode_des_Elements_Finis\"><\/span>Concevez vite et juste par la m\u00e9thode des \u00c9l\u00e9ments Finis<span class=\"ez-toc-section-end\"><\/span><\/h3>\r\n\r\n\r\n\r\n<p>La m\u00e9thode des \u00e9l\u00e9ments finis est une m\u00e9thode num\u00e9rique qui permet de pr\u00e9voir le comportement de structures avant leur r\u00e9alisation effective.<\/p>\r\n\r\n\r\n\r\n<p>Ainsi, le bureau d&rsquo;\u00e9tude charg\u00e9 de la conception et des plans d&rsquo;\u00e9tudes et de r\u00e9alisation de l&rsquo;ouvrage simule les chargements normalis\u00e9s neige-vent. Ces calculs de structure n&rsquo;ont pas besoin d&rsquo;\u00eatre sous-trait\u00e9s \u00e0 un bureau ext\u00e9rieur. On peut ainsi mener simultan\u00e9ment \u00e9tudes, dimensionnement par le calcul et l&rsquo;\u00e9tablissement des prix. Le dimensionnement du b\u00e2timent est ainsi rapidement obtenu et le devis du chantier s&rsquo;\u00e9tablit sur des bases justes. Le cahier des charges est respect\u00e9 et la composition du prix est parfaitement justifi\u00e9e et justifiable.<\/p>\r\n\r\n\r\n\r\n<h3 class=\"wp-block-heading\"><span class=\"ez-toc-section\" id=\"Logiciel_de_calculs_de_structures_par_la_methode_des_Elements_Finis_a_votre_portee\"><\/span>Logiciel de calculs de structures par la m\u00e9thode des \u00c9l\u00e9ments Finis \u00e0 votre port\u00e9e<span class=\"ez-toc-section-end\"><\/span><\/h3>\r\n\r\n\r\n\r\n<p>A partir des ann\u00e9es 60\/70, la m\u00e9thode des \u00c9l\u00e9ments Finis a \u00e9t\u00e9 utilis\u00e9e pour la r\u00e9alisation de grands projets de l&rsquo;industrie (espace, nucl\u00e9aire).<\/p>\r\n\r\n\r\n\r\n<p>Dans les ann\u00e9es 80, les grandes entreprises se dotent d&rsquo;ordinateurs centraux et d\u00e9veloppent les calculs de structures avec la m\u00e9thode des \u00c9l\u00e9ments Finis pour des r\u00e9alisations industrielles (a\u00e9ronautique, automobile).<\/p>\r\n\r\n\r\n\r\n<p>Ces techniques sont maintenant \u00e0 votre port\u00e9e avec tout ordinateur fonctionnant sous Windows.<\/p>\r\n\r\n\r\n\r\n<h3 class=\"wp-block-heading\"><span class=\"ez-toc-section\" id=\"Choisissez_un_outil_qui_sadapte_a_vous\"><\/span>Choisissez un outil qui s&rsquo;adapte \u00e0 vous<span class=\"ez-toc-section-end\"><\/span><\/h3>\r\n\r\n\r\n\r\n<p>Les applications ICAB utilisent l&rsquo;interface graphique Windows, qui offre une prise en main rapide, intuitive et coh\u00e9rente de la puissance offerte par un ordinateur.<\/p>\r\n\r\n\r\n\r\n<p>Si vous utilisez un logiciel pour Windows (traitement de texte, tableur), vous \u00eates d\u00e9j\u00e0 familier de l&rsquo;environnement des applications ICAB.<\/p>\r\n\r\n\r\n\r\n<p>Sous Windows, vous avez une seule application pour cr\u00e9er, modifier, calculer, visualiser une ou plusieurs structures simultan\u00e9ment.<\/p>\r\n\r\n\r\n\r\n<h3 class=\"wp-block-heading\"><span class=\"ez-toc-section\" id=\"Garantissez_votre_investissement_en_choisissant_les_standards\"><\/span>Garantissez votre investissement en choisissant les standards<span class=\"ez-toc-section-end\"><\/span><\/h3>\r\n\r\n\r\n\r\n<p>Les applications ICAB fonctionnent sur tout ordinateur PC ou compatible utilisant Windows (3.1, 95\/98\/NT\/2000\/XP\/Vista\/7\/8).<\/p>\r\n\r\n\r\n\r\n<p>La m\u00e9thode des \u00c9l\u00e9ments Finis peut pratiquement \u00eatre utilis\u00e9e pour toutes les r\u00e9alisations techniques. Un jour ou l&rsquo;autre, vous l&#8217;emploierez.<\/p>\r\n\r\n\r\n\r\n<p>ICAB vous ouvre les portes de la CFAO par l&rsquo;utilisation des formats de fichiers d&rsquo;\u00e9change les mieux reconnus: IGES, DXF, Universel.<\/p>\r\n\r\n\r\n\r\n<p>Les donn\u00e9es et les r\u00e9sultats pour les notes de calculs sont disponibles au format ASCII (utilisable par tout traitement de texte), au format Lotus WKS (feuille de calcul \u00e9ditable avec tableur) et MicroSoft Office\/Word.<\/p>\r\n\r\n\r\n\r\n<h3 class=\"wp-block-heading\"><span class=\"ez-toc-section\" id=\"Adapte_aux_specialisations_metiers\"><\/span>Adapt\u00e9 aux sp\u00e9cialisations m\u00e9tiers<span class=\"ez-toc-section-end\"><\/span><\/h3>\r\n\r\n\r\n\r\n<p>Les r\u00e8gles utilis\u00e9es en calcul de structures pour la v\u00e9rification des elements de type poutre, plaque, coque, assemblage, appliquent les normes en usage en m\u00e9tal acier, aluminium, bois (DTU CM66, CB71, BAEL91, <a href=\"http:\/\/www.eurocode1.com\/\">Eurocode<\/a>, AISC) avec des d\u00e9veloppements pour le b\u00e9ton et les mat\u00e9riaux en composite.<\/p>\r\n\r\n\r\n\r\n<p>Les chargements selon Eurocodes incluent les <a href=\"http:\/\/www.icab.fr\/guide\/eurocode\/en1991-1-3\/\">charges de neige<\/a>, les <a href=\"http:\/\/www.icab.fr\/guide\/eurocode\/en1991-1-4\/\">actions du vent<\/a>, les sollicitations <a href=\"http:\/\/www.icab.fr\/guide\/eurocode\/en1998\/\">sismiques<\/a> avec combinaisons \u00e9l\u00e9mentaires, caract\u00e9ristiques, fr\u00e9quentes et quasi-permantents selon l&rsquo;Eurocode EN1990 en mode automatique ou avec coefficients de combinaison choisis par l&rsquo;utilisateur.<\/p>\r\n\r\n\r\n\r\n<p>Les domaines d&rsquo;applications insdustrielles sont multiques: <a href=\"http:\/\/www.icab.fr\/force\/demo\/portique07.htm\">constructions m\u00e9talliques<\/a>, hydraulique, <a href=\"http:\/\/www.icab.fr\/force\/demo\/pylone.htm\">t\u00e9l\u00e9communication<\/a><\/p>\r\n","protected":false},"excerpt":{"rendered":"<p>La soci\u00e9t\u00e9 ICAB, bureau de calcul de structure par \u00e9l\u00e9ments finis, d\u00e9veloppe et commercialise des logiciels de calcul de structure sous Windows assure des formations et l&rsquo;assistance des utilisateurs des logiciels ICAB propose des prestations de services pour l&rsquo;\u00e9tablissement de notes de calculs. fournit un standard de diffusion des notes de calcul met en ligne [&hellip;]<\/p>\n","protected":false},"author":2,"featured_media":0,"parent":0,"menu_order":0,"comment_status":"closed","ping_status":"closed","template":"","meta":{"_bbp_topic_count":0,"_bbp_reply_count":0,"_bbp_total_topic_count":0,"_bbp_total_reply_count":0,"_bbp_voice_count":0,"_bbp_anonymous_reply_count":0,"_bbp_topic_count_hidden":0,"_bbp_reply_count_hidden":0,"_bbp_forum_subforum_count":0,"footnotes":""},"class_list":["post-2","page","type-page","status-publish","hentry"],"_links":{"self":[{"href":"https:\/\/icab.eu\/pro\/wp-json\/wp\/v2\/pages\/2","targetHints":{"allow":["GET"]}}],"collection":[{"href":"https:\/\/icab.eu\/pro\/wp-json\/wp\/v2\/pages"}],"about":[{"href":"https:\/\/icab.eu\/pro\/wp-json\/wp\/v2\/types\/page"}],"author":[{"embeddable":true,"href":"https:\/\/icab.eu\/pro\/wp-json\/wp\/v2\/users\/2"}],"replies":[{"embeddable":true,"href":"https:\/\/icab.eu\/pro\/wp-json\/wp\/v2\/comments?post=2"}],"version-history":[{"count":9,"href":"https:\/\/icab.eu\/pro\/wp-json\/wp\/v2\/pages\/2\/revisions"}],"predecessor-version":[{"id":116,"href":"https:\/\/icab.eu\/pro\/wp-json\/wp\/v2\/pages\/2\/revisions\/116"}],"wp:attachment":[{"href":"https:\/\/icab.eu\/pro\/wp-json\/wp\/v2\/media?parent=2"}],"curies":[{"name":"wp","href":"https:\/\/api.w.org\/{rel}","templated":true}]}}