{"id":213,"date":"2019-10-05T19:53:25","date_gmt":"2019-10-05T17:53:25","guid":{"rendered":"https:\/\/icab.eu\/pro\/?page_id=213"},"modified":"2023-06-25T06:32:32","modified_gmt":"2023-06-25T04:32:32","slug":"icabforce6","status":"publish","type":"page","link":"https:\/\/icab.eu\/pro\/icab-force\/icabforce6\/","title":{"rendered":"icabforce6"},"content":{"rendered":"<div id=\"ez-toc-container\" class=\"ez-toc-v2_0_81 counter-hierarchy ez-toc-counter ez-toc-grey ez-toc-container-direction\">\n<p class=\"ez-toc-title\" style=\"cursor:inherit\">Sommaire<\/p>\n<label for=\"ez-toc-cssicon-toggle-item-69ed0e92140f0\" class=\"ez-toc-cssicon-toggle-label\"><span class=\"\"><span class=\"eztoc-hide\" style=\"display:none;\">Toggle<\/span><span class=\"ez-toc-icon-toggle-span\"><svg style=\"fill: #999;color:#999\" xmlns=\"http:\/\/www.w3.org\/2000\/svg\" class=\"list-377408\" width=\"20px\" height=\"20px\" viewBox=\"0 0 24 24\" fill=\"none\"><path d=\"M6 6H4v2h2V6zm14 0H8v2h12V6zM4 11h2v2H4v-2zm16 0H8v2h12v-2zM4 16h2v2H4v-2zm16 0H8v2h12v-2z\" fill=\"currentColor\"><\/path><\/svg><svg style=\"fill: #999;color:#999\" class=\"arrow-unsorted-368013\" xmlns=\"http:\/\/www.w3.org\/2000\/svg\" width=\"10px\" height=\"10px\" viewBox=\"0 0 24 24\" version=\"1.2\" baseProfile=\"tiny\"><path d=\"M18.2 9.3l-6.2-6.3-6.2 6.3c-.2.2-.3.4-.3.7s.1.5.3.7c.2.2.4.3.7.3h11c.3 0 .5-.1.7-.3.2-.2.3-.5.3-.7s-.1-.5-.3-.7zM5.8 14.7l6.2 6.3 6.2-6.3c.2-.2.3-.5.3-.7s-.1-.5-.3-.7c-.2-.2-.4-.3-.7-.3h-11c-.3 0-.5.1-.7.3-.2.2-.3.5-.3.7s.1.5.3.7z\"\/><\/svg><\/span><\/span><\/label><input type=\"checkbox\"  id=\"ez-toc-cssicon-toggle-item-69ed0e92140f0\"  aria-label=\"Toggle\" \/><nav><ul class='ez-toc-list ez-toc-list-level-1 ' ><li class='ez-toc-page-1 ez-toc-heading-level-1'><a class=\"ez-toc-link ez-toc-heading-1\" href=\"https:\/\/icab.eu\/pro\/icab-force\/icabforce6\/#ICAB_Force_60\" >ICAB Force 6.0<\/a><ul class='ez-toc-list-level-2' ><li class='ez-toc-heading-level-2'><a class=\"ez-toc-link ez-toc-heading-2\" href=\"https:\/\/icab.eu\/pro\/icab-force\/icabforce6\/#Version_60_%E2%80%93_version_64_bits_clef_numerique_Internet\" >Version 6.0 &#8211; version 64 bits clef num\u00e9rique Internet<\/a><\/li><li class='ez-toc-page-1 ez-toc-heading-level-2'><a class=\"ez-toc-link ez-toc-heading-3\" href=\"https:\/\/icab.eu\/pro\/icab-force\/icabforce6\/#Version_60_%E2%80%93_version_32_bits_compatible_clef_USB\" >Version 6.0 &#8211; version 32 bits compatible clef USB<\/a><\/li><\/ul><\/li><li class='ez-toc-page-1 ez-toc-heading-level-1'><a class=\"ez-toc-link ez-toc-heading-4\" href=\"https:\/\/icab.eu\/pro\/icab-force\/icabforce6\/#Mise_a_jour_60\" >Mise \u00e0 jour 6.0<\/a><ul class='ez-toc-list-level-2' ><li class='ez-toc-heading-level-2'><a class=\"ez-toc-link ez-toc-heading-5\" href=\"https:\/\/icab.eu\/pro\/icab-force\/icabforce6\/#Activation_de_clef_Internet\" >Activation de clef Internet<\/a><\/li><li class='ez-toc-page-1 ez-toc-heading-level-2'><a class=\"ez-toc-link ez-toc-heading-6\" href=\"https:\/\/icab.eu\/pro\/icab-force\/icabforce6\/#Installation_complementaire_MFC_Microsoft\" >Installation compl\u00e9mentaire MFC (Microsoft)<\/a><\/li><\/ul><\/li><li class='ez-toc-page-1 ez-toc-heading-level-1'><a class=\"ez-toc-link ez-toc-heading-7\" href=\"https:\/\/icab.eu\/pro\/icab-force\/icabforce6\/#Nouveautes_version_6\" >Nouveaut\u00e9s version 6<\/a><ul class='ez-toc-list-level-2' ><li class='ez-toc-heading-level-2'><a class=\"ez-toc-link ez-toc-heading-8\" href=\"https:\/\/icab.eu\/pro\/icab-force\/icabforce6\/#tableau_de_resultats_a_lecran_au_format_RTF\" >tableau de r\u00e9sultats \u00e0 l&rsquo;\u00e9cran au format RTF<\/a><\/li><li class='ez-toc-page-1 ez-toc-heading-level-2'><a class=\"ez-toc-link ez-toc-heading-9\" href=\"https:\/\/icab.eu\/pro\/icab-force\/icabforce6\/#Extensions\" >Extensions<\/a><\/li><\/ul><\/li><li class='ez-toc-page-1 ez-toc-heading-level-1'><a class=\"ez-toc-link ez-toc-heading-10\" href=\"https:\/\/icab.eu\/pro\/icab-force\/icabforce6\/#Manuels\" >Manuels<\/a><\/li><\/ul><\/nav><\/div>\n<h1><span class=\"ez-toc-section\" id=\"ICAB_Force_60\"><\/span>ICAB Force 6.0<span class=\"ez-toc-section-end\"><\/span><\/h1>\n<p><a href=\"https:\/\/icab.eu\/pro\/icab-force\/icab-force-base\/\">ICAB Force Base<\/a><\/p>\n<p><a href=\"https:\/\/www.icab.eu\/download\/\">t\u00e9l\u00e9chargement<\/a> de mise \u00e0 jour et version d&rsquo;\u00e9valuation <a href=\"https:\/\/www.icab.eu\/download\/\"><img decoding=\"async\" class=\"wp-image-27 alignleft\" src=\"https:\/\/icab.eu\/pro\/wp-content\/uploads\/2019\/02\/icab_logo_bleu_eu-150x150.jpg\" alt=\"\" width=\"75\" height=\"75\" srcset=\"https:\/\/icab.eu\/pro\/wp-content\/uploads\/2019\/02\/icab_logo_bleu_eu-150x150.jpg 150w, https:\/\/icab.eu\/pro\/wp-content\/uploads\/2019\/02\/icab_logo_bleu_eu-300x300.jpg 300w, https:\/\/icab.eu\/pro\/wp-content\/uploads\/2019\/02\/icab_logo_bleu_eu.jpg 411w\" sizes=\"(max-width: 75px) 100vw, 75px\" \/><\/a><\/p>\n<p><a name=\"64bits\"><\/a><\/p>\n<h2><span class=\"ez-toc-section\" id=\"Version_60_%E2%80%93_version_64_bits_clef_numerique_Internet\"><\/span>Version 6.0 &#8211; version 64 bits clef num\u00e9rique Internet<span class=\"ez-toc-section-end\"><\/span><\/h2>\n<ul>\n<li>pas de driver compl\u00e9mentaire pour clef, version optimis\u00e9e pour Windows 10, 11<\/li>\n<li>licence avec clef num\u00e9rique sur Internet. L\u2019ordinateur est reli\u00e9 \u00e0 Internet pour que la licence soit active lors du lancement des calculs.<\/li>\n<li>cette version requiert les extensions Windows <strong><a href=\"https:\/\/support.microsoft.com\/fr-fr\/help\/2977003\/the-latest-supported-visual-c-downloads\">MFC<\/a><\/strong> 64bits: installation via <a href=\"https:\/\/icab.eu\/download\/compo\/vc_redist.x64.exe\"><strong>vc_redist.x64<\/strong> <\/a><\/li>\n<\/ul>\n<p><a name=\"32bits\"><\/a><\/p>\n<h2><span class=\"ez-toc-section\" id=\"Version_60_%E2%80%93_version_32_bits_compatible_clef_USB\"><\/span>Version 6.0 &#8211; version 32 bits compatible clef USB<span class=\"ez-toc-section-end\"><\/span><\/h2>\n<ul>\n<li><img decoding=\"async\" class=\"size-full wp-image-472 alignright\" src=\"https:\/\/icab.eu\/pro\/wp-content\/uploads\/2021\/02\/key_mini_blue.gif\" alt=\"\" width=\"165\" height=\"117\" \/>avec une clef USB, compatible avec utilisateurs ayant une version ICAB 5 ou ant\u00e9rieure; dans ce cas, l&rsquo;installation du <a href=\"https:\/\/www.icab.eu\/download\/?frame=component\"><strong>driver pour clef USB<\/strong> (Hasp User setup)<\/a> est requise sur un nouvel ordinateur.<\/li>\n<li>ou avec une clef num\u00e9rique sur Internet. L\u2019ordinateur est reli\u00e9 \u00e0 Internet pour que la licence soit active lors du lancement des calculs.<\/li>\n<li>cette version requiert les extensions Windows MFC 32bits: installation via <strong><a href=\"https:\/\/icab.eu\/download\/compo\/vc_redist.x86.exe\">vc_redist.x86 <\/a><\/strong><\/li>\n<\/ul>\n<p><a name=\"maj\"><\/a><\/p>\n<h1><span class=\"ez-toc-section\" id=\"Mise_a_jour_60\"><\/span>Mise \u00e0 jour 6.0<span class=\"ez-toc-section-end\"><\/span><\/h1>\n<p><a href=\"https:\/\/www.icab.eu\/download\/\">t\u00e9l\u00e9chargement<\/a><\/p>\n<h2><span class=\"ez-toc-section\" id=\"Activation_de_clef_Internet\"><\/span>Activation de clef Internet<span class=\"ez-toc-section-end\"><\/span><\/h2>\n<p>Lors du premier lancement ICAB 6, la licence Internet est activ\u00e9e via la bo\u00eete de dialogue \u00ab\u00a0<a href=\"https:\/\/www.icab.eu\/doc\/icabforce\/hid_app_about.htm\">A propos<\/a>\u00a0\u00bb<\/p>\n<p><a href=\"https:\/\/www.icab.eu\/doc\/icabforce\/hid_app_about.htm\"><img fetchpriority=\"high\" decoding=\"async\" class=\"alignnone wp-image-177 size-full\" src=\"https:\/\/icab.eu\/pro\/wp-content\/uploads\/2019\/07\/icab_about_wrong_licence.jpg\" alt=\"\" width=\"370\" height=\"321\" srcset=\"https:\/\/icab.eu\/pro\/wp-content\/uploads\/2019\/07\/icab_about_wrong_licence.jpg 370w, https:\/\/icab.eu\/pro\/wp-content\/uploads\/2019\/07\/icab_about_wrong_licence-300x260.jpg 300w\" sizes=\"(max-width: 370px) 100vw, 370px\" \/><\/a><\/p>\n<p>Cliquer sur le bouton \u00ab\u00a0Activer licence\u00a0\u00bb, l&rsquo;ordinateur doit \u00eatre connect\u00e9 \u00e0 Internet, puis relancer \u00e0 nouveau ICAB. L&rsquo;activation ne peut \u00eatre faite qu&rsquo;une fois par jour.<\/p>\n<h2><span class=\"ez-toc-section\" id=\"Installation_complementaire_MFC_Microsoft\"><\/span>Installation compl\u00e9mentaire MFC (<a href=\"https:\/\/support.microsoft.com\/fr-fr\/help\/2977003\/the-latest-supported-visual-c-downloads\"><strong>Microsoft<\/strong><\/a>)<span class=\"ez-toc-section-end\"><\/span><\/h2>\n<p>Si le message ci-dessous ou similaire apparait lors du lancement ICAB, les extensions Windows MFC sont requises.<\/p>\n<p><img loading=\"lazy\" decoding=\"async\" class=\"wp-image-172 size-full aligncenter\" src=\"https:\/\/icab.eu\/pro\/wp-content\/uploads\/2019\/07\/microsoft_erreur_mfc140.jpg\" alt=\"\" width=\"407\" height=\"152\" srcset=\"https:\/\/icab.eu\/pro\/wp-content\/uploads\/2019\/07\/microsoft_erreur_mfc140.jpg 407w, https:\/\/icab.eu\/pro\/wp-content\/uploads\/2019\/07\/microsoft_erreur_mfc140-300x112.jpg 300w\" sizes=\"(max-width: 407px) 100vw, 407px\" \/><img loading=\"lazy\" decoding=\"async\" class=\"size-medium wp-image-419 alignnone\" src=\"https:\/\/icab.eu\/pro\/wp-content\/uploads\/2020\/02\/erreur_MFC_vcruntime-300x121.png\" alt=\"\" width=\"300\" height=\"121\" srcset=\"https:\/\/icab.eu\/pro\/wp-content\/uploads\/2020\/02\/erreur_MFC_vcruntime-300x121.png 300w, https:\/\/icab.eu\/pro\/wp-content\/uploads\/2020\/02\/erreur_MFC_vcruntime.png 478w\" sizes=\"(max-width: 300px) 100vw, 300px\" \/><\/p>\n<table>\n<tbody>\n<tr>\n<td>Dans ce cas, t\u00e9l\u00e9chargez, puis ex\u00e9cutez en mode administrateur:<\/p>\n<ul>\n<li><a href=\"https:\/\/icab.eu\/download\/compo\/vc_redist.x64.exe\"><strong>vc_redist.x64.exe<\/strong><\/a>\u00a0 pour ICAB 6 version 64 bits<\/li>\n<li><strong><a href=\"https:\/\/icab.eu\/download\/compo\/vc_redist.x86.exe\">vc_redist.x86.exe <\/a><\/strong>pour ICAB 6 version 32 bits<\/li>\n<\/ul>\n<\/td>\n<\/tr>\n<\/tbody>\n<\/table>\n<p>Si l&rsquo;extension <strong><a href=\"https:\/\/support.microsoft.com\/fr-fr\/help\/2977003\/the-latest-supported-visual-c-downloads\">Windows MFC<\/a><\/strong> est d\u00e9j\u00e0 install\u00e9e, une mise \u00e0 jour est propos\u00e9e:<\/p>\n<p><img loading=\"lazy\" decoding=\"async\" class=\"alignnone size-medium wp-image-778\" src=\"https:\/\/icab.eu\/pro\/wp-content\/uploads\/2023\/06\/install_redistribuable_MFC_14-36-300x186.jpg\" alt=\"\" width=\"300\" height=\"186\" srcset=\"https:\/\/icab.eu\/pro\/wp-content\/uploads\/2023\/06\/install_redistribuable_MFC_14-36-300x186.jpg 300w, https:\/\/icab.eu\/pro\/wp-content\/uploads\/2023\/06\/install_redistribuable_MFC_14-36.jpg 481w\" sizes=\"(max-width: 300px) 100vw, 300px\" \/><\/p>\n<p>Dans la version ant\u00e9rieure 2019, il n&rsquo;\u00e9tait pas utile de lancer cette extension; le message ci-apr\u00e8s appara\u00eet:<\/p>\n<p><img loading=\"lazy\" decoding=\"async\" class=\"alignnone wp-image-173 size-medium\" src=\"https:\/\/icab.eu\/pro\/wp-content\/uploads\/2019\/07\/microsoft_vc_redist_echec-300x186.jpg\" alt=\"\" width=\"300\" height=\"186\" srcset=\"https:\/\/icab.eu\/pro\/wp-content\/uploads\/2019\/07\/microsoft_vc_redist_echec-300x186.jpg 300w, https:\/\/icab.eu\/pro\/wp-content\/uploads\/2019\/07\/microsoft_vc_redist_echec.jpg 481w\" sizes=\"(max-width: 300px) 100vw, 300px\" \/><br \/>\n<a name=\"new\"><\/a><\/p>\n<h1><span class=\"ez-toc-section\" id=\"Nouveautes_version_6\"><\/span>Nouveaut\u00e9s version 6<span class=\"ez-toc-section-end\"><\/span><\/h1>\n<h2><span class=\"ez-toc-section\" id=\"tableau_de_resultats_a_lecran_au_format_RTF\"><\/span>tableau de r\u00e9sultats \u00e0 l&rsquo;\u00e9cran au format RTF<span class=\"ez-toc-section-end\"><\/span><\/h2>\n<p>Les tableaux dans les bo\u00eetes de dialogue sont au format RTF. Pour copier\/coller leur contenu, cliquer dans la zone d&rsquo;\u00e9dition, s\u00e9lectionner le texte (touche \u00ab\u00a0Ctrl+A\u00a0\u00bb), aller dans le traitement de texte (Word, LibreOffice,&#8230;) et copier (\u00ab\u00a0Ctrl+C\u00a0\u00bb).<\/p>\n<p><img loading=\"lazy\" decoding=\"async\" class=\"alignnone wp-image-159 size-large\" src=\"https:\/\/icab.eu\/pro\/wp-content\/uploads\/2019\/06\/icab_dlginfo_list_steps_screen-1024x540.jpg\" alt=\"\" width=\"1024\" height=\"540\" srcset=\"https:\/\/icab.eu\/pro\/wp-content\/uploads\/2019\/06\/icab_dlginfo_list_steps_screen-1024x540.jpg 1024w, https:\/\/icab.eu\/pro\/wp-content\/uploads\/2019\/06\/icab_dlginfo_list_steps_screen-300x158.jpg 300w, https:\/\/icab.eu\/pro\/wp-content\/uploads\/2019\/06\/icab_dlginfo_list_steps_screen-768x405.jpg 768w, https:\/\/icab.eu\/pro\/wp-content\/uploads\/2019\/06\/icab_dlginfo_list_steps_screen-800x422.jpg 800w, https:\/\/icab.eu\/pro\/wp-content\/uploads\/2019\/06\/icab_dlginfo_list_steps_screen.jpg 1426w\" sizes=\"(max-width: 1024px) 100vw, 1024px\" \/><\/p>\n<ul>\n<li>copier\/coller de l&rsquo;\u00e9cran vers un \u00e9diteur de texte avec mise en forme des tableaux et mise en page<\/li>\n<li>version fonctionnant sans driver MsFlexGrid<\/li>\n<li>fen\u00eatre d&rsquo;\u00e9dition de r\u00e9sultats de taille modifiable \u00e0 l&rsquo;\u00e9cran<\/li>\n<\/ul>\n<p><img loading=\"lazy\" decoding=\"async\" class=\"alignnone wp-image-156 size-full\" src=\"https:\/\/icab.eu\/pro\/wp-content\/uploads\/2019\/06\/icab_dlginfo_list_steps.jpg\" alt=\"\" width=\"627\" height=\"944\" srcset=\"https:\/\/icab.eu\/pro\/wp-content\/uploads\/2019\/06\/icab_dlginfo_list_steps.jpg 627w, https:\/\/icab.eu\/pro\/wp-content\/uploads\/2019\/06\/icab_dlginfo_list_steps-199x300.jpg 199w\" sizes=\"(max-width: 627px) 100vw, 627px\" \/><\/p>\n<h2><span class=\"ez-toc-section\" id=\"Extensions\"><\/span>Extensions<span class=\"ez-toc-section-end\"><\/span><\/h2>\n<ul>\n<li>combinaisons de calcul \u00e9tendue \u00e0 9 cas de charge (limit\u00e9 \u00e0 7 avec la version 5)<\/li>\n<li>annotation et cotation sur les points du maillage en compl\u00e9ment des noeuds (v6.004)<\/li>\n<\/ul>\n<p><a name=\"doc\"><\/a><\/p>\n<h1><span class=\"ez-toc-section\" id=\"Manuels\"><\/span>Manuels<span class=\"ez-toc-section-end\"><\/span><\/h1>\n<table>\n<tbody>\n<tr>\n<td>manuels en ligne<\/td>\n<td><a href=\"https:\/\/www.icab.eu\/doc\/\">https:\/\/www.icab.eu\/doc\/<\/a><\/td>\n<\/tr>\n<tr>\n<td>manuel de l&rsquo;utilisateur<\/td>\n<td><a href=\"https:\/\/icab.eu\/doc\/icab_iu_force60.pdf\">icab_iu_force60.pdf<\/a><\/td>\n<\/tr>\n<tr>\n<td>manuel de r\u00e9f\u00e9rence de calcul<\/td>\n<td><a href=\"https:\/\/icab.eu\/doc\/icab_ir_fcr60.pdf\">icab_ir_fcr60.pdf<\/a><\/td>\n<\/tr>\n<tr>\n<td>manuel de r\u00e9f\u00e9rence des chargements climatiques<\/td>\n<td><a href=\"https:\/\/icab.eu\/doc\/icab_ir_nv60.pdf\">icab_ir_nv60.pdf<\/a><\/td>\n<\/tr>\n<tr>\n<td>manuel de r\u00e9f\u00e9rence des chargements sismiques<\/td>\n<td><a href=\"https:\/\/icab.eu\/doc\/icab_ir_seism60.pdf\">icab_ir_seism60.pdf<\/a><\/td>\n<\/tr>\n<tr>\n<td>manuel de l&rsquo;utilisateur du module coques<\/td>\n<td><a href=\"https:\/\/icab.eu\/doc\/icab_iu_fsurf60.pdf\">icab_iu_fsurf60.pdf<\/a><\/td>\n<\/tr>\n<tr>\n<td>manuel de r\u00e9f\u00e9rence des coques<\/td>\n<td><a href=\"https:\/\/icab.eu\/doc\/icab_ir_shl60.pdf\">icab_ir_shl60.pdf<\/a><\/td>\n<\/tr>\n<tr>\n<td>manuel de r\u00e9f\u00e9rence des fichiers IGA<\/td>\n<td><a href=\"https:\/\/icab.eu\/doc\/icab_ir_iga60.pdf\">icab_ir_iga60.pdf<\/a><\/td>\n<\/tr>\n<tr>\n<td><\/td>\n<\/tr>\n<\/tbody>\n<\/table>\n","protected":false},"excerpt":{"rendered":"<p>ICAB Force 6.0 ICAB Force Base t\u00e9l\u00e9chargement de mise \u00e0 jour et version d&rsquo;\u00e9valuation Version 6.0 &#8211; version 64 bits clef num\u00e9rique Internet pas de driver compl\u00e9mentaire pour clef, version optimis\u00e9e pour Windows 10, 11 licence avec clef num\u00e9rique sur Internet. L\u2019ordinateur est reli\u00e9 \u00e0 Internet pour que la licence soit active lors du lancement [&hellip;]<\/p>\n","protected":false},"author":2,"featured_media":25,"parent":132,"menu_order":0,"comment_status":"closed","ping_status":"closed","template":"","meta":{"_bbp_topic_count":0,"_bbp_reply_count":0,"_bbp_total_topic_count":0,"_bbp_total_reply_count":0,"_bbp_voice_count":0,"_bbp_anonymous_reply_count":0,"_bbp_topic_count_hidden":0,"_bbp_reply_count_hidden":0,"_bbp_forum_subforum_count":0,"footnotes":""},"class_list":["post-213","page","type-page","status-publish","has-post-thumbnail","hentry"],"_links":{"self":[{"href":"https:\/\/icab.eu\/pro\/wp-json\/wp\/v2\/pages\/213","targetHints":{"allow":["GET"]}}],"collection":[{"href":"https:\/\/icab.eu\/pro\/wp-json\/wp\/v2\/pages"}],"about":[{"href":"https:\/\/icab.eu\/pro\/wp-json\/wp\/v2\/types\/page"}],"author":[{"embeddable":true,"href":"https:\/\/icab.eu\/pro\/wp-json\/wp\/v2\/users\/2"}],"replies":[{"embeddable":true,"href":"https:\/\/icab.eu\/pro\/wp-json\/wp\/v2\/comments?post=213"}],"version-history":[{"count":32,"href":"https:\/\/icab.eu\/pro\/wp-json\/wp\/v2\/pages\/213\/revisions"}],"predecessor-version":[{"id":779,"href":"https:\/\/icab.eu\/pro\/wp-json\/wp\/v2\/pages\/213\/revisions\/779"}],"up":[{"embeddable":true,"href":"https:\/\/icab.eu\/pro\/wp-json\/wp\/v2\/pages\/132"}],"wp:featuredmedia":[{"embeddable":true,"href":"https:\/\/icab.eu\/pro\/wp-json\/wp\/v2\/media\/25"}],"wp:attachment":[{"href":"https:\/\/icab.eu\/pro\/wp-json\/wp\/v2\/media?parent=213"}],"curies":[{"name":"wp","href":"https:\/\/api.w.org\/{rel}","templated":true}]}}