{"id":261,"date":"2020-01-08T20:21:39","date_gmt":"2020-01-08T19:21:39","guid":{"rendered":"https:\/\/icab.eu\/pro\/?page_id=261"},"modified":"2020-01-23T10:08:14","modified_gmt":"2020-01-23T09:08:14","slug":"installation","status":"publish","type":"page","link":"https:\/\/icab.eu\/pro\/icab-force\/installation\/","title":{"rendered":"Installation"},"content":{"rendered":"<div id=\"ez-toc-container\" class=\"ez-toc-v2_0_82_2 counter-hierarchy ez-toc-counter ez-toc-grey ez-toc-container-direction\">\n<p class=\"ez-toc-title\" style=\"cursor:inherit\">Sommaire<\/p>\n<label for=\"ez-toc-cssicon-toggle-item-69fdd1ad2f334\" class=\"ez-toc-cssicon-toggle-label\"><span class=\"\"><span class=\"eztoc-hide\" style=\"display:none;\">Toggle<\/span><span class=\"ez-toc-icon-toggle-span\"><svg style=\"fill: #999;color:#999\" xmlns=\"http:\/\/www.w3.org\/2000\/svg\" class=\"list-377408\" width=\"20px\" height=\"20px\" viewBox=\"0 0 24 24\" fill=\"none\"><path d=\"M6 6H4v2h2V6zm14 0H8v2h12V6zM4 11h2v2H4v-2zm16 0H8v2h12v-2zM4 16h2v2H4v-2zm16 0H8v2h12v-2z\" fill=\"currentColor\"><\/path><\/svg><svg style=\"fill: #999;color:#999\" class=\"arrow-unsorted-368013\" xmlns=\"http:\/\/www.w3.org\/2000\/svg\" width=\"10px\" height=\"10px\" viewBox=\"0 0 24 24\" version=\"1.2\" baseProfile=\"tiny\"><path d=\"M18.2 9.3l-6.2-6.3-6.2 6.3c-.2.2-.3.4-.3.7s.1.5.3.7c.2.2.4.3.7.3h11c.3 0 .5-.1.7-.3.2-.2.3-.5.3-.7s-.1-.5-.3-.7zM5.8 14.7l6.2 6.3 6.2-6.3c.2-.2.3-.5.3-.7s-.1-.5-.3-.7c-.2-.2-.4-.3-.7-.3h-11c-.3 0-.5.1-.7.3-.2.2-.3.5-.3.7s.1.5.3.7z\"\/><\/svg><\/span><\/span><\/label><input type=\"checkbox\"  id=\"ez-toc-cssicon-toggle-item-69fdd1ad2f334\"  aria-label=\"Toggle\" \/><nav><ul class='ez-toc-list ez-toc-list-level-1 ' ><li class='ez-toc-page-1 ez-toc-heading-level-2'><a class=\"ez-toc-link ez-toc-heading-1\" href=\"https:\/\/icab.eu\/pro\/icab-force\/installation\/#DANS_LENVIRONNEMENT_WINDOWS\" >DANS L&rsquo;ENVIRONNEMENT WINDOWS:<\/a><\/li><li class='ez-toc-page-1 ez-toc-heading-level-2'><a class=\"ez-toc-link ez-toc-heading-2\" href=\"https:\/\/icab.eu\/pro\/icab-force\/installation\/#INSTALLATION_DE_DRIVERS\" >INSTALLATION DE DRIVERS<\/a><ul class='ez-toc-list-level-3' ><li class='ez-toc-heading-level-3'><a class=\"ez-toc-link ez-toc-heading-3\" href=\"https:\/\/icab.eu\/pro\/icab-force\/installation\/#CLE_DE_PROTECTION_pour_les_versions_32_bits\" >CLE DE PROTECTION pour les versions 32 bits<\/a><\/li><li class='ez-toc-page-1 ez-toc-heading-level-3'><a class=\"ez-toc-link ez-toc-heading-4\" href=\"https:\/\/icab.eu\/pro\/icab-force\/installation\/#Driver_MsFlexGrid_pour_versions_5_obsolete\" >Driver MsFlexGrid pour versions 5 (obsol\u00e8te)<\/a><\/li><\/ul><\/li><\/ul><\/nav><\/div>\n<h2><span class=\"ez-toc-section\" id=\"DANS_LENVIRONNEMENT_WINDOWS\"><\/span>DANS L&rsquo;ENVIRONNEMENT WINDOWS:<span class=\"ez-toc-section-end\"><\/span><\/h2>\n<p>Ex\u00e9cutez le programme \u00ab\u00a0SETUP.EXE\u00a0\u00bb en tant qu&rsquo;administrateur \u00e0 partir du CD-Rom ou apr\u00e8s extraction du fichier archive ZIP obtenu par t\u00e9l\u00e9chargement.<\/p>\n<h2><span class=\"ez-toc-section\" id=\"INSTALLATION_DE_DRIVERS\"><\/span>INSTALLATION DE DRIVERS<span class=\"ez-toc-section-end\"><\/span><\/h2>\n<p>Depuis la version ICAB 6, un composant <b>Microsoft <a href=\"https:\/\/support.microsoft.com\/fr-fr\/help\/2977003\/the-latest-supported-visual-c-downloads\">MFC<\/a><\/b> compl\u00e9mentaire est requis en version 32 bits ou 64 bits selon votre configuration, disponible en t\u00e9l\u00e9chargement sur:<br \/>\n<a href=\"https:\/\/icab.eu\/pro\/icab-force\/icabforce6\/\">https:\/\/icab.eu\/pro\/icab-force\/icabforce6\/<\/a><\/p>\n<blockquote class=\"wp-embedded-content\" data-secret=\"AgBUB0tIDp\"><p><a href=\"https:\/\/icab.eu\/pro\/icab-force\/icabforce6\/\">icabforce6<\/a><\/p><\/blockquote>\n<p><iframe title=\"\u00ab\u00a0icabforce6\u00a0\u00bb &#8212; ICAB\" class=\"wp-embedded-content\" sandbox=\"allow-scripts\" security=\"restricted\" style=\"position: absolute; clip: rect(1px, 1px, 1px, 1px);\" src=\"https:\/\/icab.eu\/pro\/icab-force\/icabforce6\/embed\/#?secret=AgBUB0tIDp\" data-secret=\"AgBUB0tIDp\" width=\"600\" height=\"338\" frameborder=\"0\" marginwidth=\"0\" marginheight=\"0\" scrolling=\"no\"><\/iframe><\/p>\n<p>&nbsp;<\/p>\n<h3><span class=\"ez-toc-section\" id=\"CLE_DE_PROTECTION_pour_les_versions_32_bits\"><\/span>CLE DE PROTECTION pour les versions 32 bits<span class=\"ez-toc-section-end\"><\/span><\/h3>\n<p>Pour un fonctionnement de la <b>clef USB<\/b> de d\u00e9verrouillage\u00a0ICAB, vous devez \u00e9galement installer le driver HASP. Les mises \u00e0 jour sont disponibles en t\u00e9l\u00e9chargement sur <a href=\"https:\/\/www.icab.eu\/download\/\">https:\/\/www.icab.eu\/download\/<\/a><\/p>\n<p>Introduisez la cl\u00e9 de protection sur un port USB de votre ordinateur.<\/p>\n<h3><span class=\"ez-toc-section\" id=\"Driver_MsFlexGrid_pour_versions_5_obsolete\"><\/span>Driver MsFlexGrid pour versions 5 (obsol\u00e8te)<span class=\"ez-toc-section-end\"><\/span><\/h3>\n<p><i>Ce driver n&rsquo;est plus requis \u00e0 partir des versions ICAB 6.<\/i><\/p>\n<p><b>Lors du premier lancement<\/b>, <a href=\"https:\/\/icab.eu\/pro\/icab-force\/installation\/driver-msflexgrid\/\">configurer MsFlexGrid<\/a><br \/>\nLe driver MSFLXGRD.OCX est un composant standard Microsoft permettant l&rsquo;affichage de tableaux dans les bo\u00eetes de dialogue ; il est normalement initialis\u00e9 au premier lancement de l&rsquo;application ICAB, <b>par un utilisateur ayant les droits \u00ab\u00a0ADMINISTRATEUR\u00a0\u00bb<\/b>. Si ce n&rsquo;\u00e9tait pas le cas, lancez la commande \u00ab configurer MsFlexgrid \u00bb \u00ab\u00a0REGSVR32 MSFLXGRD.OCX\u00a0\u00bb avec les privil\u00e8ges \u00ab\u00a0administrateur\u00a0\u00bb.<\/p>\n<p>https:\/\/icab.eu\/pro\/icab-force\/installation\/driver-msflexgrid\/<\/p>\n<p>&nbsp;<\/p>\n<p>&nbsp;<\/p>\n","protected":false},"excerpt":{"rendered":"<p>DANS L&rsquo;ENVIRONNEMENT WINDOWS: Ex\u00e9cutez le programme \u00ab\u00a0SETUP.EXE\u00a0\u00bb en tant qu&rsquo;administrateur \u00e0 partir du CD-Rom ou apr\u00e8s extraction du fichier archive ZIP obtenu par t\u00e9l\u00e9chargement. INSTALLATION DE DRIVERS Depuis la version ICAB 6, un composant Microsoft MFC compl\u00e9mentaire est requis en version 32 bits ou 64 bits selon votre configuration, disponible en t\u00e9l\u00e9chargement sur: https:\/\/icab.eu\/pro\/icab-force\/icabforce6\/ icabforce6 [&hellip;]<\/p>\n","protected":false},"author":2,"featured_media":0,"parent":132,"menu_order":0,"comment_status":"closed","ping_status":"closed","template":"","meta":{"_bbp_topic_count":0,"_bbp_reply_count":0,"_bbp_total_topic_count":0,"_bbp_total_reply_count":0,"_bbp_voice_count":0,"_bbp_anonymous_reply_count":0,"_bbp_topic_count_hidden":0,"_bbp_reply_count_hidden":0,"_bbp_forum_subforum_count":0,"footnotes":""},"class_list":["post-261","page","type-page","status-publish","hentry"],"_links":{"self":[{"href":"https:\/\/icab.eu\/pro\/wp-json\/wp\/v2\/pages\/261","targetHints":{"allow":["GET"]}}],"collection":[{"href":"https:\/\/icab.eu\/pro\/wp-json\/wp\/v2\/pages"}],"about":[{"href":"https:\/\/icab.eu\/pro\/wp-json\/wp\/v2\/types\/page"}],"author":[{"embeddable":true,"href":"https:\/\/icab.eu\/pro\/wp-json\/wp\/v2\/users\/2"}],"replies":[{"embeddable":true,"href":"https:\/\/icab.eu\/pro\/wp-json\/wp\/v2\/comments?post=261"}],"version-history":[{"count":3,"href":"https:\/\/icab.eu\/pro\/wp-json\/wp\/v2\/pages\/261\/revisions"}],"predecessor-version":[{"id":360,"href":"https:\/\/icab.eu\/pro\/wp-json\/wp\/v2\/pages\/261\/revisions\/360"}],"up":[{"embeddable":true,"href":"https:\/\/icab.eu\/pro\/wp-json\/wp\/v2\/pages\/132"}],"wp:attachment":[{"href":"https:\/\/icab.eu\/pro\/wp-json\/wp\/v2\/media?parent=261"}],"curies":[{"name":"wp","href":"https:\/\/api.w.org\/{rel}","templated":true}]}}