{"id":31,"date":"2019-02-28T17:11:56","date_gmt":"2019-02-28T16:11:56","guid":{"rendered":"https:\/\/icab.eu\/pro\/?page_id=31"},"modified":"2026-03-19T16:27:22","modified_gmt":"2026-03-19T15:27:22","slug":"contact","status":"publish","type":"page","link":"https:\/\/icab.eu\/pro\/icab\/contact\/","title":{"rendered":"Contact"},"content":{"rendered":"<div id=\"ez-toc-container\" class=\"ez-toc-v2_0_81 counter-hierarchy ez-toc-counter ez-toc-grey ez-toc-container-direction\">\n<p class=\"ez-toc-title\" style=\"cursor:inherit\">Sommaire<\/p>\n<label for=\"ez-toc-cssicon-toggle-item-69da0c51960f7\" class=\"ez-toc-cssicon-toggle-label\"><span class=\"\"><span class=\"eztoc-hide\" style=\"display:none;\">Toggle<\/span><span class=\"ez-toc-icon-toggle-span\"><svg style=\"fill: #999;color:#999\" xmlns=\"http:\/\/www.w3.org\/2000\/svg\" class=\"list-377408\" width=\"20px\" height=\"20px\" viewBox=\"0 0 24 24\" fill=\"none\"><path d=\"M6 6H4v2h2V6zm14 0H8v2h12V6zM4 11h2v2H4v-2zm16 0H8v2h12v-2zM4 16h2v2H4v-2zm16 0H8v2h12v-2z\" fill=\"currentColor\"><\/path><\/svg><svg style=\"fill: #999;color:#999\" class=\"arrow-unsorted-368013\" xmlns=\"http:\/\/www.w3.org\/2000\/svg\" width=\"10px\" height=\"10px\" viewBox=\"0 0 24 24\" version=\"1.2\" baseProfile=\"tiny\"><path d=\"M18.2 9.3l-6.2-6.3-6.2 6.3c-.2.2-.3.4-.3.7s.1.5.3.7c.2.2.4.3.7.3h11c.3 0 .5-.1.7-.3.2-.2.3-.5.3-.7s-.1-.5-.3-.7zM5.8 14.7l6.2 6.3 6.2-6.3c.2-.2.3-.5.3-.7s-.1-.5-.3-.7c-.2-.2-.4-.3-.7-.3h-11c-.3 0-.5.1-.7.3-.2.2-.3.5-.3.7s.1.5.3.7z\"\/><\/svg><\/span><\/span><\/label><input type=\"checkbox\"  id=\"ez-toc-cssicon-toggle-item-69da0c51960f7\"  aria-label=\"Toggle\" \/><nav><ul class='ez-toc-list ez-toc-list-level-1 ' ><li class='ez-toc-page-1 ez-toc-heading-level-2'><a class=\"ez-toc-link ez-toc-heading-1\" href=\"https:\/\/icab.eu\/pro\/icab\/contact\/#ICAB_le_calcul_de_structure_%E2%80%93_contact\" >ICAB, le calcul de structure &#8211; contact<\/a><ul class='ez-toc-list-level-3' ><li class='ez-toc-heading-level-3'><a class=\"ez-toc-link ez-toc-heading-2\" href=\"https:\/\/icab.eu\/pro\/icab\/contact\/#Contact\" >Contact<\/a><\/li><\/ul><\/li><\/ul><\/nav><\/div>\n\r\n<h2 class=\"wp-block-heading\"><span class=\"ez-toc-section\" id=\"ICAB_le_calcul_de_structure_%E2%80%93_contact\"><\/span>ICAB, le calcul de structure &#8211; contact<img decoding=\"async\" class=\"wp-image-25 alignleft\" src=\"https:\/\/icab.eu\/pro\/wp-content\/uploads\/2019\/02\/icab2.jpg\" alt=\"ICAB logo bw\" width=\"81\" height=\"81\" \/><span class=\"ez-toc-section-end\"><\/span><\/h2>\r\n\r\n\r\n\r\n<table class=\"wp-block-table\">\r\n<tbody>\r\n<tr>\r\n<td>si\u00e8ge, accueil, <br \/>formation<\/td>\r\n<td>ICAB, 2 rue Joly, 31400 Toulouse, France<\/td>\r\n<\/tr>\r\n<tr>\r\n<td>bureau d&rsquo;\u00e9tude<\/td>\r\n<td><strong>ICAB, 11 rue Gaston Phoebus, 31300 Toulouse<\/strong>, France<\/td>\r\n<\/tr>\r\n<tr>\r\n<td>t\u00e9l\u00e9phone<\/td>\r\n<td><strong>+33\u00a0 5 62 26 06 06 (en France 05 62 26 06 06)<br \/><\/strong><\/td>\r\n<\/tr>\r\n<tr>\r\n<td>fax<\/td>\r\n<td><strong>05 62 26 00 40<\/strong>\u00a0 <a href=\"https:\/\/meet.jit.si\/IcabStructureSupport\">jitsi<\/a><strong><br \/><\/strong><\/td>\r\n<\/tr>\r\n<tr>\r\n<td>courriel<\/td>\r\n<td><strong>\u00a0 <a href=\"mailto:icab@icab.eu\">icab@icab.eu<\/a><\/strong><\/td>\r\n<\/tr>\r\n<\/tbody>\r\n<\/table>\r\n\r\n\r\n\r\n<p>Copyright \u00a9 1991. ICAB Marque d\u00e9pos\u00e9e par ICAB SAS<br \/>RCS Toulouse B 383 750 544 00017 &#8211; APE 6202A &#8211; NDA formation professionnelle 73310168731<\/p>\r\n<div class=\"frm_forms  with_frm_style frm_style_style-formidable\" id=\"frm_form_1_container\" >\n<form enctype=\"multipart\/form-data\" method=\"post\" class=\"frm-show-form \" id=\"form_contact-form\" >\n<div class=\"frm_form_fields \">\n<fieldset>\n<legend class=\"frm_screen_reader\">Contact<\/legend>\r\n<h3 class=\"frm_form_title\"><span class=\"ez-toc-section\" id=\"Contact\"><\/span>Contact<span class=\"ez-toc-section-end\"><\/span><\/h3>\r\n<div class=\"frm_description\"><p>Demande de contact ICAB<\/p>\n<\/div><div class=\"frm_fields_container\">\n<input type=\"hidden\" name=\"frm_action\" value=\"create\" \/>\n<input type=\"hidden\" name=\"form_id\" value=\"1\" \/>\n<input type=\"hidden\" name=\"frm_hide_fields_1\" id=\"frm_hide_fields_1\" value=\"\" \/>\n<input type=\"hidden\" name=\"form_key\" value=\"contact-form\" \/>\n<input type=\"hidden\" name=\"item_meta[0]\" value=\"\" \/>\n<input type=\"hidden\" id=\"frm_submit_entry_1\" name=\"frm_submit_entry_1\" value=\"caa8898c8b\" \/><input type=\"hidden\" name=\"_wp_http_referer\" value=\"\/pro\/wp-json\/wp\/v2\/pages\/31\" \/><div id=\"frm_field_1_container\" class=\"frm_form_field form-field  frm_required_field frm_top_container frm_first frm_half\">\r\n    <label for=\"field_qh4icy\" id=\"field_qh4icy_label\" class=\"frm_primary_label\">Nom - Pr\u00e9nom\r\n        <span class=\"frm_required\">*<\/span>\r\n    <\/label>\r\n    <input type=\"text\" id=\"field_qh4icy\" name=\"item_meta[1]\" value=\"\"  data-reqmsg=\"Ce champ ne peut pas \u00eatre vide\" aria-required=\"true\" data-invmsg=\"Name est non valide\" aria-invalid=\"false\"   aria-describedby=\"frm_desc_field_qh4icy\"\/>\r\n    <div class=\"frm_description\" id=\"frm_desc_field_qh4icy\">requis<\/div>\r\n    \r\n<\/div>\n<div id=\"frm_field_2_container\" class=\"frm_form_field form-field  frm_hidden_container frm_half\">\r\n    <label for=\"field_ocfup1\" id=\"field_ocfup1_label\" class=\"frm_primary_label\">Soci\u00e9t\u00e9\r\n        <span class=\"frm_required\"><\/span>\r\n    <\/label>\r\n    <input type=\"text\" id=\"field_ocfup1\" name=\"item_meta[2]\" value=\"\"  data-invmsg=\"Last est non valide\" aria-invalid=\"false\"   aria-describedby=\"frm_desc_field_ocfup1\"\/>\r\n    <div class=\"frm_description\" id=\"frm_desc_field_ocfup1\">Soci\u00e9t\u00e9<\/div>\r\n    \r\n<\/div>\n<div id=\"frm_field_3_container\" class=\"frm_form_field form-field  frm_required_field frm_top_container frm_full\">\r\n    <label for=\"field_29yf4d\" id=\"field_29yf4d_label\" class=\"frm_primary_label\">Email\r\n        <span class=\"frm_required\">*<\/span>\r\n    <\/label>\r\n    <input type=\"email\" id=\"field_29yf4d\" name=\"item_meta[3]\" value=\"\"  data-reqmsg=\"Ce champ ne peut pas \u00eatre vide\" aria-required=\"true\" data-invmsg=\"Please enter a valid email address\" aria-invalid=\"false\"  \/>\r\n    \r\n    \r\n<\/div>\n<div id=\"frm_field_7_container\" class=\"frm_form_field form-field  frm_required_field frm_top_container\">\r\n    <label for=\"field_wndf7\" id=\"field_wndf7_label\" class=\"frm_primary_label\">T\u00e9l\u00e9phone\r\n        <span class=\"frm_required\">*<\/span>\r\n    <\/label>\r\n    <input type=\"text\" id=\"field_wndf7\" name=\"item_meta[7]\" value=\"\"  data-reqmsg=\"Ce champ ne peut pas \u00eatre vide\" aria-required=\"true\" data-invmsg=\"Phone est non valide\" aria-invalid=\"false\"  \/>\r\n    \r\n    \r\n<\/div>\n<div id=\"frm_field_6_container\" class=\"frm_form_field form-field  frm_top_container\">\r\n    <label for=\"field_afxzs\" id=\"field_afxzs_label\" class=\"frm_primary_label\">Objet\r\n        <span class=\"frm_required\"><\/span>\r\n    <\/label>\r\n    \t\t<select name=\"item_meta[6]\" id=\"field_afxzs\"  data-invmsg=\"Objet est non valide\" aria-invalid=\"false\"  >\n\t\t<option  value=\"\" selected='selected'> <\/option><option  value=\"demande de note de calcul\">demande de note de calcul<\/option><option  value=\"int\u00e9r\u00eat pour logiciel de calcul\">int\u00e9r\u00eat pour logiciel de calcul<\/option><option  value=\"t\u00e9l\u00e9chargement de logiciel de d\u00e9monstration ICAB\">t\u00e9l\u00e9chargement de logiciel de d\u00e9monstration ICAB<\/option>\t<\/select>\n\t\r\n    \r\n    \r\n<\/div>\n<div id=\"frm_field_5_container\" class=\"frm_form_field form-field  frm_required_field frm_top_container frm_full\">\r\n    <label for=\"field_9jv0r1\" id=\"field_9jv0r1_label\" class=\"frm_primary_label\">Message\r\n        <span class=\"frm_required\"><\/span>\r\n    <\/label>\r\n    <textarea name=\"item_meta[5]\" id=\"field_9jv0r1\" rows=\"5\"  data-reqmsg=\"Ce champ ne peut pas \u00eatre vide\" aria-required=\"true\" data-invmsg=\"Message est non valide\" aria-invalid=\"false\"  ><\/textarea>\r\n    \r\n    \r\n<\/div>\n<div id=\"frm_field_8_container\" class=\"frm_form_field form-field  frm_none_container\">\r\n    <div  id=\"field_pwssh_label\" class=\"frm_primary_label\">reCAPTCHA\r\n        <span class=\"frm_required\"><\/span>\r\n    <\/div>\r\n    <div  id=\"field_pwssh\" class=\"frm-g-recaptcha\" data-sitekey=\"6LfC65gUAAAAAI3jW4psx8JmrKUrP13GpxlcxZnd\" data-size=\"normal\" data-theme=\"light\"><\/div>\r\n    \r\n    \r\n<\/div>\n\t<input type=\"hidden\" name=\"item_key\" value=\"\" \/>\n\t\t\t<div id=\"frm_field_34_container\">\n\t\t\t<label for=\"field_llz7r\" >\n\t\t\t\tSi vous \u00eates un humain, ne remplissez pas ce champ.\t\t\t<\/label>\n\t\t\t<input  id=\"field_llz7r\" type=\"text\" class=\"frm_form_field form-field frm_verify\" name=\"item_meta[34]\" value=\"\"  \/>\n\t\t<\/div>\n\t\t<input name=\"frm_state\" type=\"hidden\" value=\"0l7gnkOSYoYUPHhBBPFWiVOQMAX+qOb5z87vlFoo674=\" \/><div class=\"frm_submit\">\r\n\r\n<button class=\"frm_button_submit\" type=\"submit\"  >Envoyer<\/button>\r\n\r\n<\/div><\/div>\n<\/fieldset>\n<\/div>\n\n<\/form>\n<\/div>\n\r\n","protected":false},"excerpt":{"rendered":"<p>ICAB, le calcul de structure &#8211; contact si\u00e8ge, accueil, formation ICAB, 2 rue Joly, 31400 Toulouse, France bureau d&rsquo;\u00e9tude ICAB, 11 rue Gaston Phoebus, 31300 Toulouse, France t\u00e9l\u00e9phone +33\u00a0 5 62 26 06 06 (en France 05 62 26 06 06) fax 05 62 26 00 40\u00a0 jitsi courriel \u00a0 icab@icab.eu Copyright \u00a9 1991. ICAB [&hellip;]<\/p>\n","protected":false},"author":2,"featured_media":0,"parent":2,"menu_order":0,"comment_status":"closed","ping_status":"closed","template":"","meta":{"_bbp_topic_count":0,"_bbp_reply_count":0,"_bbp_total_topic_count":0,"_bbp_total_reply_count":0,"_bbp_voice_count":0,"_bbp_anonymous_reply_count":0,"_bbp_topic_count_hidden":0,"_bbp_reply_count_hidden":0,"_bbp_forum_subforum_count":0,"footnotes":""},"class_list":["post-31","page","type-page","status-publish","hentry"],"_links":{"self":[{"href":"https:\/\/icab.eu\/pro\/wp-json\/wp\/v2\/pages\/31","targetHints":{"allow":["GET"]}}],"collection":[{"href":"https:\/\/icab.eu\/pro\/wp-json\/wp\/v2\/pages"}],"about":[{"href":"https:\/\/icab.eu\/pro\/wp-json\/wp\/v2\/types\/page"}],"author":[{"embeddable":true,"href":"https:\/\/icab.eu\/pro\/wp-json\/wp\/v2\/users\/2"}],"replies":[{"embeddable":true,"href":"https:\/\/icab.eu\/pro\/wp-json\/wp\/v2\/comments?post=31"}],"version-history":[{"count":18,"href":"https:\/\/icab.eu\/pro\/wp-json\/wp\/v2\/pages\/31\/revisions"}],"predecessor-version":[{"id":928,"href":"https:\/\/icab.eu\/pro\/wp-json\/wp\/v2\/pages\/31\/revisions\/928"}],"up":[{"embeddable":true,"href":"https:\/\/icab.eu\/pro\/wp-json\/wp\/v2\/pages\/2"}],"wp:attachment":[{"href":"https:\/\/icab.eu\/pro\/wp-json\/wp\/v2\/media?parent=31"}],"curies":[{"name":"wp","href":"https:\/\/api.w.org\/{rel}","templated":true}]}}