{"id":395,"date":"2020-02-10T13:40:53","date_gmt":"2020-02-10T12:40:53","guid":{"rendered":"https:\/\/icab.eu\/pro\/newsletter\/"},"modified":"2020-02-10T16:03:13","modified_gmt":"2020-02-10T15:03:13","slug":"newsletter","status":"publish","type":"page","link":"https:\/\/icab.eu\/pro\/newsletter\/","title":{"rendered":"Newsletter"},"content":{"rendered":"<div class=\"tnp tnp-subscription \">\n<form method=\"post\" action=\"https:\/\/icab.eu\/pro\/wp-admin\/admin-ajax.php?action=tnp&amp;na=s\">\n<input type=\"hidden\" name=\"nlang\" value=\"\">\n<div class=\"tnp-field tnp-field-firstname\"><label for=\"tnp-1\">Pr\u00e9nom<\/label>\n<input class=\"tnp-name\" type=\"text\" name=\"nn\" id=\"tnp-1\" value=\"\" placeholder=\"\"><\/div>\n<div class=\"tnp-field tnp-field-surname\"><label for=\"tnp-2\">Nom <\/label>\n<input class=\"tnp-surname\" type=\"text\" name=\"ns\" id=\"tnp-2\" value=\"\" placeholder=\"\"><\/div><div class=\"tnp-field tnp-field-email\"><label for=\"tnp-3\">Email<\/label>\n<input class=\"tnp-email\" type=\"email\" name=\"ne\" id=\"tnp-3\" value=\"\" placeholder=\"\" required><\/div>\n<div class=\"tnp-field tnp-field-profile\"><label for=\"tnp-4\">Soci\u00e9t\u00e9<\/label>\n<input class=\"tnp-profile tnp-profile-1\" id=\"tnp-profile_1\" type=\"text\" size=\"\" name=\"np1\" placeholder=\"\"><\/div>\n<div class=\"tnp-field tnp-field-button\" style=\"text-align: left\"><input class=\"tnp-submit\" type=\"submit\" value=\"S&#039;abonner\" style=\"\">\n<\/div>\n<\/form>\n<\/div>\n\n<p>&nbsp;<\/p>\n<p><img decoding=\"async\" class=\" wp-image-25 alignright\" src=\"https:\/\/icab.eu\/pro\/wp-content\/uploads\/2019\/02\/icab2.jpg\" alt=\"ICAB logo bw\" width=\"85\" height=\"85\" \/>Vous pouvez vous inscrire ou vous d\u00e9sabonner \u00e0 tout moment.<br \/>\nSi votre courriel, n\u2019est pas dans la newsletter, vous confirmerez votre inscription par acception dans le courriel que vous allez recevoir.<br \/>\nSi votre courriel est d\u00e9j\u00e0 dans la newsletter, vous effectuerez une mise \u00e0 jour de vos informations sur la base des informations que vous indiquez ci-dessus, \u00e0 confirmer par le code dans le courriel que vous allez recevoir.<\/p>\n","protected":false},"excerpt":{"rendered":"<p>&nbsp; Vous pouvez vous inscrire ou vous d\u00e9sabonner \u00e0 tout moment. Si votre courriel, n\u2019est pas dans la newsletter, vous confirmerez votre inscription par acception dans le courriel que vous allez recevoir. Si votre courriel est d\u00e9j\u00e0 dans la newsletter, vous effectuerez une mise \u00e0 jour de vos informations sur la base des informations que [&hellip;]<\/p>\n","protected":false},"author":2,"featured_media":0,"parent":0,"menu_order":0,"comment_status":"closed","ping_status":"closed","template":"","meta":{"_bbp_topic_count":0,"_bbp_reply_count":0,"_bbp_total_topic_count":0,"_bbp_total_reply_count":0,"_bbp_voice_count":0,"_bbp_anonymous_reply_count":0,"_bbp_topic_count_hidden":0,"_bbp_reply_count_hidden":0,"_bbp_forum_subforum_count":0,"footnotes":""},"class_list":["post-395","page","type-page","status-publish","hentry"],"_links":{"self":[{"href":"https:\/\/icab.eu\/pro\/wp-json\/wp\/v2\/pages\/395","targetHints":{"allow":["GET"]}}],"collection":[{"href":"https:\/\/icab.eu\/pro\/wp-json\/wp\/v2\/pages"}],"about":[{"href":"https:\/\/icab.eu\/pro\/wp-json\/wp\/v2\/types\/page"}],"author":[{"embeddable":true,"href":"https:\/\/icab.eu\/pro\/wp-json\/wp\/v2\/users\/2"}],"replies":[{"embeddable":true,"href":"https:\/\/icab.eu\/pro\/wp-json\/wp\/v2\/comments?post=395"}],"version-history":[{"count":2,"href":"https:\/\/icab.eu\/pro\/wp-json\/wp\/v2\/pages\/395\/revisions"}],"predecessor-version":[{"id":398,"href":"https:\/\/icab.eu\/pro\/wp-json\/wp\/v2\/pages\/395\/revisions\/398"}],"wp:attachment":[{"href":"https:\/\/icab.eu\/pro\/wp-json\/wp\/v2\/media?parent=395"}],"curies":[{"name":"wp","href":"https:\/\/api.w.org\/{rel}","templated":true}]}}