{"id":444,"date":"2021-01-26T19:49:48","date_gmt":"2021-01-26T18:49:48","guid":{"rendered":"https:\/\/icab.eu\/pro\/?page_id=444"},"modified":"2022-09-12T17:04:59","modified_gmt":"2022-09-12T15:04:59","slug":"plan","status":"publish","type":"page","link":"https:\/\/icab.eu\/pro\/plan\/","title":{"rendered":"Plan"},"content":{"rendered":"<h2>Plan du site<\/h2>\n<div class=\"ez-toc-sitemap\"><h3 class=\"ez-toc-sitemap-pages\">Pages<\/h3><ul class=\"ez-toc-sitemap-pages-list\"><li class=\"page_item page-item-599\"><a href=\"https:\/\/icab.eu\/pro\/\">Accueil<\/a><\/li>\n<li class=\"page_item page-item-548 page_item_has_children\"><a href=\"https:\/\/icab.eu\/pro\/demo\/\">D\u00e9monstration &#8211; exemples<\/a>\n<ul class='children'>\n\t<li class=\"page_item page-item-559\"><a href=\"https:\/\/icab.eu\/pro\/demo\/escaliers\/\">Escaliers<\/a><\/li>\n\t<li class=\"page_item page-item-556\"><a href=\"https:\/\/icab.eu\/pro\/demo\/nappe-treillis-en-acier\/\">Exemple de nappe treillis en acier<\/a><\/li>\n\t<li class=\"page_item page-item-553\"><a href=\"https:\/\/icab.eu\/pro\/demo\/portique-acier\/\">Exemple de portique en acier<\/a><\/li>\n\t<li class=\"page_item page-item-572\"><a href=\"https:\/\/icab.eu\/pro\/demo\/panneaux-photovoltaiques\/\">panneaux photovolta\u00efques<\/a><\/li>\n\t<li class=\"page_item page-item-678\"><a href=\"https:\/\/icab.eu\/pro\/demo\/panneaux-sandwiches-composites\/\">Panneaux sandwiches &#8211; composites<\/a><\/li>\n\t<li class=\"page_item page-item-566\"><a href=\"https:\/\/icab.eu\/pro\/demo\/passerelles\/\">Passerelles<\/a><\/li>\n\t<li class=\"page_item page-item-563\"><a href=\"https:\/\/icab.eu\/pro\/demo\/plateformes-planchers\/\">Plateformes et planchers techniques<\/a><\/li>\n\t<li class=\"page_item page-item-569\"><a href=\"https:\/\/icab.eu\/pro\/demo\/tuyauterie\/\">Tuyauterie<\/a><\/li>\n\t<li class=\"page_item page-item-750\"><a href=\"https:\/\/icab.eu\/pro\/demo\/chaudronnerie\/\">Chaudronnerie<\/a><\/li>\n<\/ul>\n<\/li>\n<li class=\"page_item page-item-525\"><a href=\"https:\/\/icab.eu\/pro\/formation-icab-peruzzetto\/\">Formation ICAB &#8211; Peruzzetto<\/a><\/li>\n<li class=\"page_item page-item-649\"><a href=\"https:\/\/icab.eu\/pro\/formations-icab\/\">Formations ICAB<\/a><\/li>\n<li class=\"page_item page-item-862 page_item_has_children\"><a href=\"https:\/\/icab.eu\/pro\/guide-conception\/\">Guide de conception<\/a>\n<ul class='children'>\n\t<li class=\"page_item page-item-852\"><a href=\"https:\/\/icab.eu\/pro\/guide-conception\/charge-exploitation\/\">Charges d&rsquo;exploitation<\/a><\/li>\n\t<li class=\"page_item page-item-918\"><a href=\"https:\/\/icab.eu\/pro\/guide-conception\/zones-sismiques\/\">Zones sismiques<\/a><\/li>\n<\/ul>\n<\/li>\n<li class=\"page_item page-item-694\"><a href=\"https:\/\/icab.eu\/pro\/home\/\">Home<\/a><\/li>\n<li class=\"page_item page-item-132 page_item_has_children\"><a href=\"https:\/\/icab.eu\/pro\/icab-force\/\">ICAB Force<\/a>\n<ul class='children'>\n\t<li class=\"page_item page-item-468\"><a href=\"https:\/\/icab.eu\/pro\/icab-force\/drivers\/\">Drivers, composants<\/a><\/li>\n\t<li class=\"page_item page-item-513\"><a href=\"https:\/\/icab.eu\/pro\/icab-force\/icab-force-base\/\">ICAB Force Base<\/a><\/li>\n\t<li class=\"page_item page-item-213\"><a href=\"https:\/\/icab.eu\/pro\/icab-force\/icabforce6\/\">icabforce6<\/a><\/li>\n\t<li class=\"page_item page-item-261\"><a href=\"https:\/\/icab.eu\/pro\/icab-force\/installation\/\">Installation<\/a><\/li>\n\t<li class=\"page_item page-item-589\"><a href=\"https:\/\/icab.eu\/pro\/icab-force\/installation-avec-clef-numerique\/\">Installation avec clef num\u00e9rique<\/a><\/li>\n\t<li class=\"page_item page-item-129\"><a href=\"https:\/\/icab.eu\/pro\/icab-force\/mise-a-jour-icab-force\/\">Mise \u00e0 jour ICAB Force<\/a><\/li>\n<\/ul>\n<\/li>\n<li class=\"page_item page-item-2 page_item_has_children\"><a href=\"https:\/\/icab.eu\/pro\/icab\/\">ICAB SAS<\/a>\n<ul class='children'>\n\t<li class=\"page_item page-item-31 page_item_has_children\"><a href=\"https:\/\/icab.eu\/pro\/icab\/contact\/\">Contact<\/a>\n\t<ul class='children'>\n\t\t<li class=\"page_item page-item-106\"><a href=\"https:\/\/icab.eu\/pro\/icab\/contact\/satisfaction-formation\/\">Formulaire de satisfaction formation<\/a><\/li>\n\t<\/ul>\n<\/li>\n\t<li class=\"page_item page-item-45\"><a href=\"https:\/\/icab.eu\/pro\/icab\/eurocodes\/\">Eurocodes codes de construction en Europe<\/a><\/li>\n\t<li class=\"page_item page-item-64\"><a href=\"https:\/\/icab.eu\/pro\/icab\/community\/\">Forum<\/a><\/li>\n\t<li class=\"page_item page-item-3\"><a href=\"https:\/\/icab.eu\/pro\/icab\/politique-de-confidentialite\/\">Politique de confidentialit\u00e9<\/a><\/li>\n<\/ul>\n<\/li>\n<li class=\"page_item page-item-182\"><a href=\"https:\/\/icab.eu\/pro\/liens\/\">Liens utiles &#8211; r\u00e9f\u00e9rences<\/a><\/li>\n<li class=\"page_item page-item-395\"><a href=\"https:\/\/icab.eu\/pro\/newsletter\/\">Newsletter<\/a><\/li>\n<li class=\"page_item page-item-444\"><a href=\"https:\/\/icab.eu\/pro\/plan\/\">Plan<\/a><\/li>\n<li class=\"page_item page-item-539\"><a href=\"https:\/\/icab.eu\/pro\/tarifs\/\">Tarifs ICAB<\/a><\/li>\n<\/ul><h3 class=\"ez-toc-sitemap-pages\">Categories<\/h3><ul class=\"ez-toc-sitemap-categories-list\">\t<li class=\"cat-item cat-item-3\"><a href=\"https:\/\/icab.eu\/pro\/category\/icab\/\">icab<\/a>\n<ul class='children'>\n\t<li class=\"cat-item cat-item-12\"><a href=\"https:\/\/icab.eu\/pro\/category\/icab\/icab-force\/\">Icab Force<\/a>\n\t<ul class='children'>\n\t<li class=\"cat-item cat-item-14\"><a href=\"https:\/\/icab.eu\/pro\/category\/icab\/icab-force\/driver\/\">driver<\/a>\n<\/li>\n\t<\/ul>\n<\/li>\n\t<li class=\"cat-item cat-item-13\"><a href=\"https:\/\/icab.eu\/pro\/category\/icab\/installation\/\">installation<\/a>\n<\/li>\n<\/ul>\n<\/li>\n\t<li class=\"cat-item cat-item-21\"><a href=\"https:\/\/icab.eu\/pro\/category\/modelisation\/\">modelisation<\/a>\n<\/li>\n\t<li class=\"cat-item cat-item-25\"><a href=\"https:\/\/icab.eu\/pro\/category\/reglement\/\">r\u00e8glement<\/a>\n<\/li>\n\t<li class=\"cat-item cat-item-22\"><a href=\"https:\/\/icab.eu\/pro\/category\/support\/\">support<\/a>\n<\/li>\n<\/ul><\/div>\n<h2>Articles<\/h2>\n<div id=\"upl-list-454\" class=\"upl-list\">\n<ul>\n<li><div class=\"upl-post-title\"><a href=\"https:\/\/icab.eu\/pro\/vent-cyclonique-ultramarin\/\">Vents cycloniques ultramarins<\/a><\/div><div class=\"upl-post-date\">16 f\u00e9vrier 2026<\/div><div class=\"upl-post-excerpt\">Martinique &#8211; Guadeloupe Les vitesses de vent de \u2026<\/div><\/li>\n<li><div class=\"upl-post-thumbnail\"><a href=\"https:\/\/icab.eu\/pro\/vent-mur-batiment_722\/\"><img loading=\"lazy\" decoding=\"async\" width=\"75\" height=\"75\" src=\"https:\/\/icab.eu\/pro\/wp-content\/uploads\/2025\/12\/en1991-1-4_722_mur-150x150.jpg\" class=\"attachment-75x75 size-75x75\" alt=\"\" \/><\/a><\/div><div class=\"upl-post-title\"><a href=\"https:\/\/icab.eu\/pro\/vent-mur-batiment_722\/\">Action du vent sur mur de b\u00e2timent rectangulaire<\/a><\/div><div class=\"upl-post-date\">16 d\u00e9cembre 2025<\/div><div class=\"upl-post-excerpt\">L&rsquo;Eurocode EN1991-1-4 7.2.2 pr\u00e9voit que \u2026<\/div><\/li>\n<li><div class=\"upl-post-title\"><a href=\"https:\/\/icab.eu\/pro\/combi-amplification-dynamique\/\">Combinaison avec amplification dynamique<\/a><\/div><div class=\"upl-post-date\">28 juillet 2024<\/div><div class=\"upl-post-excerpt\">La version ICAB 6.032 introduit le coefficient PSIdyn \u2026<\/div><\/li>\n<li><div class=\"upl-post-thumbnail\"><a href=\"https:\/\/icab.eu\/pro\/tenue-feu-acier\/\"><img loading=\"lazy\" decoding=\"async\" width=\"75\" height=\"75\" src=\"https:\/\/icab.eu\/pro\/wp-content\/uploads\/2024\/06\/en1991-1-2_3_2_courbe_feu-150x150.jpg\" class=\"attachment-75x75 size-75x75\" alt=\"\" srcset=\"https:\/\/icab.eu\/pro\/wp-content\/uploads\/2024\/06\/en1991-1-2_3_2_courbe_feu-150x150.jpg 150w, https:\/\/icab.eu\/pro\/wp-content\/uploads\/2024\/06\/en1991-1-2_3_2_courbe_feu-297x300.jpg 297w, https:\/\/icab.eu\/pro\/wp-content\/uploads\/2024\/06\/en1991-1-2_3_2_courbe_feu.jpg 684w\" sizes=\"(max-width: 75px) 100vw, 75px\" \/><\/a><\/div><div class=\"upl-post-title\"><a href=\"https:\/\/icab.eu\/pro\/tenue-feu-acier\/\">tenue au feu de l&rsquo;acier<\/a><\/div><div class=\"upl-post-date\">28 juin 2024<\/div><div class=\"upl-post-excerpt\">Mont\u00e9e en temp\u00e9rature L&rsquo;Eurocode EN1991-1-2 \u2026<\/div><\/li>\n<li><div class=\"upl-post-thumbnail\"><a href=\"https:\/\/icab.eu\/pro\/mise-a-jour-6-02\/\"><img loading=\"lazy\" decoding=\"async\" width=\"75\" height=\"73\" src=\"https:\/\/icab.eu\/pro\/wp-content\/uploads\/2024\/09\/dlg_mise_jour_v6_02-150x146.png\" class=\"attachment-75x75 size-75x75\" alt=\"\" \/><\/a><\/div><div class=\"upl-post-title\"><a href=\"https:\/\/icab.eu\/pro\/mise-a-jour-6-02\/\">Mise \u00e0 jour ult\u00e9rieure \u00e0 6.02<\/a><\/div><div class=\"upl-post-date\">2 janvier 2024<\/div><div class=\"upl-post-excerpt\">ICAB version 6.03 Une extension du format des donn\u00e9es \u2026<\/div><\/li>\n<li><div class=\"upl-post-thumbnail\"><a href=\"https:\/\/icab.eu\/pro\/givre-sur-pylones-en1993-3-1\/\"><img loading=\"lazy\" decoding=\"async\" width=\"75\" height=\"75\" src=\"https:\/\/icab.eu\/pro\/wp-content\/uploads\/2021\/02\/pylone_anemonetrique_102m-150x150.jpg\" class=\"attachment-75x75 size-75x75 wp-post-image\" alt=\"\" \/><\/a><\/div><div class=\"upl-post-title\"><a href=\"https:\/\/icab.eu\/pro\/givre-sur-pylones-en1993-3-1\/\">Givre sur pyl\u00f4nes EN1993-3-1<\/a><\/div><div class=\"upl-post-date\">1 janvier 2023<\/div><div class=\"upl-post-excerpt\">Action du givre sur des profil\u00e9s Avec l&rsquo;action \u2026<\/div><\/li>\n<li><div class=\"upl-post-title\"><a href=\"https:\/\/icab.eu\/pro\/profiles-calcul-automatique\/\">Importation de profil\u00e9s avec calcul automatique<\/a><\/div><div class=\"upl-post-date\">4 octobre 2021<\/div><div class=\"upl-post-excerpt\">Lors de l&rsquo;importation d&rsquo;une biblioth\u00e8que \u2026<\/div><\/li>\n<li><div class=\"upl-post-thumbnail\"><a href=\"https:\/\/icab.eu\/pro\/calcul-pylones\/\"><img loading=\"lazy\" decoding=\"async\" width=\"75\" height=\"75\" src=\"https:\/\/icab.eu\/pro\/wp-content\/uploads\/2021\/02\/pylone_anemonetrique_100m_deplacement_tete-150x150.jpg\" class=\"attachment-75x75 size-75x75 wp-post-image\" alt=\"\" \/><\/a><\/div><div class=\"upl-post-title\"><a href=\"https:\/\/icab.eu\/pro\/calcul-pylones\/\">Calcul de pyl\u00f4nes<\/a><\/div><div class=\"upl-post-date\">23 f\u00e9vrier 2021<\/div><div class=\"upl-post-excerpt\">L&rsquo;application des Eurocodes aux calculs de \u2026<\/div><\/li>\n<li><div class=\"upl-post-thumbnail\"><a href=\"https:\/\/icab.eu\/pro\/icab-6-007\/\"><img loading=\"lazy\" decoding=\"async\" width=\"75\" height=\"75\" src=\"https:\/\/icab.eu\/pro\/wp-content\/uploads\/2020\/02\/en1991-1-4_725_bat_2versants-150x150.jpg\" class=\"attachment-75x75 size-75x75 wp-post-image\" alt=\"\" \/><\/a><\/div><div class=\"upl-post-title\"><a href=\"https:\/\/icab.eu\/pro\/icab-6-007\/\">ICAB 6.008 charges climatiques<\/a><\/div><div class=\"upl-post-date\">9 f\u00e9vrier 2020<\/div><div class=\"upl-post-excerpt\">Mise \u00e0 jour ICAB 6.008: chargements climatiques \u2026<\/div><\/li>\n<li><div class=\"upl-post-thumbnail\"><a href=\"https:\/\/icab.eu\/pro\/icab-version-6-0\/\"><img loading=\"lazy\" decoding=\"async\" width=\"75\" height=\"75\" src=\"https:\/\/icab.eu\/pro\/wp-content\/uploads\/2019\/02\/eurocodes-500-150x150.jpg\" class=\"attachment-75x75 size-75x75\" alt=\"\" srcset=\"https:\/\/icab.eu\/pro\/wp-content\/uploads\/2019\/02\/eurocodes-500-150x150.jpg 150w, https:\/\/icab.eu\/pro\/wp-content\/uploads\/2019\/02\/eurocodes-500-300x300.jpg 300w, https:\/\/icab.eu\/pro\/wp-content\/uploads\/2019\/02\/eurocodes-500.jpg 500w\" sizes=\"(max-width: 75px) 100vw, 75px\" \/><\/a><\/div><div class=\"upl-post-title\"><a href=\"https:\/\/icab.eu\/pro\/icab-version-6-0\/\">ICAB version 6.0<\/a><\/div><div class=\"upl-post-date\">28 juin 2019<\/div><div class=\"upl-post-excerpt\">ICAB Force Version 6.0 Nouveaut\u00e9s Mise \u00e0 jour 6.0 \u2026<\/div><\/li>\n<\/ul>\n<\/div>\n\n","protected":false},"excerpt":{"rendered":"<p>Plan du site Articles<\/p>\n","protected":false},"author":2,"featured_media":0,"parent":0,"menu_order":0,"comment_status":"closed","ping_status":"closed","template":"","meta":{"_bbp_topic_count":0,"_bbp_reply_count":0,"_bbp_total_topic_count":0,"_bbp_total_reply_count":0,"_bbp_voice_count":0,"_bbp_anonymous_reply_count":0,"_bbp_topic_count_hidden":0,"_bbp_reply_count_hidden":0,"_bbp_forum_subforum_count":0,"footnotes":""},"class_list":["post-444","page","type-page","status-publish","hentry"],"_links":{"self":[{"href":"https:\/\/icab.eu\/pro\/wp-json\/wp\/v2\/pages\/444","targetHints":{"allow":["GET"]}}],"collection":[{"href":"https:\/\/icab.eu\/pro\/wp-json\/wp\/v2\/pages"}],"about":[{"href":"https:\/\/icab.eu\/pro\/wp-json\/wp\/v2\/types\/page"}],"author":[{"embeddable":true,"href":"https:\/\/icab.eu\/pro\/wp-json\/wp\/v2\/users\/2"}],"replies":[{"embeddable":true,"href":"https:\/\/icab.eu\/pro\/wp-json\/wp\/v2\/comments?post=444"}],"version-history":[{"count":7,"href":"https:\/\/icab.eu\/pro\/wp-json\/wp\/v2\/pages\/444\/revisions"}],"predecessor-version":[{"id":740,"href":"https:\/\/icab.eu\/pro\/wp-json\/wp\/v2\/pages\/444\/revisions\/740"}],"wp:attachment":[{"href":"https:\/\/icab.eu\/pro\/wp-json\/wp\/v2\/media?parent=444"}],"curies":[{"name":"wp","href":"https:\/\/api.w.org\/{rel}","templated":true}]}}