{"id":468,"date":"2021-02-08T12:09:04","date_gmt":"2021-02-08T11:09:04","guid":{"rendered":"https:\/\/icab.eu\/pro\/?page_id=468"},"modified":"2023-12-06T11:52:19","modified_gmt":"2023-12-06T10:52:19","slug":"drivers","status":"publish","type":"page","link":"https:\/\/icab.eu\/pro\/icab-force\/drivers\/","title":{"rendered":"Drivers, composants"},"content":{"rendered":"<div id=\"ez-toc-container\" class=\"ez-toc-v2_0_81 counter-hierarchy ez-toc-counter ez-toc-grey ez-toc-container-direction\">\n<p class=\"ez-toc-title\" style=\"cursor:inherit\">Sommaire<\/p>\n<label for=\"ez-toc-cssicon-toggle-item-69d6eca4a3796\" class=\"ez-toc-cssicon-toggle-label\"><span class=\"\"><span class=\"eztoc-hide\" style=\"display:none;\">Toggle<\/span><span class=\"ez-toc-icon-toggle-span\"><svg style=\"fill: #999;color:#999\" xmlns=\"http:\/\/www.w3.org\/2000\/svg\" class=\"list-377408\" width=\"20px\" height=\"20px\" viewBox=\"0 0 24 24\" fill=\"none\"><path d=\"M6 6H4v2h2V6zm14 0H8v2h12V6zM4 11h2v2H4v-2zm16 0H8v2h12v-2zM4 16h2v2H4v-2zm16 0H8v2h12v-2z\" fill=\"currentColor\"><\/path><\/svg><svg style=\"fill: #999;color:#999\" class=\"arrow-unsorted-368013\" xmlns=\"http:\/\/www.w3.org\/2000\/svg\" width=\"10px\" height=\"10px\" viewBox=\"0 0 24 24\" version=\"1.2\" baseProfile=\"tiny\"><path d=\"M18.2 9.3l-6.2-6.3-6.2 6.3c-.2.2-.3.4-.3.7s.1.5.3.7c.2.2.4.3.7.3h11c.3 0 .5-.1.7-.3.2-.2.3-.5.3-.7s-.1-.5-.3-.7zM5.8 14.7l6.2 6.3 6.2-6.3c.2-.2.3-.5.3-.7s-.1-.5-.3-.7c-.2-.2-.4-.3-.7-.3h-11c-.3 0-.5.1-.7.3-.2.2-.3.5-.3.7s.1.5.3.7z\"\/><\/svg><\/span><\/span><\/label><input type=\"checkbox\"  id=\"ez-toc-cssicon-toggle-item-69d6eca4a3796\"  aria-label=\"Toggle\" \/><nav><ul class='ez-toc-list ez-toc-list-level-1 ' ><li class='ez-toc-page-1 ez-toc-heading-level-1'><a class=\"ez-toc-link ez-toc-heading-1\" href=\"https:\/\/icab.eu\/pro\/icab-force\/drivers\/#Mise_a_jour_des_composants_ICAB\" >Mise \u00e0 jour des composants ICAB<\/a><ul class='ez-toc-list-level-2' ><li class='ez-toc-heading-level-2'><a class=\"ez-toc-link ez-toc-heading-2\" href=\"https:\/\/icab.eu\/pro\/icab-force\/drivers\/#Composants_Windows_MFC\" >Composants Windows MFC<\/a><\/li><li class='ez-toc-page-1 ez-toc-heading-level-2'><a class=\"ez-toc-link ez-toc-heading-3\" href=\"https:\/\/icab.eu\/pro\/icab-force\/drivers\/#Driver_pour_clef_HASP\" >Driver pour clef HASP<\/a><\/li><\/ul><\/li><\/ul><\/nav><\/div>\n<h1><span class=\"ez-toc-section\" id=\"Mise_a_jour_des_composants_ICAB\"><\/span>Mise \u00e0 jour des composants ICAB<span class=\"ez-toc-section-end\"><\/span><\/h1>\n<p>&nbsp;<\/p>\n<h2><span class=\"ez-toc-section\" id=\"Composants_Windows_MFC\"><\/span><a name=\"compos\"><\/a>Composants Windows MFC<span class=\"ez-toc-section-end\"><\/span><\/h2>\n<p><img decoding=\"async\" class=\"size-full wp-image-475 alignright\" src=\"https:\/\/icab.eu\/pro\/wp-content\/uploads\/2021\/02\/microsoft_RE1Mu3b.png\" alt=\"\" width=\"216\" height=\"46\" \/>Les composants Windows MFC sont requis pour <a href=\"https:\/\/icab.eu\/pro\/icab-force\/icabforce6\/\">ICAB 6<\/a><\/p>\n<p>version 64 bits \u00a0<a href=\"https:\/\/www.icab.eu\/download\/compo\/vc_redist.x64.exe\"><strong>vc_redist.x64.exe<\/strong><\/a><br \/>\nversion 32 bits <a href=\"https:\/\/www.icab.eu\/download\/compo\/vc_redist.x86.exe\"><strong>vc_redist.x86.exe<\/strong><\/a><\/p>\n<table>\n<tbody>\n<tr>\n<td>Liens de r\u00e9f\u00e9rence du support Microsoft:<br \/>\n<em><a href=\"https:\/\/docs.microsoft.com\/en-us\/cpp\/windows\/latest-supported-vc-redist\">https:\/\/docs.microsoft.com\/en-us\/cpp\/windows\/latest-supported-vc-redist<\/a><\/em><br \/>\nVC_redist<br \/>\n<em><a href=\"https:\/\/aka.ms\/vs\/17\/release\/vc_redist.x86.exe\">32 bits<\/a>, <a href=\"https:\/\/aka.ms\/vs\/17\/release\/vc_redist.x86.exe\">https:\/\/aka.ms\/vs\/17\/release\/vc_redist.x86.exe<\/a><br \/>\n<a href=\"https:\/\/aka.ms\/vs\/17\/release\/vc_redist.x64.exe\">64 bits<\/a>. <a href=\"https:\/\/aka.ms\/vs\/17\/release\/vc_redist.x64.exe\">https:\/\/aka.ms\/vs\/17\/release\/vc_redist.x64.exe<\/a><br \/>\n<\/em><\/td>\n<\/tr>\n<\/tbody>\n<\/table>\n<p>Pour les t\u00e9l\u00e9chargements des versions ant\u00e9rieures \u00e0 la <strong>version 5.5<\/strong>, consultez la page<br \/>\n<a href=\"https:\/\/www.icab.eu\/download\">https:\/\/www.icab.eu\/download<\/a><\/p>\n<h2><span class=\"ez-toc-section\" id=\"Driver_pour_clef_HASP\"><\/span>Driver pour clef HASP<span class=\"ez-toc-section-end\"><\/span><\/h2>\n<p><img decoding=\"async\" class=\"size-full wp-image-472 alignright\" src=\"https:\/\/icab.eu\/pro\/wp-content\/uploads\/2021\/02\/key_mini_blue.gif\" alt=\"\" width=\"165\" height=\"117\" \/>La mise \u00e0 jour n&rsquo;est requise que pour les versions ICAB 32 bits pour l&rsquo;utilisation de la clef HASP<\/p>\n<p><a href=\"https:\/\/www.icab.eu\/download\/compo\/HASPUserSetup_914.exe\"><strong>HASPUserSetup_914.exe<\/strong><\/a> (38 937 624, signature 19-07-2023, Hasp Driver 9.14 pour Windows 11)<\/p>\n<p><a href=\"https:\/\/www.icab.eu\/download\/compo\/HASPUserSetup_831.exe\">HASPUserSetup_831.exe<\/a> (25 281 344, signature 27-Oct-2021, Hasp Driver 8.31 pour Windows 11, cf <a href=\"https:\/\/supportportal.thalesgroup.com\/csm?sys_kb_id=61fb0ee1dbd2e78cfe0aff3dbf9619ab&amp;id=kb_article_view&amp;sysparm_rank=8&amp;sysparm_tsqueryId=5b1f73701b122c10f2888739cd4bcbd7&amp;sysparm_article=KB0018320#\">THALES<\/a>)<\/p>\n<p><a href=\"https:\/\/www.icab.eu\/download\/compo\/HASPUserSetup_7103.exe\">HASPUserSetup_7103.exe<\/a> (19\u00a0932 912, 27-12-2019, Hasp Driver 7.103 pour Windows 10)<\/p>\n","protected":false},"excerpt":{"rendered":"<p>Mise \u00e0 jour des composants ICAB &nbsp; Composants Windows MFC Les composants Windows MFC sont requis pour ICAB 6 version 64 bits \u00a0vc_redist.x64.exe version 32 bits vc_redist.x86.exe Liens de r\u00e9f\u00e9rence du support Microsoft: https:\/\/docs.microsoft.com\/en-us\/cpp\/windows\/latest-supported-vc-redist VC_redist 32 bits, https:\/\/aka.ms\/vs\/17\/release\/vc_redist.x86.exe 64 bits. https:\/\/aka.ms\/vs\/17\/release\/vc_redist.x64.exe Pour les t\u00e9l\u00e9chargements des versions ant\u00e9rieures \u00e0 la version 5.5, consultez la page https:\/\/www.icab.eu\/download [&hellip;]<\/p>\n","protected":false},"author":2,"featured_media":0,"parent":132,"menu_order":0,"comment_status":"closed","ping_status":"closed","template":"","meta":{"_bbp_topic_count":0,"_bbp_reply_count":0,"_bbp_total_topic_count":0,"_bbp_total_reply_count":0,"_bbp_voice_count":0,"_bbp_anonymous_reply_count":0,"_bbp_topic_count_hidden":0,"_bbp_reply_count_hidden":0,"_bbp_forum_subforum_count":0,"footnotes":""},"class_list":["post-468","page","type-page","status-publish","hentry"],"_links":{"self":[{"href":"https:\/\/icab.eu\/pro\/wp-json\/wp\/v2\/pages\/468","targetHints":{"allow":["GET"]}}],"collection":[{"href":"https:\/\/icab.eu\/pro\/wp-json\/wp\/v2\/pages"}],"about":[{"href":"https:\/\/icab.eu\/pro\/wp-json\/wp\/v2\/types\/page"}],"author":[{"embeddable":true,"href":"https:\/\/icab.eu\/pro\/wp-json\/wp\/v2\/users\/2"}],"replies":[{"embeddable":true,"href":"https:\/\/icab.eu\/pro\/wp-json\/wp\/v2\/comments?post=468"}],"version-history":[{"count":24,"href":"https:\/\/icab.eu\/pro\/wp-json\/wp\/v2\/pages\/468\/revisions"}],"predecessor-version":[{"id":790,"href":"https:\/\/icab.eu\/pro\/wp-json\/wp\/v2\/pages\/468\/revisions\/790"}],"up":[{"embeddable":true,"href":"https:\/\/icab.eu\/pro\/wp-json\/wp\/v2\/pages\/132"}],"wp:attachment":[{"href":"https:\/\/icab.eu\/pro\/wp-json\/wp\/v2\/media?parent=468"}],"curies":[{"name":"wp","href":"https:\/\/api.w.org\/{rel}","templated":true}]}}