{"id":513,"date":"2021-07-05T09:56:42","date_gmt":"2021-07-05T07:56:42","guid":{"rendered":"https:\/\/icab.eu\/pro\/?page_id=513"},"modified":"2021-07-05T09:59:05","modified_gmt":"2021-07-05T07:59:05","slug":"icab-force-base","status":"publish","type":"page","link":"https:\/\/icab.eu\/pro\/icab-force\/icab-force-base\/","title":{"rendered":"ICAB Force Base"},"content":{"rendered":"<div id=\"ez-toc-container\" class=\"ez-toc-v2_0_81 counter-hierarchy ez-toc-counter ez-toc-grey ez-toc-container-direction\">\n<p class=\"ez-toc-title\" style=\"cursor:inherit\">Sommaire<\/p>\n<label for=\"ez-toc-cssicon-toggle-item-69ded7a7ccc37\" class=\"ez-toc-cssicon-toggle-label\"><span class=\"\"><span class=\"eztoc-hide\" style=\"display:none;\">Toggle<\/span><span class=\"ez-toc-icon-toggle-span\"><svg style=\"fill: #999;color:#999\" xmlns=\"http:\/\/www.w3.org\/2000\/svg\" class=\"list-377408\" width=\"20px\" height=\"20px\" viewBox=\"0 0 24 24\" fill=\"none\"><path d=\"M6 6H4v2h2V6zm14 0H8v2h12V6zM4 11h2v2H4v-2zm16 0H8v2h12v-2zM4 16h2v2H4v-2zm16 0H8v2h12v-2z\" fill=\"currentColor\"><\/path><\/svg><svg style=\"fill: #999;color:#999\" class=\"arrow-unsorted-368013\" xmlns=\"http:\/\/www.w3.org\/2000\/svg\" width=\"10px\" height=\"10px\" viewBox=\"0 0 24 24\" version=\"1.2\" baseProfile=\"tiny\"><path d=\"M18.2 9.3l-6.2-6.3-6.2 6.3c-.2.2-.3.4-.3.7s.1.5.3.7c.2.2.4.3.7.3h11c.3 0 .5-.1.7-.3.2-.2.3-.5.3-.7s-.1-.5-.3-.7zM5.8 14.7l6.2 6.3 6.2-6.3c.2-.2.3-.5.3-.7s-.1-.5-.3-.7c-.2-.2-.4-.3-.7-.3h-11c-.3 0-.5.1-.7.3-.2.2-.3.5-.3.7s.1.5.3.7z\"\/><\/svg><\/span><\/span><\/label><input type=\"checkbox\"  id=\"ez-toc-cssicon-toggle-item-69ded7a7ccc37\"  aria-label=\"Toggle\" \/><nav><ul class='ez-toc-list ez-toc-list-level-1 ' ><li class='ez-toc-page-1 ez-toc-heading-level-1'><a class=\"ez-toc-link ez-toc-heading-1\" href=\"https:\/\/icab.eu\/pro\/icab-force\/icab-force-base\/#Icab_Force\" >Icab Force<\/a><\/li><li class='ez-toc-page-1 ez-toc-heading-level-1'><a class=\"ez-toc-link ez-toc-heading-2\" href=\"https:\/\/icab.eu\/pro\/icab-force\/icab-force-base\/#Analyse_statique_des_structures\" >Analyse statique des structures<\/a><ul class='ez-toc-list-level-2' ><li class='ez-toc-heading-level-2'><a class=\"ez-toc-link ez-toc-heading-3\" href=\"https:\/\/icab.eu\/pro\/icab-force\/icab-force-base\/#Analyse_statique_des_structures-2\" >Analyse statique des structures<\/a><ul class='ez-toc-list-level-3' ><li class='ez-toc-heading-level-3'><a class=\"ez-toc-link ez-toc-heading-4\" href=\"https:\/\/icab.eu\/pro\/icab-force\/icab-force-base\/#Chargements\" >Chargements<\/a><\/li><li class='ez-toc-page-1 ez-toc-heading-level-3'><a class=\"ez-toc-link ez-toc-heading-5\" href=\"https:\/\/icab.eu\/pro\/icab-force\/icab-force-base\/#Bibliotheque_dElement\" >Biblioth\u00e8que d&rsquo;\u00c9l\u00e9ment<\/a><\/li><li class='ez-toc-page-1 ez-toc-heading-level-3'><a class=\"ez-toc-link ez-toc-heading-6\" href=\"https:\/\/icab.eu\/pro\/icab-force\/icab-force-base\/#Resultats\" >R\u00e9sultats<\/a><\/li><li class='ez-toc-page-1 ez-toc-heading-level-3'><a class=\"ez-toc-link ez-toc-heading-7\" href=\"https:\/\/icab.eu\/pro\/icab-force\/icab-force-base\/#Devis\" >Devis<\/a><\/li><\/ul><\/li><li class='ez-toc-page-1 ez-toc-heading-level-2'><a class=\"ez-toc-link ez-toc-heading-8\" href=\"https:\/\/icab.eu\/pro\/icab-force\/icab-force-base\/#Capacites\" >Capacit\u00e9s<\/a><\/li><li class='ez-toc-page-1 ez-toc-heading-level-2'><a class=\"ez-toc-link ez-toc-heading-9\" href=\"https:\/\/icab.eu\/pro\/icab-force\/icab-force-base\/#La_Generation_graphique_des_Constructions_inclus_dans_ICAB_Force\" >La G\u00e9n\u00e9ration graphique des Constructions (inclus dans ICAB Force)<\/a><ul class='ez-toc-list-level-3' ><li class='ez-toc-heading-level-3'><a class=\"ez-toc-link ez-toc-heading-10\" href=\"https:\/\/icab.eu\/pro\/icab-force\/icab-force-base\/#Concevez_naturellement\" >Concevez naturellement<\/a><\/li><li class='ez-toc-page-1 ez-toc-heading-level-3'><a class=\"ez-toc-link ez-toc-heading-11\" href=\"https:\/\/icab.eu\/pro\/icab-force\/icab-force-base\/#Saisie_interactive\" >Saisie interactive<\/a><\/li><li class='ez-toc-page-1 ez-toc-heading-level-3'><a class=\"ez-toc-link ez-toc-heading-12\" href=\"https:\/\/icab.eu\/pro\/icab-force\/icab-force-base\/#Controle_visuel\" >Contr\u00f4le visuel<\/a><\/li><li class='ez-toc-page-1 ez-toc-heading-level-3'><a class=\"ez-toc-link ez-toc-heading-13\" href=\"https:\/\/icab.eu\/pro\/icab-force\/icab-force-base\/#Cotation\" >Cotation<\/a><\/li><li class='ez-toc-page-1 ez-toc-heading-level-3'><a class=\"ez-toc-link ez-toc-heading-14\" href=\"https:\/\/icab.eu\/pro\/icab-force\/icab-force-base\/#Fonctions\" >Fonctions<\/a><\/li><\/ul><\/li><li class='ez-toc-page-1 ez-toc-heading-level-2'><a class=\"ez-toc-link ez-toc-heading-15\" href=\"https:\/\/icab.eu\/pro\/icab-force\/icab-force-base\/#La_Visualisation_pour_Elements_Finis_inclus_dans_ICAB_Force\" >La Visualisation pour \u00c9l\u00e9ments Finis (inclus dans ICAB Force)<\/a><ul class='ez-toc-list-level-3' ><li class='ez-toc-heading-level-3'><a class=\"ez-toc-link ez-toc-heading-16\" href=\"https:\/\/icab.eu\/pro\/icab-force\/icab-force-base\/#Depouillement_graphique\" >D\u00e9pouillement graphique<\/a><\/li><li class='ez-toc-page-1 ez-toc-heading-level-3'><a class=\"ez-toc-link ez-toc-heading-17\" href=\"https:\/\/icab.eu\/pro\/icab-force\/icab-force-base\/#Validation\" >Validation<\/a><\/li><li class='ez-toc-page-1 ez-toc-heading-level-3'><a class=\"ez-toc-link ez-toc-heading-18\" href=\"https:\/\/icab.eu\/pro\/icab-force\/icab-force-base\/#Analyse_des_resultats\" >Analyse des r\u00e9sultats<\/a><\/li><li class='ez-toc-page-1 ez-toc-heading-level-3'><a class=\"ez-toc-link ez-toc-heading-19\" href=\"https:\/\/icab.eu\/pro\/icab-force\/icab-force-base\/#Annotations\" >Annotations<\/a><\/li><li class='ez-toc-page-1 ez-toc-heading-level-3'><a class=\"ez-toc-link ez-toc-heading-20\" href=\"https:\/\/icab.eu\/pro\/icab-force\/icab-force-base\/#Impression\" >Impression<\/a><\/li><\/ul><\/li><li class='ez-toc-page-1 ez-toc-heading-level-2'><a class=\"ez-toc-link ez-toc-heading-21\" href=\"https:\/\/icab.eu\/pro\/icab-force\/icab-force-base\/#Le_Gestionnaire_de_Projet_pour_Elements_Finis_inclus_dans_ICAB_Force\" >Le Gestionnaire de Projet pour \u00c9l\u00e9ments Finis (inclus dans ICAB Force)<\/a><ul class='ez-toc-list-level-3' ><li class='ez-toc-heading-level-3'><a class=\"ez-toc-link ez-toc-heading-22\" href=\"https:\/\/icab.eu\/pro\/icab-force\/icab-force-base\/#Generation_de_Projets_pour_Elements_Finis\" >G\u00e9n\u00e9ration de Projets pour \u00c9l\u00e9ments Finis<\/a><\/li><li class='ez-toc-page-1 ez-toc-heading-level-3'><a class=\"ez-toc-link ez-toc-heading-23\" href=\"https:\/\/icab.eu\/pro\/icab-force\/icab-force-base\/#Automatisation_de_modelisations_repetitives\" >Automatisation de mod\u00e9lisations r\u00e9p\u00e9titives<\/a><\/li><li class='ez-toc-page-1 ez-toc-heading-level-3'><a class=\"ez-toc-link ez-toc-heading-24\" href=\"https:\/\/icab.eu\/pro\/icab-force\/icab-force-base\/#Compatibilite_avec_les_standards_dechange_de_CAO\" >Compatibilit\u00e9 avec les standards d&rsquo;\u00e9change de CAO<\/a><\/li><li class='ez-toc-page-1 ez-toc-heading-level-3'><a class=\"ez-toc-link ez-toc-heading-25\" href=\"https:\/\/icab.eu\/pro\/icab-force\/icab-force-base\/#ICAB_presente_les_resultats_dans_une_note_de_calcul\" >ICAB pr\u00e9sente les r\u00e9sultats dans une note de calcul<\/a><\/li><\/ul><\/li><\/ul><\/li><\/ul><\/nav><\/div>\n<h1><span class=\"ez-toc-section\" id=\"Icab_Force\"><\/span>Icab Force<span class=\"ez-toc-section-end\"><\/span><\/h1>\n<h1><span class=\"ez-toc-section\" id=\"Analyse_statique_des_structures\"><\/span>Analyse statique des structures<span class=\"ez-toc-section-end\"><\/span><\/h1>\n<p>Le <strong>module de base ICAB Force<\/strong> contient toutes les fonctions suivantes:<\/p>\n<blockquote class=\"menu1\">\n<ul>\n<li><a href=\"https:\/\/www.icab.eu\/force\/icab_force.htm\">Capacit\u00e9s variables<\/a><\/li>\n<li><a href=\"https:\/\/www.icab.eu\/force\/icab_force.htm\">La G\u00e9n\u00e9ration graphique des Constructions<\/a><\/li>\n<li><a href=\"https:\/\/www.icab.eu\/force\/icab_force.htm\">La Visualisation pour \u00c9l\u00e9ments Finis<\/a><\/li>\n<li><a href=\"https:\/\/www.icab.eu\/force\/icab_force.htm\">Le Gestionnaire de Projet<\/a><\/li>\n<li><a href=\"https:\/\/www.icab.eu\/force\/icab_force.htm\">note de calcul<\/a><\/li>\n<\/ul>\n<\/blockquote>\n<h2><span class=\"ez-toc-section\" id=\"Analyse_statique_des_structures-2\"><\/span>Analyse statique des structures<span class=\"ez-toc-section-end\"><\/span><\/h2>\n<p>ICAB Force permet l&rsquo;analyse statique de toute structure tridimensionnelle comprenant des parties form\u00e9es de poutres, de barres, des liaisons \u00e9lastiques, des corps rigides. ICAB Force a \u00e9t\u00e9 test\u00e9 selon le \u00ab\u00a0Guide de validation des progiciels de calcul de structure\u00a0\u00bb \u00e9dit\u00e9 par l&rsquo;AFNOR. Ces tests AFNOR sont fournis comme exemples.<br \/>\n<img fetchpriority=\"high\" decoding=\"async\" title=\"distribution des moments fl\u00e9chissants\" src=\"https:\/\/www.icab.eu\/force\/images\/ssll13.gif\" alt=\"distribution des moments fl\u00e9chissants\" width=\"527\" height=\"361\" \/><\/p>\n<h3><span class=\"ez-toc-section\" id=\"Chargements\"><\/span>Chargements<span class=\"ez-toc-section-end\"><\/span><\/h3>\n<blockquote><p>. Forces et moments,<br \/>\n. charges r\u00e9parties normales aux surfaces de la structure ou parall\u00e8les \u00e0 des directions fix\u00e9es par l&rsquo;utilisateur (r\u00e9partition uniforme ou trap\u00e9zo\u00efdale),<br \/>\n. D\u00e9placement impos\u00e9 en translation ou rotation,<br \/>\n. Champ gravitationnel, forces centrifuges cr\u00e9\u00e9es par une vitesse de rotation,<br \/>\n. Efforts de pr\u00e9contrainte en tension et moments,<br \/>\n. Dilatations thermiques pour une temp\u00e9rature ambiante constante sur la structure ou impos\u00e9e noud par noud,<br \/>\n. pour les tuyaux (tubes creux circulaires CHS) pression interne avec l&rsquo;effet de fond et du poids du fluide de remplissage. La pression hydrostatique est calcul\u00e9e en fonction de la hauteur,<br \/>\n. Chargement multiple qui permet d&rsquo;\u00e9tudier plusieurs sollicitations sur la m\u00eame structure.<\/p><\/blockquote>\n<h3><span class=\"ez-toc-section\" id=\"Bibliotheque_dElement\"><\/span>Biblioth\u00e8que d&rsquo;\u00c9l\u00e9ment<img decoding=\"async\" title=\"El\u00e9ments finis de la configuration ICAB Force standard\" src=\"https:\/\/www.icab.eu\/force\/images\/femlib.gif\" alt=\"El\u00e9ments finis de la configuration ICAB Force standard\" width=\"400\" height=\"235\" align=\"right\" \/><span class=\"ez-toc-section-end\"><\/span><\/h3>\n<blockquote><p>. Poutre \u00e9lanc\u00e9e (th\u00e9orie de Kirchhoff) ou courte (th\u00e9orie de Timoshenko) de section constante ou variable, excentration des fibres neutres,<br \/>\n. Barre \u00e9lastique, ressort,c\u00e2ble (poutre ou barre \u00e9lastique avec un seuil de compression admissible),<br \/>\n. Silentbloc (appui \u00e9lastique) avec rigidit\u00e9s de translation et de rotation,<br \/>\n. Masse concentr\u00e9e avec matrice d&rsquo;inertie,<br \/>\n. Rigidit\u00e9 g\u00e9n\u00e9ralis\u00e9e entre deux degr\u00e9s de libert\u00e9.&amp;#12;Liaisons cin\u00e9matiques<br \/>\n. Barres rigides, barres rotul\u00e9es, corps rigides,<br \/>\n. Couplage entre d\u00e9placements,<br \/>\n. \u00c9tablissement de relations entre degr\u00e9s de libert\u00e9 (MPC, Multi Point Constraint).<\/p><\/blockquote>\n<h3><span class=\"ez-toc-section\" id=\"Resultats\"><\/span>R\u00e9sultats<span class=\"ez-toc-section-end\"><\/span><\/h3>\n<blockquote><p>. D\u00e9placements en translation et rotation,<br \/>\n. Forces et moments de r\u00e9action,<br \/>\n. Efforts r\u00e9sultants: effort de traction ou compression, effort tranchant, moment fl\u00e9chissant,<br \/>\n. fl\u00e8che,<br \/>\n. \u00c9nergies de d\u00e9formation,<br \/>\n. Masses.<\/p><\/blockquote>\n<h3><span class=\"ez-toc-section\" id=\"Devis\"><\/span>Devis<span class=\"ez-toc-section-end\"><\/span><\/h3>\n<blockquote><p>Le prix de la construction est d\u00e9taill\u00e9e en:<\/p>\n<p>. prix total,<br \/>\n. prix par type de section, de profil\u00e9 ou d&rsquo;\u00e9l\u00e9ment,<br \/>\n. prix \u00e9l\u00e9ment par \u00e9l\u00e9ment.<br \/>\nUn co\u00fbt fixe et variable (proportionnel \u00e0 la longueur) est attribu\u00e9 \u00e0 chaque \u00e9l\u00e9ment.<\/p><\/blockquote>\n<h2><span class=\"ez-toc-section\" id=\"Capacites\"><\/span><a name=\"cap\"><\/a>Capacit\u00e9s<span class=\"ez-toc-section-end\"><\/span><\/h2>\n<p>En version <strong>professionnelle<\/strong>, ICAB Force permet de traiter des structures comprenant un nombre illimit\u00e9 de noeuds et d&rsquo;\u00e9l\u00e9ments (sous Windows 95\/98\/NT) ou 32000 entit\u00e9s (sous Windows 3.1).<\/p>\n<p>La version <strong>Initiation<\/strong> est brid\u00e9e pour 150 entit\u00e9s (une entit\u00e9 correspond \u00e0 un noeud, un \u00e9l\u00e9ment)<\/p>\n<p>Avec la version <strong>Evolution<\/strong>, l&rsquo;utilisateur peut choisir une version interm\u00e9diaire\u00a0 (typiquement 2000 entit\u00e9s).<\/p>\n<p>Avec la version <strong>Education<\/strong>, l&rsquo;utilisateur se familiarise avec les calculs de r\u00e9sistance des mat\u00e9riaux et la m\u00e9thode des \u00e9l\u00e9ments finis.<\/p>\n<h2><span class=\"ez-toc-section\" id=\"La_Generation_graphique_des_Constructions_inclus_dans_ICAB_Force\"><\/span><a name=\"generation\"><\/a>La G\u00e9n\u00e9ration graphique des Constructions (inclus dans ICAB Force)<span class=\"ez-toc-section-end\"><\/span><\/h2>\n<h3><span class=\"ez-toc-section\" id=\"Concevez_naturellement\"><\/span>Concevez naturellement<span class=\"ez-toc-section-end\"><\/span><\/h3>\n<h3><img decoding=\"async\" title=\"annotation et cotation sur la structure \u00e0 l'\u00e9cran\" src=\"https:\/\/www.icab.eu\/force\/images\/porti3.gif\" alt=\"annotation et cotation sur la structure \u00e0 l'\u00e9cran\" width=\"527\" height=\"518\" \/><\/h3>\n<blockquote><p>ICAB Force vous permet de concevoir graphiquement les constructions que vous \u00e9tudiez. Vous d\u00e9finissez de mani\u00e8re graphique:<\/p>\n<p>. les noeuds,<br \/>\n. les \u00e9l\u00e9ments, \u00e0 savoir poutres, barres \u00e9lastiques ou rigides, ressorts, appuis \u00e9lastiques, masses,<br \/>\n. les conditions limites et les chargements,<br \/>\n. les mat\u00e9riaux et propri\u00e9t\u00e9s physiques,<br \/>\n. les options de calcul.<\/p>\n<p>Cliquez avec la souris<br \/>\n. Vous cr\u00e9ez, modifiez ou s\u00e9lectionnez les nouds, les \u00e9l\u00e9ments et les chargements par un simple clic avec la souris.<\/p><\/blockquote>\n<h3><span class=\"ez-toc-section\" id=\"Saisie_interactive\"><\/span>Saisie interactive<span class=\"ez-toc-section-end\"><\/span><\/h3>\n<blockquote><p>. vous d\u00e9finissez les caract\u00e9ristiques des mat\u00e9riaux et des propri\u00e9t\u00e9s physiques avec des masques de saisie. Vous \u00e9vitez ainsi les erreurs d&rsquo;encodage.<\/p>\n<p>. Les propri\u00e9t\u00e9s peuvent \u00eatre directement extraites d&rsquo;une biblioth\u00e8que qui est compl\u00e9t\u00e9 avec un utilitaire de calcul de propri\u00e9t\u00e9s de sections qui permet aussi d&rsquo;utiliser des tubes circulaires ou rectangulaires, les profil\u00e9s lamin\u00e9s I, H, T, U, PRS sym\u00e9triques et dissym\u00e9triques, corni\u00e8res, pannes Z pour lesquels vous indiquez simplement les dimensions. Vous \u00e9vitez les saisies fastidieuses et supprimez les risques d&rsquo;erreurs.<\/p><\/blockquote>\n<h3><span class=\"ez-toc-section\" id=\"Controle_visuel\"><\/span>Contr\u00f4le visuel<span class=\"ez-toc-section-end\"><\/span><\/h3>\n<blockquote><p>. Toutes les modifications sont imm\u00e9diatement pr\u00e9sent\u00e9es sur \u00e9cran. Vous contr\u00f4lez en temps r\u00e9el la conception de la structure.<\/p>\n<p>. Vous pouvez d\u00e9placer, zoomer, faire tourner pour visualiser un d\u00e9tail ou l&rsquo;ensemble de la construction.<\/p>\n<p>. Vous pouvez g\u00e9rer des parties de la structure selon des couches (similaires aux \u00ab\u00a0layers\u00a0\u00bb AutoCAD).<\/p><\/blockquote>\n<h3><span class=\"ez-toc-section\" id=\"Cotation\"><\/span>Cotation<span class=\"ez-toc-section-end\"><\/span><\/h3>\n<blockquote><p>. cotation automatique (la modification de la g\u00e9om\u00e9trie engendre imm\u00e9diatement de nouvelles cotations)<br \/>\n. insertion de commentaires quelconques.<br \/>\n. choix de la police de caract\u00e8re (Windows TrueType, imprimante, traceur&#8230;)<\/p><\/blockquote>\n<h3><span class=\"ez-toc-section\" id=\"Fonctions\"><\/span>Fonctions<span class=\"ez-toc-section-end\"><\/span><\/h3>\n<blockquote><p>. utilisations de rep\u00e8res locaux quelconques (cart\u00e9siens, cylindriques, sph\u00e9riques) ou rep\u00e8res relatifs (\u00e0 un noud, une poutre) pour la d\u00e9finition des coordonn\u00e9es des nouds.<br \/>\n. op\u00e9rations de fusion-soudure automatiques entre nouds proches ou poutres adjacentes.<br \/>\n. op\u00e9rations de copier\/d\u00e9placer avec translation, rotation, pas-de-vis, sym\u00e9tries par rapport \u00e0 un point, une droite ou un plan.<\/p>\n<p>&nbsp;<\/p><\/blockquote>\n<h2><span class=\"ez-toc-section\" id=\"La_Visualisation_pour_Elements_Finis_inclus_dans_ICAB_Force\"><\/span><a name=\"visualisation\"><\/a>La Visualisation pour \u00c9l\u00e9ments Finis (inclus dans ICAB Force)<span class=\"ez-toc-section-end\"><\/span><\/h2>\n<h3><span class=\"ez-toc-section\" id=\"Depouillement_graphique\"><\/span>D\u00e9pouillement graphique<span class=\"ez-toc-section-end\"><\/span><\/h3>\n<blockquote><p>. visualisation de structures mod\u00e9lis\u00e9es par des \u00e9l\u00e9ments \u00e9lanc\u00e9s ou ponctuels (repr\u00e9sentation filaire ou \u00ab\u00a0rendu r\u00e9aliste\u00a0\u00bb avec \u00e9clairage modifiable).<br \/>\n. analyse des r\u00e9sultats de simulation num\u00e9rique.<br \/>\n. courbes enveloppes des efforts r\u00e9sultants.<\/p><\/blockquote>\n<h3><span class=\"ez-toc-section\" id=\"Validation\"><\/span>Validation<span class=\"ez-toc-section-end\"><\/span><\/h3>\n<blockquote><p>Avant un calcul, ICAB permet de v\u00e9rifier les:<\/p>\n<p>. charges r\u00e9parties normales aux surfaces de la structure ou parall\u00e8les \u00e0 des directions fix\u00e9es par l&rsquo;utilisateur,<br \/>\n. forces et moments concentr\u00e9s,<br \/>\n. d\u00e9placements impos\u00e9s en translation ou rotation,<br \/>\n. num\u00e9rotation et appellation des nouds et \u00e9l\u00e9ments sur tout ou partie de la structure,<br \/>\n. familles d&rsquo;\u00e9l\u00e9ments par des repr\u00e9sentations graphiques distinguant masses, ressorts, barres \u00e9lastiques ou rigides, poutres, silentblocs. Rep\u00e8res locaux sur les \u00e9l\u00e9ments.<\/p><\/blockquote>\n<h3><span class=\"ez-toc-section\" id=\"Analyse_des_resultats\"><\/span>Analyse des r\u00e9sultats<span class=\"ez-toc-section-end\"><\/span><\/h3>\n<blockquote><p>Apr\u00e8s un calcul, ICAB repr\u00e9sente sur la structure:<\/p>\n<p>. la d\u00e9form\u00e9e, les fl\u00e8ches,<br \/>\n. les forces et moments de r\u00e9action,<br \/>\n. les efforts de traction ou compression,<br \/>\n. les efforts tranchants, les moments fl\u00e9chissants,<br \/>\n. les contraintes ( , , Mises, Tsai-Wu), les crit\u00e8res de ruine,<br \/>\n. les \u00e9nergies de d\u00e9formation, les masses, les co\u00fbts.<\/p>\n<p>Les iso-valeurs sont repr\u00e9sent\u00e9es en couleur ou en nuances de gris.Localisation des amplitudes<\/p>\n<p>ICAB fournit:<\/p>\n<p>. les valeurs extr\u00eames des d\u00e9placements de translation et rotation, des forces et moments de r\u00e9action, des efforts de traction\/ compression, des moments fl\u00e9chissants, des masses (partielle et totale), des \u00e9nergies de d\u00e9formation, des contraintes, des crit\u00e8res de ruine, avec<br \/>\n. obtention des valeurs num\u00e9riques aux nouds et aux \u00e9l\u00e9ments avec s\u00e9lection par la souris.<\/p><\/blockquote>\n<h3><span class=\"ez-toc-section\" id=\"Annotations\"><\/span>Annotations<span class=\"ez-toc-section-end\"><\/span><\/h3>\n<blockquote><p>. insertion de commentaires quelconques, indication automatique de n&rsquo;importe quel r\u00e9sultat de calcul sur des nouds ou des \u00e9l\u00e9ments.<br \/>\n. cotation automatique.<\/p><\/blockquote>\n<h3><span class=\"ez-toc-section\" id=\"Impression\"><\/span>Impression<span class=\"ez-toc-section-end\"><\/span><\/h3>\n<blockquote><p>. Tous les graphiques pr\u00e9sent\u00e9s sur l&rsquo;\u00e9cran peuvent \u00eatre imprim\u00e9s par les milliers d&rsquo;imprimantes reconnues par Windows.<br \/>\n. La taille des graphiques peut \u00eatre ajust\u00e9e par l&rsquo;utilisateur.<br \/>\n. Copie \u00e9cran. Fonction couper\/coller qui ins\u00e8re directement l&rsquo;image \u00e9cran ICAB dans un traitement de texte Windows (dont Write fourni avec Windows).<\/p>\n<p>&nbsp;<\/p><\/blockquote>\n<h2><span class=\"ez-toc-section\" id=\"Le_Gestionnaire_de_Projet_pour_Elements_Finis_inclus_dans_ICAB_Force\"><\/span><a name=\"project\"><\/a>Le Gestionnaire de Projet pour \u00c9l\u00e9ments Finis (inclus dans ICAB Force)<span class=\"ez-toc-section-end\"><\/span><\/h2>\n<h3><span class=\"ez-toc-section\" id=\"Generation_de_Projets_pour_Elements_Finis\"><\/span>G\u00e9n\u00e9ration de Projets pour \u00c9l\u00e9ments Finis<span class=\"ez-toc-section-end\"><\/span><\/h3>\n<blockquote><p>. Cr\u00e9ation des projets, bases de donn\u00e9es communiquant avec toutes les applications ICAB.<\/p>\n<p>. L&rsquo;unicit\u00e9 de la base de donn\u00e9es garantit l&rsquo;int\u00e9grit\u00e9 des informations.<\/p><\/blockquote>\n<h3><span class=\"ez-toc-section\" id=\"Automatisation_de_modelisations_repetitives\"><\/span>Automatisation de mod\u00e9lisations r\u00e9p\u00e9titives<span class=\"ez-toc-section-end\"><\/span><\/h3>\n<blockquote><p><small>.<\/small> Le format IGA, d\u00e9velopp\u00e9 par ICAB \u00e0 partir de la norme IGES, \u00e9tend les possibilit\u00e9s de repr\u00e9sentation du format IGES pour \u00c9l\u00e9ments Finis.<\/p>\n<p>. Des param\u00e8tres et des tests, conformes aux conventions du langage C, permettent des adaptations tr\u00e8s rapides du mod\u00e8le.<\/p>\n<p>. Un mod\u00e8le nouveau peut \u00eatre form\u00e9 \u00e0 partir de plusieurs fichiers IGA d\u00e9j\u00e0 test\u00e9s.<\/p>\n<p>. Un mod\u00e8le peut aussi \u00eatre construit \u00e0 partir d&rsquo;une feuille de calcul au format Lotus 1-2-3 que vous \u00e9ditez \u00e0 partir de n&rsquo;importe quel tableur.<\/p><\/blockquote>\n<h3><span class=\"ez-toc-section\" id=\"Compatibilite_avec_les_standards_dechange_de_CAO\"><\/span>Compatibilit\u00e9 avec les standards d&rsquo;\u00e9change de CAO<span class=\"ez-toc-section-end\"><\/span><\/h3>\n<blockquote><p>. Format IGES (version 5.1, entit\u00e9s de type Dessin ou \u00c9l\u00e9ment Fini).<br \/>\n. Format DXF pour AutoCAD ou tout logiciel de DAO compatible.<br \/>\n. Format UNIVERSEL, d\u00e9di\u00e9 aux \u00e9changes de mod\u00e8les \u00c9l\u00e9ments Finis utilis\u00e9 par les logiciels Supertab, IDEAS de SDRC.<\/p>\n<p>. Format de projet capable de d\u00e9crire tous les mod\u00e8les de structure pour des analyses statiques, dynamiques ou thermiques avec un grand choix d&rsquo;\u00e9l\u00e9ments 1D, 2D, 3D et des chargements nodaux, surfaciques ou volumiques.<\/p><\/blockquote>\n<h3><span class=\"ez-toc-section\" id=\"ICAB_presente_les_resultats_dans_une_note_de_calcul\"><\/span>ICAB pr\u00e9sente les r\u00e9sultats dans une <a name=\"note\"><\/a>note de calcul<span class=\"ez-toc-section-end\"><\/span><\/h3>\n<blockquote><p>. Vous pouvez s\u00e9lectionner une partie des r\u00e9sultats \u00e0 extraire pour n&rsquo;obtenir que les sorties qui vous int\u00e9ressent (par exemple uniquement les r\u00e9actions, ou uniquement les \u00e9l\u00e9ments de m\u00eame section).<br \/>\n. Obtention de l&rsquo;enveloppe des r\u00e9sultats, c&rsquo;est-\u00e0-dire la recherche des valeurs extr\u00eames pour l&rsquo;ensemble des calculs et des combinaisons de chargements.<br \/>\n. Vous obtenez directement la note de calcul sur imprimante ou sur fichier au format ASCII ou Lotus WKS. Ainsi, vous pouvez \u00e9diter et enrichir la note de calcul sur tout traitement de texte ou tableur.<\/p>\n<p>Mod\u00e8les de notes de calcul<\/p>\n<p>Chaque utilisateur peut personnaliser un mod\u00e8le de pr\u00e9sentation de note de calcul<br \/>\n. au format RTF (Rich Text Format) qui permet de grandes possibilit\u00e9s de mise en page<br \/>\n. insertion de pages de garde, d&rsquo;en-t\u00eate<br \/>\n. \u00e9ditable et compatible avec un \u00e9diteur de type WordPad ou Microsoft Office Word.<\/p><\/blockquote>\n","protected":false},"excerpt":{"rendered":"<p>Icab Force Analyse statique des structures Le module de base ICAB Force contient toutes les fonctions suivantes: Capacit\u00e9s variables La G\u00e9n\u00e9ration graphique des Constructions La Visualisation pour \u00c9l\u00e9ments Finis Le Gestionnaire de Projet note de calcul Analyse statique des structures ICAB Force permet l&rsquo;analyse statique de toute structure tridimensionnelle comprenant des parties form\u00e9es de poutres, [&hellip;]<\/p>\n","protected":false},"author":2,"featured_media":0,"parent":132,"menu_order":0,"comment_status":"closed","ping_status":"closed","template":"","meta":{"_bbp_topic_count":0,"_bbp_reply_count":0,"_bbp_total_topic_count":0,"_bbp_total_reply_count":0,"_bbp_voice_count":0,"_bbp_anonymous_reply_count":0,"_bbp_topic_count_hidden":0,"_bbp_reply_count_hidden":0,"_bbp_forum_subforum_count":0,"footnotes":""},"class_list":["post-513","page","type-page","status-publish","hentry"],"_links":{"self":[{"href":"https:\/\/icab.eu\/pro\/wp-json\/wp\/v2\/pages\/513","targetHints":{"allow":["GET"]}}],"collection":[{"href":"https:\/\/icab.eu\/pro\/wp-json\/wp\/v2\/pages"}],"about":[{"href":"https:\/\/icab.eu\/pro\/wp-json\/wp\/v2\/types\/page"}],"author":[{"embeddable":true,"href":"https:\/\/icab.eu\/pro\/wp-json\/wp\/v2\/users\/2"}],"replies":[{"embeddable":true,"href":"https:\/\/icab.eu\/pro\/wp-json\/wp\/v2\/comments?post=513"}],"version-history":[{"count":3,"href":"https:\/\/icab.eu\/pro\/wp-json\/wp\/v2\/pages\/513\/revisions"}],"predecessor-version":[{"id":517,"href":"https:\/\/icab.eu\/pro\/wp-json\/wp\/v2\/pages\/513\/revisions\/517"}],"up":[{"embeddable":true,"href":"https:\/\/icab.eu\/pro\/wp-json\/wp\/v2\/pages\/132"}],"wp:attachment":[{"href":"https:\/\/icab.eu\/pro\/wp-json\/wp\/v2\/media?parent=513"}],"curies":[{"name":"wp","href":"https:\/\/api.w.org\/{rel}","templated":true}]}}