{"id":525,"date":"2022-06-20T11:46:11","date_gmt":"2022-06-20T09:46:11","guid":{"rendered":"https:\/\/icab.eu\/pro\/?page_id=525"},"modified":"2022-10-14T17:49:53","modified_gmt":"2022-10-14T15:49:53","slug":"formation-icab-peruzzetto","status":"publish","type":"page","link":"https:\/\/icab.eu\/pro\/formation-icab-peruzzetto\/","title":{"rendered":"Formation ICAB &#8211; Peruzzetto"},"content":{"rendered":"<div id=\"ez-toc-container\" class=\"ez-toc-v2_0_82_2 counter-hierarchy ez-toc-counter ez-toc-grey ez-toc-container-direction\">\n<p class=\"ez-toc-title\" style=\"cursor:inherit\">Sommaire<\/p>\n<label for=\"ez-toc-cssicon-toggle-item-69fdd281ec42e\" class=\"ez-toc-cssicon-toggle-label\"><span class=\"\"><span class=\"eztoc-hide\" style=\"display:none;\">Toggle<\/span><span class=\"ez-toc-icon-toggle-span\"><svg style=\"fill: #999;color:#999\" xmlns=\"http:\/\/www.w3.org\/2000\/svg\" class=\"list-377408\" width=\"20px\" height=\"20px\" viewBox=\"0 0 24 24\" fill=\"none\"><path d=\"M6 6H4v2h2V6zm14 0H8v2h12V6zM4 11h2v2H4v-2zm16 0H8v2h12v-2zM4 16h2v2H4v-2zm16 0H8v2h12v-2z\" fill=\"currentColor\"><\/path><\/svg><svg style=\"fill: #999;color:#999\" class=\"arrow-unsorted-368013\" xmlns=\"http:\/\/www.w3.org\/2000\/svg\" width=\"10px\" height=\"10px\" viewBox=\"0 0 24 24\" version=\"1.2\" baseProfile=\"tiny\"><path d=\"M18.2 9.3l-6.2-6.3-6.2 6.3c-.2.2-.3.4-.3.7s.1.5.3.7c.2.2.4.3.7.3h11c.3 0 .5-.1.7-.3.2-.2.3-.5.3-.7s-.1-.5-.3-.7zM5.8 14.7l6.2 6.3 6.2-6.3c.2-.2.3-.5.3-.7s-.1-.5-.3-.7c-.2-.2-.4-.3-.7-.3h-11c-.3 0-.5.1-.7.3-.2.2-.3.5-.3.7s.1.5.3.7z\"\/><\/svg><\/span><\/span><\/label><input type=\"checkbox\"  id=\"ez-toc-cssicon-toggle-item-69fdd281ec42e\"  aria-label=\"Toggle\" \/><nav><ul class='ez-toc-list ez-toc-list-level-1 ' ><li class='ez-toc-page-1 ez-toc-heading-level-1'><a class=\"ez-toc-link ez-toc-heading-1\" href=\"https:\/\/icab.eu\/pro\/formation-icab-peruzzetto\/#Organisation_des_plans_de_formations_ICAB\" >Organisation des plans de formations ICAB<\/a><ul class='ez-toc-list-level-2' ><li class='ez-toc-heading-level-2'><a class=\"ez-toc-link ez-toc-heading-2\" href=\"https:\/\/icab.eu\/pro\/formation-icab-peruzzetto\/#Formateur_Pierre_PERUZZETTO\" >Formateur\u00a0:\u00a0\u00a0 Pierre PERUZZETTO<\/a><\/li><\/ul><\/li><li class='ez-toc-page-1 ez-toc-heading-level-1'><a class=\"ez-toc-link ez-toc-heading-3\" href=\"https:\/\/icab.eu\/pro\/formation-icab-peruzzetto\/#Objectifs_pedagogiques\" >Objectifs p\u00e9dagogiques<\/a><ul class='ez-toc-list-level-2' ><li class='ez-toc-heading-level-2'><a class=\"ez-toc-link ez-toc-heading-4\" href=\"https:\/\/icab.eu\/pro\/formation-icab-peruzzetto\/#Pre_requis\" >Pr\u00e9 requis<\/a><\/li><li class='ez-toc-page-1 ez-toc-heading-level-2'><a class=\"ez-toc-link ez-toc-heading-5\" href=\"https:\/\/icab.eu\/pro\/formation-icab-peruzzetto\/#Modalites_devaluation\" >Modalit\u00e9s d\u2019\u00e9valuation<\/a><\/li><\/ul><\/li><li class='ez-toc-page-1 ez-toc-heading-level-1'><a class=\"ez-toc-link ez-toc-heading-6\" href=\"https:\/\/icab.eu\/pro\/formation-icab-peruzzetto\/#Modalites_pedagogiques\" >Modalit\u00e9s p\u00e9dagogiques<\/a><ul class='ez-toc-list-level-2' ><li class='ez-toc-heading-level-2'><a class=\"ez-toc-link ez-toc-heading-7\" href=\"https:\/\/icab.eu\/pro\/formation-icab-peruzzetto\/#Theorie\" >Th\u00e9orie<\/a><\/li><li class='ez-toc-page-1 ez-toc-heading-level-2'><a class=\"ez-toc-link ez-toc-heading-8\" href=\"https:\/\/icab.eu\/pro\/formation-icab-peruzzetto\/#Pratique\" >Pratique<\/a><\/li><li class='ez-toc-page-1 ez-toc-heading-level-2'><a class=\"ez-toc-link ez-toc-heading-9\" href=\"https:\/\/icab.eu\/pro\/formation-icab-peruzzetto\/#Mise_en_situation\" >Mise en situation<\/a><\/li><li class='ez-toc-page-1 ez-toc-heading-level-2'><a class=\"ez-toc-link ez-toc-heading-10\" href=\"https:\/\/icab.eu\/pro\/formation-icab-peruzzetto\/#Etude_de_cas\" >Etude de cas<\/a><\/li><\/ul><\/li><li class='ez-toc-page-1 ez-toc-heading-level-1'><a class=\"ez-toc-link ez-toc-heading-11\" href=\"https:\/\/icab.eu\/pro\/formation-icab-peruzzetto\/#Accueil_des_stagiaires\" >Accueil des stagiaires<\/a><ul class='ez-toc-list-level-2' ><li class='ez-toc-heading-level-2'><a class=\"ez-toc-link ez-toc-heading-12\" href=\"https:\/\/icab.eu\/pro\/formation-icab-peruzzetto\/#Presentiel\" >Pr\u00e9sentiel<\/a><\/li><li class='ez-toc-page-1 ez-toc-heading-level-2'><a class=\"ez-toc-link ez-toc-heading-13\" href=\"https:\/\/icab.eu\/pro\/formation-icab-peruzzetto\/#Visioconference\" >Visioconf\u00e9rence<\/a><\/li><\/ul><\/li><\/ul><\/nav><\/div>\n<h1><span class=\"ez-toc-section\" id=\"Organisation_des_plans_de_formations_ICAB\"><\/span>Organisation des <a href=\"https:\/\/icab.eu\/pro\/formations-icab\/\">plans de formations ICAB<\/a><span class=\"ez-toc-section-end\"><\/span><\/h1>\n<p>&nbsp;<\/p>\n<p>Depuis 1991, la soci\u00e9t\u00e9 ICAB d\u00e9veloppe et commercialise des logiciels de calcul de structure sous Windows et assure les formations de ses clients. Pierre PERUZZETTO se charge de ces formations.<\/p>\n<p>&nbsp;<\/p>\n<p>&nbsp;<\/p>\n<h2><span class=\"ez-toc-section\" id=\"Formateur_Pierre_PERUZZETTO\"><\/span>Formateur\u00a0:\u00a0\u00a0 <strong>Pierre PERUZZETTO<\/strong><span class=\"ez-toc-section-end\"><\/span><\/h2>\n<p>&nbsp;<\/p>\n<p>1991 fondateur de la soci\u00e9t\u00e9 ICAB<\/p>\n<p><em>\u00a0\u00a0\u00a0\u00a0\u00a0\u00a0\u00a0\u00a0\u00a0\u00a0\u00a0\u00a0\u00a0\u00a0\u00a0\u00a0\u00a0\u00a0\u00a0\u00a0 d\u00e9veloppement du logiciel ICAB et suivi des prestations \u00e0 la client\u00e8le<\/em><\/p>\n<p>&nbsp;<\/p>\n<p>1986-1991\u00a0\u00a0\u00a0 exp\u00e9rience dans l\u2019industrie<\/p>\n<p><em>mod\u00e9lisations num\u00e9riques et conduite d\u2019essais dans un d\u00e9partement de recherche et d\u00e9veloppement d\u2019une soci\u00e9t\u00e9 disposant de plus de 3000 personnes dans ce service R&amp;D.<\/em><\/p>\n<p><em>\u00a0<\/em><\/p>\n<p>1988 dipl\u00f4me Master of Philosophy (M.Phil) de l\u2019universit\u00e9 de Southampton (UK)<\/p>\n<p><em>th\u00e8se soutenue dans le cadre d\u2019un contrat de recherche \u00e0 l\u2019ISVR (Institute of Sound and Vibration Research)<\/em><\/p>\n<p><em>\u00a0<\/em><\/p>\n<p>1986 dipl\u00f4me d\u2019Ing\u00e9nieur civil de l\u2019Ecole Nationale Sup\u00e9rieure des Mines de Paris (ENSMP)<\/p>\n<p><em>option suivie\u00a0: mat\u00e9riaux avec sp\u00e9cialisation dans le calcul de structure par la m\u00e9thode des \u00e9l\u00e9ments finis<\/em><\/p>\n<p><em>\u00a0<\/em><\/p>\n<p>L\u2019objectif des formations ICAB est de familiariser les stagiaires \u00e0 la pratique du calcul de structure pour les domaines d\u2019application du client.<\/p>\n<p>&nbsp;<\/p>\n<h1><span class=\"ez-toc-section\" id=\"Objectifs_pedagogiques\"><\/span><strong>Objectifs p\u00e9dagogiques<\/strong><span class=\"ez-toc-section-end\"><\/span><\/h1>\n<p>Les formations dispens\u00e9es par la soci\u00e9t\u00e9 ICAB ont pour objet de rendre op\u00e9rationnelles les personnes charg\u00e9es de conception par le calcul de structure par \u00e9l\u00e9ments finis au sein de bureaux d\u2019\u00e9tudes\u00a0; les structures \u00e9tudi\u00e9es sont celles soumises aux r\u00e8gles et normes de construction applicables en France, en particulier les Eurocodes (normes europ\u00e9ennes EN1990 \u00e0 EN1999).<\/p>\n<p>&nbsp;<\/p>\n<p>Les formations se sp\u00e9cialisent selon le champ d\u2019application concern\u00e9 par l\u2019entreprise qui souhaite former des stagiaire selon<\/p>\n<p>&#8211; le type de chargement applicable (charges d\u2019exploitation, charges climatiques, charges sismiques, effets thermiques, tenue au feu)<\/p>\n<p>&#8211; le type de mat\u00e9riau utilis\u00e9 (acier, aluminium, bois, b\u00e9ton)<\/p>\n<p>&#8211; le type de structure (b\u00e2timent, pyl\u00f4ne, treillis, ouvrages hydrauliques, appareils \u00e0 pression)<\/p>\n<p>&nbsp;<\/p>\n<h2><span class=\"ez-toc-section\" id=\"Pre_requis\"><\/span><strong>Pr\u00e9 requis<\/strong><span class=\"ez-toc-section-end\"><\/span><\/h2>\n<p>Les stagiaires ont des connaissances pr\u00e9alables de m\u00e9canique des milieux continus, en r\u00e9sistance des mat\u00e9riaux\u00a0; le public vis\u00e9 inclut notamment les dipl\u00f4m\u00e9s d\u2019\u00e9coles d\u2019ing\u00e9nieurs, IUT, BTS avec une sp\u00e9cialisation en g\u00e9nie m\u00e9canique.<\/p>\n<p>Ces pr\u00e9 requis sont similaires pour toutes les formations propos\u00e9es par la soci\u00e9t\u00e9 ICAB.<\/p>\n<p>&nbsp;<\/p>\n<h2><span class=\"ez-toc-section\" id=\"Modalites_devaluation\"><\/span><strong>Modalit\u00e9s d\u2019\u00e9valuation<\/strong><span class=\"ez-toc-section-end\"><\/span><\/h2>\n<p>Les stagiaires d\u00e9montrent leur capacit\u00e9 de conception par la mise en \u0153uvre pratique d\u2019une note de calcul correspondant au champ d\u2019application de la formation choisie avec l\u2019utilisation du logiciel de calcul de structure ICAB.<\/p>\n<p>&nbsp;<\/p>\n<h1><span class=\"ez-toc-section\" id=\"Modalites_pedagogiques\"><\/span><strong>Modalit\u00e9s p\u00e9dagogiques<\/strong><span class=\"ez-toc-section-end\"><\/span><\/h1>\n<p>&nbsp;<\/p>\n<h2><span class=\"ez-toc-section\" id=\"Theorie\"><\/span><strong>Th\u00e9orie<\/strong><span class=\"ez-toc-section-end\"><\/span><\/h2>\n<p>Les rappels de m\u00e9canique de milieux continus, sp\u00e9cifiquement la th\u00e9orie des poutres et des coques, sont expos\u00e9s aux stagiaires.<\/p>\n<p>&nbsp;<\/p>\n<h2><span class=\"ez-toc-section\" id=\"Pratique\"><\/span><strong>Pratique<\/strong><span class=\"ez-toc-section-end\"><\/span><\/h2>\n<p>Les pr\u00e9sentations th\u00e9oriques de calcul de structure s\u2019appuient sur des exemples dans des champs d\u2019application indiqu\u00e9s par l\u2019entreprise du stagiaire.<\/p>\n<p>&nbsp;<\/p>\n<h2><span class=\"ez-toc-section\" id=\"Mise_en_situation\"><\/span><strong>Mise en situation<\/strong><span class=\"ez-toc-section-end\"><\/span><\/h2>\n<p>Une mise en \u0153uvre de conception est r\u00e9alis\u00e9e avec le logiciel ICAB \u00e0 partir de structures indiqu\u00e9es l\u2019entreprise du stagiaire.<\/p>\n<p>&nbsp;<\/p>\n<h2><span class=\"ez-toc-section\" id=\"Etude_de_cas\"><\/span><strong>Etude de cas<\/strong><span class=\"ez-toc-section-end\"><\/span><\/h2>\n<p>Les exemples p\u00e9dagogiques \u00e9tudi\u00e9s sont notamment extraits du \u00ab\u00a0Guide de validation des progiciels de calcul de structures\u00a0\u00bb publi\u00e9 par l&rsquo;AFNOR (ISBN 2-12-486611-7).<\/p>\n<p>Ces tests ont \u00e9t\u00e9 \u00e9labor\u00e9s par la Soci\u00e9t\u00e9 Fran\u00e7aise des M\u00e9caniciens (SFM) avec pour objectif de \u00ab\u00a0contribuer \u00e0 l&rsquo;am\u00e9lioration de la qualit\u00e9 et de la fiabilit\u00e9 des progiciels de calcul de structures, outils indispensables \u00e0 la conception et au dimensionnement des \u00e9quipements m\u00e9caniques\u00a0\u00bb.<\/p>\n<h1><span class=\"ez-toc-section\" id=\"Accueil_des_stagiaires\"><\/span><strong>Accueil des stagiaires<\/strong><span class=\"ez-toc-section-end\"><\/span><\/h1>\n<h2><span class=\"ez-toc-section\" id=\"Presentiel\"><\/span>Pr\u00e9sentiel<span class=\"ez-toc-section-end\"><\/span><\/h2>\n<p>Les stagiaires sont accueillis dans une salle de formation au sein des bureaux ICAB.<\/p>\n<p>A d\u00e9faut d\u2019indication contraire, les stagiaires se pr\u00e9senteront \u00e0 8h45 dans les locaux ICAB au 2 rue Joly, 31400 Toulouse.<\/p>\n<p>Les supports de formation seront pr\u00e9sent\u00e9s sur \u00e9cran.<\/p>\n<p>Des copies de ces supports seront fournis pr\u00e9alablement au stagiaire au format informatique pdf qui\u00a0 pourront \u00eatre imprim\u00e9s pour d\u2019\u00e9ventuelles annotations par le stagiaire au cours de la formation.<\/p>\n<p>Chaque stagiaire peut venir avec son propre ordinateur portable.<\/p>\n<h2><span class=\"ez-toc-section\" id=\"Visioconference\"><\/span>Visioconf\u00e9rence<span class=\"ez-toc-section-end\"><\/span><\/h2>\n<p>L&rsquo;encadrement en visioconf\u00e9rence est \u00e9galement possible avec lla possibilit\u00e9 de fractionner une formation en courtes s\u00e9ances.<\/p>\n<p>&nbsp;<\/p>\n","protected":false},"excerpt":{"rendered":"<p>Organisation des plans de formations ICAB &nbsp; Depuis 1991, la soci\u00e9t\u00e9 ICAB d\u00e9veloppe et commercialise des logiciels de calcul de structure sous Windows et assure les formations de ses clients. Pierre PERUZZETTO se charge de ces formations. &nbsp; &nbsp; Formateur\u00a0:\u00a0\u00a0 Pierre PERUZZETTO &nbsp; 1991 fondateur de la soci\u00e9t\u00e9 ICAB \u00a0\u00a0\u00a0\u00a0\u00a0\u00a0\u00a0\u00a0\u00a0\u00a0\u00a0\u00a0\u00a0\u00a0\u00a0\u00a0\u00a0\u00a0\u00a0\u00a0 d\u00e9veloppement du logiciel ICAB et [&hellip;]<\/p>\n","protected":false},"author":2,"featured_media":0,"parent":0,"menu_order":0,"comment_status":"closed","ping_status":"closed","template":"","meta":{"_bbp_topic_count":0,"_bbp_reply_count":0,"_bbp_total_topic_count":0,"_bbp_total_reply_count":0,"_bbp_voice_count":0,"_bbp_anonymous_reply_count":0,"_bbp_topic_count_hidden":0,"_bbp_reply_count_hidden":0,"_bbp_forum_subforum_count":0,"footnotes":""},"class_list":["post-525","page","type-page","status-publish","hentry"],"_links":{"self":[{"href":"https:\/\/icab.eu\/pro\/wp-json\/wp\/v2\/pages\/525","targetHints":{"allow":["GET"]}}],"collection":[{"href":"https:\/\/icab.eu\/pro\/wp-json\/wp\/v2\/pages"}],"about":[{"href":"https:\/\/icab.eu\/pro\/wp-json\/wp\/v2\/types\/page"}],"author":[{"embeddable":true,"href":"https:\/\/icab.eu\/pro\/wp-json\/wp\/v2\/users\/2"}],"replies":[{"embeddable":true,"href":"https:\/\/icab.eu\/pro\/wp-json\/wp\/v2\/comments?post=525"}],"version-history":[{"count":6,"href":"https:\/\/icab.eu\/pro\/wp-json\/wp\/v2\/pages\/525\/revisions"}],"predecessor-version":[{"id":743,"href":"https:\/\/icab.eu\/pro\/wp-json\/wp\/v2\/pages\/525\/revisions\/743"}],"wp:attachment":[{"href":"https:\/\/icab.eu\/pro\/wp-json\/wp\/v2\/media?parent=525"}],"curies":[{"name":"wp","href":"https:\/\/api.w.org\/{rel}","templated":true}]}}