{"id":539,"date":"2021-10-13T10:36:24","date_gmt":"2021-10-13T08:36:24","guid":{"rendered":"https:\/\/icab.eu\/pro\/?page_id=539"},"modified":"2025-11-21T12:48:18","modified_gmt":"2025-11-21T11:48:18","slug":"tarifs","status":"publish","type":"page","link":"https:\/\/icab.eu\/pro\/tarifs\/","title":{"rendered":"Tarifs ICAB"},"content":{"rendered":"<table border=\"0\" width=\"95%\" cellpadding=\"0\">\n<tbody>\n<tr>\n<td width=\"81%\"><span style=\"font-family: Times New Roman; font-size: small;\"><b>Tarif des applications ICAB, 2025<\/b> <\/span><\/td>\n<td width=\"19%\">\n<p align=\"right\"><strong>Euro HT<br \/>\n<\/strong><small><small>TVA applicable 20%<\/small><\/small><br \/>\n<small><small>r\u00e9visables sans pr\u00e9avis<\/small><\/small><\/p>\n<\/td>\n<\/tr>\n<tr>\n<td width=\"81%\"><span style=\"font-family: Times New Roman; font-size: medium;\"><b>ICAB Force <a href=\"https:\/\/icab.eu\/pro\/icab-version-6-0\/\">version 6.0<\/a><\/b><\/span><span style=\"font-family: Times New Roman; font-size: small;\">: application de base incluant clef de protection, g\u00e9n\u00e9ration graphique, calcul, visualisation, \u00e9dition des notes de calculs pour structures 3D, sous Windows.<br \/>\n<u><span style=\"font-size: large;\"><i>Versions selon taille du mod\u00e8le<\/i><\/span><\/u><\/span><\/td>\n<td align=\"right\" width=\"19%\"><strong>\u20ac <\/strong><\/td>\n<\/tr>\n<tr>\n<td width=\"81%\">\n<p align=\"justify\"><span style=\"font-family: Times New Roman; font-size: small;\"><b>ICAB Force Education (50)<br \/>\n<\/b>La version <em>Education<\/em> permet de calculer des structures 3D jusqu&rsquo;\u00e0 <b>50<\/b> entit\u00e9s (une entit\u00e9 correspond \u00e0 un noeud, un \u00e9l\u00e9ment).<\/span><\/p>\n<\/td>\n<td align=\"right\" width=\"19%\">490<\/td>\n<\/tr>\n<tr>\n<td width=\"81%\">\n<p align=\"justify\"><span style=\"font-family: Times New Roman; font-size: small;\"><b>ICAB Force Initiation<\/b> <b>(150)<\/b><br \/>\nStructures 3D de taille limit\u00e9e \u00e0 150 entit\u00e9s: la version <em>Initiation<\/em> permet de calculer des structures 3D jusqu&rsquo;\u00e0 <b>150<\/b> entit\u00e9s (une entit\u00e9 correspond \u00e0 un noeud, un \u00e9l\u00e9ment).<\/span><\/p>\n<\/td>\n<td align=\"right\" width=\"19%\">950<\/td>\n<\/tr>\n<tr>\n<td width=\"81%\">\n<p align=\"justify\"><span style=\"font-family: Times New Roman; font-size: small;\"><b>ICAB Force Evolution (2000)<\/b><br \/>\nStructures 3D de taille limit\u00e9e \u00e0 <b>2 000<\/b> entit\u00e9s.<\/span><\/p>\n<\/td>\n<td align=\"right\" width=\"19%\">1800<\/td>\n<\/tr>\n<tr>\n<td width=\"81%\">\n<p align=\"justify\"><span style=\"font-family: Times New Roman; font-size: small;\"><b>ICAB Force Professionnel<\/b><br \/>\nStructures 3D de taille illimit\u00e9e<\/span><\/p>\n<\/td>\n<td align=\"right\" width=\"19%\">2800<\/td>\n<\/tr>\n<tr>\n<td width=\"81%\"><u><span style=\"font-family: Times New Roman; font-size: small;\"><br \/>\n<\/span><span style=\"font-family: Times New Roman; font-size: large;\">Modules additionnels:<\/span><span style=\"font-family: Times New Roman; font-size: small;\"><br \/>\n<\/span><\/u><\/td>\n<td align=\"right\" width=\"19%\"><\/td>\n<\/tr>\n<tr>\n<td width=\"81%\">\n<p align=\"justify\"><span style=\"font-family: Times New Roman; font-size: small;\"><b>ICAB Biblioth\u00e8que\/CM<br \/>\n<\/b>Biblioth\u00e8que des profil\u00e9s afnor (IPE-N, HE-ABM, U&#8230;) et s\u00e9ries pr\u00e9f\u00e9rentielles (1000 entr\u00e9es)<\/span><\/p>\n<\/td>\n<td align=\"right\" width=\"19%\">250<\/td>\n<\/tr>\n<tr>\n<td width=\"81%\">\n<p align=\"justify\"><span style=\"font-family: Times New Roman; font-size: small;\"><b>ICAB CM\/EC3<br \/>\n<\/b>Module CM avec v\u00e9rification des structures en acier selon DTU CM66 et l&rsquo;<a href=\"https:\/\/www.icab.eu\/guide\/eurocode\/eurocode3.html\">Eurocode 3<\/a>, EN1993<\/span><\/p>\n<\/td>\n<td align=\"right\" width=\"19%\">650<\/td>\n<\/tr>\n<tr>\n<td width=\"81%\"><span style=\"font-family: Times New Roman; font-size: small;\"><b>ICAB CM\/EC5<br \/>\n<\/b>Module CM avec v\u00e9rification des structures en bois selon l&rsquo;Eurocode 5, EN1995<\/span><\/td>\n<td align=\"right\" width=\"19%\">650<\/td>\n<\/tr>\n<tr>\n<td width=\"81%\"><span style=\"font-family: Times New Roman; font-size: small;\"><b>ICAB CM\/EC9<br \/>\n<\/b>Module CM avec v\u00e9rification des structures en aluminium selon l&rsquo;Eurocode 9, EN1999<\/span><\/td>\n<td align=\"right\" width=\"19%\">650<\/td>\n<\/tr>\n<tr>\n<td width=\"81%\">\n<p align=\"justify\"><span style=\"font-family: Times New Roman; font-size: small;\"><b>ICAB optimisation CM+<br \/>\n<\/b>Le Calcul d&rsquo;Optimisation pour Constructions<\/span><\/p>\n<\/td>\n<td align=\"right\" width=\"19%\">650<\/td>\n<\/tr>\n<tr>\n<td width=\"81%\">\n<p align=\"justify\"><span style=\"font-family: Times New Roman; font-size: small;\"><b>ICAB Construction NV\/EC1<br \/>\n<\/b>G\u00e9n\u00e9ration automatique des conditions de chargements climatiques de neige et de vent sur des b\u00e2timents ou structures treillis selon\u00a0 l&rsquo;<a href=\"https:\/\/www.icab.eu\/guide\/eurocode\/eurocode1.html\">Eurocode 1<\/a> EN1991-1-1, EN1991-1-3, EN1991-1-4, EN13031 (serres) et les r\u00e8gles NV65.<\/span><\/p>\n<\/td>\n<td align=\"right\" width=\"19%\">650<\/td>\n<\/tr>\n<tr>\n<td width=\"81%\">\n<p align=\"justify\"><span style=\"font-family: Times New Roman; font-size: small;\"><b>ICAB PS\/EC8<br \/>\n<\/b><\/span><span style=\"font-family: Times New Roman; font-size: small;\">G\u00e9n\u00e9ration des charges sismiques selon l&rsquo;<a href=\"https:\/\/www.icab.eu\/guide\/eurocode\/eurocode8.html\">Eurocode 8<\/a>, EN1998 et les r\u00e8gles PS92.<br \/>\nNB: pour l&rsquo;analyse g\u00e9n\u00e9rale par superposition modale, le module compl\u00e9mentaire ICAB\/Dyn est requis.<\/span><span style=\"font-family: Times New Roman; font-size: small;\">.<\/span><\/p>\n<\/td>\n<td align=\"right\" width=\"19%\">650<\/td>\n<\/tr>\n<tr>\n<td width=\"81%\">\n<p align=\"justify\"><span style=\"font-family: Times New Roman; font-size: small;\"><b>ICAB Dyn &#8211; analyse Modale\/Flambement g\u00e9n\u00e9ralis\u00e9<br \/>\n<\/b>Modes de Flambements g\u00e9n\u00e9ralis\u00e9s et analyse modale dynamique avec ou sans pr\u00e9contrainte. Analyses statiques non-lin\u00e9aires pour les grands d\u00e9placements.<\/span><\/p>\n<\/td>\n<td align=\"right\" width=\"19%\">650<\/td>\n<\/tr>\n<tr>\n<td width=\"81%\"><b><u>Modules pour coques<\/u><\/b><\/td>\n<td align=\"right\" width=\"19%\"><\/td>\n<\/tr>\n<tr>\n<td width=\"81%\">\n<p align=\"justify\"><span style=\"font-family: Times New Roman; font-size: small;\"><b>ICAB Surf<br \/>\n<\/b>Ensemble d&rsquo;applications ICAB pour coques.<\/span><\/p>\n<\/td>\n<td align=\"right\" width=\"19%\">1600<\/td>\n<\/tr>\n<tr>\n<td width=\"81%\">\n<p align=\"justify\"><span style=\"font-family: Times New Roman; font-size: small;\"><b>ICAB Composite<\/b><br \/>\nExtension pour mat\u00e9riaux composites form\u00e9s de lamell\u00e9s<\/span><\/p>\n<\/td>\n<td align=\"right\" width=\"19%\">490<\/td>\n<\/tr>\n<tr>\n<td width=\"81%\"><b><u>Modules pour assemblages acier sur portiques CM<\/u><\/b><\/td>\n<td><\/td>\n<\/tr>\n<tr>\n<td width=\"81%\">\n<p align=\"justify\"><span style=\"font-family: Times New Roman; font-size: small;\"><b>ICAB Assemblage Poutre-Poteau (Asm1)<br \/>\n<\/b>Conception et v\u00e9rification des assemblages en construction m\u00e9tallique.<\/span><\/p>\n<\/td>\n<td align=\"right\" width=\"19%\">460<\/td>\n<\/tr>\n<tr>\n<td width=\"81%\"><span style=\"font-family: Times New Roman; font-size: small;\">ICAB Assemblage Pied de Poteau (Asm2)<\/span><\/td>\n<td align=\"right\" width=\"19%\">460<\/td>\n<\/tr>\n<tr>\n<td width=\"81%\"><b><u>Formation professionnelle<\/u><\/b><br \/>\n<span style=\"font-family: Times New Roman; font-size: small;\">demi-journ\u00e9e de formation par visio-conf\u00e9rence<\/span><\/td>\n<td align=\"right\" width=\"19%\">500<\/td>\n<\/tr>\n<\/tbody>\n<\/table>\n<p><small><small><span style=\"font-family: Arial;\">Les formations sont propos\u00e9es en pr\u00e9sentiel ou par visio-conf\u00e9rence.<br \/>\nICAB SAS,<br \/>\nbureau d&rsquo;\u00e9tude: 11 rue Gaston Phoebus, F-31300 TOULOUSE. TEL (33)+5 62 26 06 06. FAX 05 62 26 00 40<br \/>\nsite <a href=\"https:\/\/www.icab.eu\">https:\/\/www.icab.eu<\/a> contact: <a href=\"mailto:icab@icab.eu\">icab@icab.eu<\/a><br \/>\nICAB marque d\u00e9pos\u00e9e par ICAB SAS. RCS Toulouse B 383 750 544 00017. TVA FR63 383750544.<br \/>\ncode APE 6202A. Formation 73 31 01687 31<br \/>\n<\/span><\/small><\/small><\/p>\n","protected":false},"excerpt":{"rendered":"<p>Tarif des applications ICAB, 2025 Euro HT TVA applicable 20% r\u00e9visables sans pr\u00e9avis ICAB Force version 6.0: application de base incluant clef de protection, g\u00e9n\u00e9ration graphique, calcul, visualisation, \u00e9dition des notes de calculs pour structures 3D, sous Windows. Versions selon taille du mod\u00e8le \u20ac ICAB Force Education (50) La version Education permet de calculer des [&hellip;]<\/p>\n","protected":false},"author":2,"featured_media":0,"parent":0,"menu_order":0,"comment_status":"closed","ping_status":"closed","template":"","meta":{"_bbp_topic_count":0,"_bbp_reply_count":0,"_bbp_total_topic_count":0,"_bbp_total_reply_count":0,"_bbp_voice_count":0,"_bbp_anonymous_reply_count":0,"_bbp_topic_count_hidden":0,"_bbp_reply_count_hidden":0,"_bbp_forum_subforum_count":0,"footnotes":""},"class_list":["post-539","page","type-page","status-publish","hentry"],"_links":{"self":[{"href":"https:\/\/icab.eu\/pro\/wp-json\/wp\/v2\/pages\/539","targetHints":{"allow":["GET"]}}],"collection":[{"href":"https:\/\/icab.eu\/pro\/wp-json\/wp\/v2\/pages"}],"about":[{"href":"https:\/\/icab.eu\/pro\/wp-json\/wp\/v2\/types\/page"}],"author":[{"embeddable":true,"href":"https:\/\/icab.eu\/pro\/wp-json\/wp\/v2\/users\/2"}],"replies":[{"embeddable":true,"href":"https:\/\/icab.eu\/pro\/wp-json\/wp\/v2\/comments?post=539"}],"version-history":[{"count":14,"href":"https:\/\/icab.eu\/pro\/wp-json\/wp\/v2\/pages\/539\/revisions"}],"predecessor-version":[{"id":834,"href":"https:\/\/icab.eu\/pro\/wp-json\/wp\/v2\/pages\/539\/revisions\/834"}],"wp:attachment":[{"href":"https:\/\/icab.eu\/pro\/wp-json\/wp\/v2\/media?parent=539"}],"curies":[{"name":"wp","href":"https:\/\/api.w.org\/{rel}","templated":true}]}}