{"id":548,"date":"2021-10-14T15:37:20","date_gmt":"2021-10-14T13:37:20","guid":{"rendered":"https:\/\/icab.eu\/pro\/?p=548"},"modified":"2023-03-08T16:35:41","modified_gmt":"2023-03-08T15:35:41","slug":"demo","status":"publish","type":"page","link":"https:\/\/icab.eu\/pro\/demo\/","title":{"rendered":"D\u00e9monstration &#8211; exemples"},"content":{"rendered":"<div id=\"ez-toc-container\" class=\"ez-toc-v2_0_81 counter-hierarchy ez-toc-counter ez-toc-grey ez-toc-container-direction\">\n<p class=\"ez-toc-title\" style=\"cursor:inherit\">Sommaire<\/p>\n<label for=\"ez-toc-cssicon-toggle-item-69e35f314a8bc\" class=\"ez-toc-cssicon-toggle-label\"><span class=\"\"><span class=\"eztoc-hide\" style=\"display:none;\">Toggle<\/span><span class=\"ez-toc-icon-toggle-span\"><svg style=\"fill: #999;color:#999\" xmlns=\"http:\/\/www.w3.org\/2000\/svg\" class=\"list-377408\" width=\"20px\" height=\"20px\" viewBox=\"0 0 24 24\" fill=\"none\"><path d=\"M6 6H4v2h2V6zm14 0H8v2h12V6zM4 11h2v2H4v-2zm16 0H8v2h12v-2zM4 16h2v2H4v-2zm16 0H8v2h12v-2z\" fill=\"currentColor\"><\/path><\/svg><svg style=\"fill: #999;color:#999\" class=\"arrow-unsorted-368013\" xmlns=\"http:\/\/www.w3.org\/2000\/svg\" width=\"10px\" height=\"10px\" viewBox=\"0 0 24 24\" version=\"1.2\" baseProfile=\"tiny\"><path d=\"M18.2 9.3l-6.2-6.3-6.2 6.3c-.2.2-.3.4-.3.7s.1.5.3.7c.2.2.4.3.7.3h11c.3 0 .5-.1.7-.3.2-.2.3-.5.3-.7s-.1-.5-.3-.7zM5.8 14.7l6.2 6.3 6.2-6.3c.2-.2.3-.5.3-.7s-.1-.5-.3-.7c-.2-.2-.4-.3-.7-.3h-11c-.3 0-.5.1-.7.3-.2.2-.3.5-.3.7s.1.5.3.7z\"\/><\/svg><\/span><\/span><\/label><input type=\"checkbox\"  id=\"ez-toc-cssicon-toggle-item-69e35f314a8bc\"  aria-label=\"Toggle\" \/><nav><ul class='ez-toc-list ez-toc-list-level-1 ' ><li class='ez-toc-page-1 ez-toc-heading-level-1'><a class=\"ez-toc-link ez-toc-heading-1\" href=\"https:\/\/icab.eu\/pro\/demo\/#Exemples_de_calculs\" >Exemples de calculs<\/a><ul class='ez-toc-list-level-2' ><li class='ez-toc-heading-level-2'><a class=\"ez-toc-link ez-toc-heading-2\" href=\"https:\/\/icab.eu\/pro\/demo\/#Calculs_speciaux\" >Calculs sp\u00e9ciaux<\/a><\/li><li class='ez-toc-page-1 ez-toc-heading-level-2'><a class=\"ez-toc-link ez-toc-heading-3\" href=\"https:\/\/icab.eu\/pro\/demo\/#Presentations\" >Pr\u00e9sentations<\/a><\/li><\/ul><\/li><\/ul><\/nav><\/div>\n<h1><span class=\"ez-toc-section\" id=\"Exemples_de_calculs\"><\/span>Exemples de calculs<span class=\"ez-toc-section-end\"><\/span><\/h1>\n<p><a href=\"https:\/\/icab.eu\/pro\/demo\/portique-acier\/\">Portique en acier<\/a><\/p>\n<p><a href=\"https:\/\/icab.eu\/pro\/demo\/nappe-treillis-en-acier\/\">nappe treillis en acier<\/a><\/p>\n<p><a href=\"https:\/\/icab.eu\/pro\/demo\/escaliers\/\">Escalier droit, spirale, avec balancement<\/a><\/p>\n<p><a href=\"https:\/\/icab.eu\/pro\/demo\/plateformes-planchers\/\">Plateformes et planchers techniques<\/a><\/p>\n<p><a href=\"https:\/\/icab.eu\/pro\/demo\/passerelles\/\">Passerelles<\/a><\/p>\n<p><a href=\"https:\/\/icab.eu\/pro\/demo\/tuyauterie\/\">Tuyauterie et support de tuyauteries<\/a><\/p>\n<p><a href=\"https:\/\/icab.eu\/pro\/demo\/chaudronnerie\/\">Chaudronnerie<\/a><\/p>\n<p><a href=\"https:\/\/icab.eu\/pro\/demo\/panneaux-photovoltaiques\/\">Exemples d&rsquo;ossatures et supports de panneaux photovolta\u00efques<\/a><\/p>\n<h2><span class=\"ez-toc-section\" id=\"Calculs_speciaux\"><\/span>Calculs sp\u00e9ciaux<span class=\"ez-toc-section-end\"><\/span><\/h2>\n<p><a href=\"https:\/\/icab.eu\/pro\/calcul-pylones\/\">Action du vent sur pyl\u00f4nes<\/a><\/p>\n<p>&nbsp;<\/p>\n<h2><span class=\"ez-toc-section\" id=\"Presentations\"><\/span>Pr\u00e9sentations<span class=\"ez-toc-section-end\"><\/span><\/h2>\n<ul>\n<li>structures en acier au format <a href=\"https:\/\/icab.eu\/doc\/icab_exemples_fr.pdf\">pdf<\/a> <a href=\"https:\/\/icab.eu\/doc\/icab_exemples_fr.pdf\" target=\"_blank\" rel=\"noopener\">fran\u00e7ais<\/a> &#8211; <a href=\"https:\/\/www.icab.eu\/doc\/icab_examples_en.pdf\" target=\"_blank\" rel=\"noopener\">anglais<\/a><\/li>\n<li><a href=\"https:\/\/www.icab.eu\/doc\/icab_hydraulic.pdf\" target=\"_blank\" rel=\"noopener\">hydraulic (en)<\/a><\/li>\n<\/ul>\n<p>&nbsp;<\/p>\n<p>&nbsp;<\/p>\n","protected":false},"excerpt":{"rendered":"<p>Exemples de calculs Portique en acier nappe treillis en acier Escalier droit, spirale, avec balancement Plateformes et planchers techniques Passerelles Tuyauterie et support de tuyauteries Chaudronnerie Exemples d&rsquo;ossatures et supports de panneaux photovolta\u00efques Calculs sp\u00e9ciaux Action du vent sur pyl\u00f4nes &nbsp; Pr\u00e9sentations structures en acier au format pdf fran\u00e7ais &#8211; anglais hydraulic (en) &nbsp; &nbsp;<\/p>\n","protected":false},"author":2,"featured_media":0,"parent":0,"menu_order":0,"comment_status":"closed","ping_status":"open","template":"","meta":{"_bbp_topic_count":0,"_bbp_reply_count":0,"_bbp_total_topic_count":0,"_bbp_total_reply_count":0,"_bbp_voice_count":0,"_bbp_anonymous_reply_count":0,"_bbp_topic_count_hidden":0,"_bbp_reply_count_hidden":0,"_bbp_forum_subforum_count":0,"footnotes":""},"class_list":["post-548","page","type-page","status-publish","hentry"],"_links":{"self":[{"href":"https:\/\/icab.eu\/pro\/wp-json\/wp\/v2\/pages\/548","targetHints":{"allow":["GET"]}}],"collection":[{"href":"https:\/\/icab.eu\/pro\/wp-json\/wp\/v2\/pages"}],"about":[{"href":"https:\/\/icab.eu\/pro\/wp-json\/wp\/v2\/types\/page"}],"author":[{"embeddable":true,"href":"https:\/\/icab.eu\/pro\/wp-json\/wp\/v2\/users\/2"}],"replies":[{"embeddable":true,"href":"https:\/\/icab.eu\/pro\/wp-json\/wp\/v2\/comments?post=548"}],"version-history":[{"count":16,"href":"https:\/\/icab.eu\/pro\/wp-json\/wp\/v2\/pages\/548\/revisions"}],"predecessor-version":[{"id":763,"href":"https:\/\/icab.eu\/pro\/wp-json\/wp\/v2\/pages\/548\/revisions\/763"}],"wp:attachment":[{"href":"https:\/\/icab.eu\/pro\/wp-json\/wp\/v2\/media?parent=548"}],"curies":[{"name":"wp","href":"https:\/\/api.w.org\/{rel}","templated":true}]}}