{"id":559,"date":"2021-10-14T16:00:49","date_gmt":"2021-10-14T14:00:49","guid":{"rendered":"https:\/\/icab.eu\/pro\/?page_id=559"},"modified":"2021-10-14T16:00:49","modified_gmt":"2021-10-14T14:00:49","slug":"escaliers","status":"publish","type":"page","link":"https:\/\/icab.eu\/pro\/demo\/escaliers\/","title":{"rendered":"Escaliers"},"content":{"rendered":"<div id=\"ez-toc-container\" class=\"ez-toc-v2_0_81 counter-hierarchy ez-toc-counter ez-toc-grey ez-toc-container-direction\">\n<p class=\"ez-toc-title\" style=\"cursor:inherit\">Sommaire<\/p>\n<label for=\"ez-toc-cssicon-toggle-item-69deeb2b2f581\" class=\"ez-toc-cssicon-toggle-label\"><span class=\"\"><span class=\"eztoc-hide\" style=\"display:none;\">Toggle<\/span><span class=\"ez-toc-icon-toggle-span\"><svg style=\"fill: #999;color:#999\" xmlns=\"http:\/\/www.w3.org\/2000\/svg\" class=\"list-377408\" width=\"20px\" height=\"20px\" viewBox=\"0 0 24 24\" fill=\"none\"><path d=\"M6 6H4v2h2V6zm14 0H8v2h12V6zM4 11h2v2H4v-2zm16 0H8v2h12v-2zM4 16h2v2H4v-2zm16 0H8v2h12v-2z\" fill=\"currentColor\"><\/path><\/svg><svg style=\"fill: #999;color:#999\" class=\"arrow-unsorted-368013\" xmlns=\"http:\/\/www.w3.org\/2000\/svg\" width=\"10px\" height=\"10px\" viewBox=\"0 0 24 24\" version=\"1.2\" baseProfile=\"tiny\"><path d=\"M18.2 9.3l-6.2-6.3-6.2 6.3c-.2.2-.3.4-.3.7s.1.5.3.7c.2.2.4.3.7.3h11c.3 0 .5-.1.7-.3.2-.2.3-.5.3-.7s-.1-.5-.3-.7zM5.8 14.7l6.2 6.3 6.2-6.3c.2-.2.3-.5.3-.7s-.1-.5-.3-.7c-.2-.2-.4-.3-.7-.3h-11c-.3 0-.5.1-.7.3-.2.2-.3.5-.3.7s.1.5.3.7z\"\/><\/svg><\/span><\/span><\/label><input type=\"checkbox\"  id=\"ez-toc-cssicon-toggle-item-69deeb2b2f581\"  aria-label=\"Toggle\" \/><nav><ul class='ez-toc-list ez-toc-list-level-1 ' ><li class='ez-toc-page-1 ez-toc-heading-level-1'><a class=\"ez-toc-link ez-toc-heading-1\" href=\"https:\/\/icab.eu\/pro\/demo\/escaliers\/#Escalier_droit_spirale_avec_balancement\" >Escalier droit, spirale, avec balancement<\/a><ul class='ez-toc-list-level-2' ><li class='ez-toc-heading-level-2'><a class=\"ez-toc-link ez-toc-heading-2\" href=\"https:\/\/icab.eu\/pro\/demo\/escaliers\/#Escalier_droit\" >Escalier droit<\/a><\/li><li class='ez-toc-page-1 ez-toc-heading-level-2'><a class=\"ez-toc-link ez-toc-heading-3\" href=\"https:\/\/icab.eu\/pro\/demo\/escaliers\/#Escalier_Helicoidal\" >Escalier H\u00e9lico\u00efdal<\/a><\/li><li class='ez-toc-page-1 ez-toc-heading-level-2'><a class=\"ez-toc-link ez-toc-heading-4\" href=\"https:\/\/icab.eu\/pro\/demo\/escaliers\/#Escaliers_balances\" >Escaliers balanc\u00e9s<\/a><ul class='ez-toc-list-level-4' ><li class='ez-toc-heading-level-4'><ul class='ez-toc-list-level-4' ><li class='ez-toc-heading-level-4'><a class=\"ez-toc-link ez-toc-heading-5\" href=\"https:\/\/icab.eu\/pro\/demo\/escaliers\/#Escalier_avec_limons_inscrits_sur_des_surfaces_cylindriques\" >Escalier avec limons inscrits sur des surfaces cylindriques<\/a><\/li><li class='ez-toc-page-1 ez-toc-heading-level-4'><a class=\"ez-toc-link ez-toc-heading-6\" href=\"https:\/\/icab.eu\/pro\/demo\/escaliers\/#Escalier_en_porte-a-faux_entre_deux_paliers\" >Escalier en porte-\u00e0-faux entre deux paliers<\/a><\/li><li class='ez-toc-page-1 ez-toc-heading-level-4'><a class=\"ez-toc-link ez-toc-heading-7\" href=\"https:\/\/icab.eu\/pro\/demo\/escaliers\/#Escalier_avec_limon_a_double_courbure\" >Escalier avec limon \u00e0 double courbure<\/a><\/li><\/ul><\/li><\/ul><\/li><\/ul><\/li><\/ul><\/nav><\/div>\n<table border=\"0\" cellspacing=\"0\" cellpadding=\"0\">\n<tbody>\n<tr>\n<td>\n<h1><span class=\"ez-toc-section\" id=\"Escalier_droit_spirale_avec_balancement\"><\/span>Escalier droit, spirale, avec balancement<span class=\"ez-toc-section-end\"><\/span><\/h1>\n<p>Les escaliers droits ou h\u00e9lico\u00efdaux peuvent \u00eatre mod\u00e9lis\u00e9s avec la prise en compte des charges d&rsquo;exploitation et surcharges climatiques, notamment la pouss\u00e9e du vent;<\/p>\n<p>Exemples:<\/p>\n<ul>\n<li><a href=\"https:\/\/www.icab.eu\/force\/demo\/escalier.htm#escalier_droit\">escalier droit<\/a><\/li>\n<li><a href=\"https:\/\/www.icab.eu\/force\/demo\/escalier.htm#spirale\">escalier h\u00e9lico\u00efdal<\/a><\/li>\n<li><a href=\"https:\/\/www.icab.eu\/force\/demo\/escalier.htm#balancement\">escaliers avec balancement<\/a><\/li>\n<\/ul>\n<p>&nbsp;<\/td>\n<\/tr>\n<\/tbody>\n<\/table>\n<h2><span class=\"ez-toc-section\" id=\"Escalier_droit\"><\/span><a name=\"escalier_droit\"><\/a>Escalier droit<span class=\"ez-toc-section-end\"><\/span><\/h2>\n<p>Vol\u00e9es d&rsquo;escaliers droit avec paliers et supports<\/p>\n<p><img fetchpriority=\"high\" decoding=\"async\" title=\"Vol\u00e9es d'escaliers droit avec paliers et supports\" src=\"https:\/\/www.icab.eu\/force\/demo\/img\/escalier_droit1.gif\" alt=\"Vol\u00e9es d'escaliers droit avec paliers et supports\" width=\"689\" height=\"780\" border=\"0\" \/><\/p>\n<p>&nbsp;<\/p>\n<h2><span class=\"ez-toc-section\" id=\"Escalier_Helicoidal\"><\/span><a name=\"spirale\"><\/a>Escalier H\u00e9lico\u00efdal<span class=\"ez-toc-section-end\"><\/span><\/h2>\n<p>Un escalier h\u00e9lico\u00efdal est mod\u00e9lis\u00e9 rapidement avec un tro\u00e7on de f\u00fbt, une marche et g\u00e9n\u00e9ration de l&rsquo;escalier complet avec la commande de multi-duplication en \u00ab\u00a0pas de vis\u00a0\u00bb.<\/p>\n<p><img decoding=\"async\" title=\"Escalier spirale avec palier\" src=\"https:\/\/www.icab.eu\/force\/demo\/img\/escalier_spirale2.png\" alt=\"Escalier spirale avec palier\" width=\"767\" height=\"908\" border=\"0\" \/><\/p>\n<p>&nbsp;<\/p>\n<h2><span class=\"ez-toc-section\" id=\"Escaliers_balances\"><\/span><a name=\"balancement\"><\/a>Escaliers balanc\u00e9s<span class=\"ez-toc-section-end\"><\/span><\/h2>\n<h4><span class=\"ez-toc-section\" id=\"Escalier_avec_limons_inscrits_sur_des_surfaces_cylindriques\"><\/span>Escalier avec limons inscrits sur des surfaces cylindriques<span class=\"ez-toc-section-end\"><\/span><\/h4>\n<p><img decoding=\"async\" title=\"Escalier balanc\u00e9\" src=\"https:\/\/www.icab.eu\/force\/demo\/img\/escalier_balance01.gif\" alt=\"Escalier balanc\u00e9\" width=\"684\" height=\"575\" border=\"0\" \/><\/p>\n<p>&nbsp;<\/p>\n<h4><span class=\"ez-toc-section\" id=\"Escalier_en_porte-a-faux_entre_deux_paliers\"><\/span>Escalier en porte-\u00e0-faux entre deux paliers<span class=\"ez-toc-section-end\"><\/span><\/h4>\n<p><img loading=\"lazy\" decoding=\"async\" title=\"Escalier en porte-\u00e0-faux entre deux paliers\" src=\"https:\/\/www.icab.eu\/force\/demo\/img\/escalier_balance03.gif\" width=\"1000\" height=\"610\" border=\"0\" \/><\/p>\n<h4><span class=\"ez-toc-section\" id=\"Escalier_avec_limon_a_double_courbure\"><\/span>Escalier avec limon \u00e0 double courbure<span class=\"ez-toc-section-end\"><\/span><\/h4>\n<p><img loading=\"lazy\" decoding=\"async\" title=\"Escalier avec balancement et limon \u00e0 double courbure\" src=\"https:\/\/www.icab.eu\/force\/demo\/img\/escalier_balance02.gif\" alt=\"Escalier avec balancement et limon \u00e0 double courbure\" width=\"956\" height=\"691\" border=\"0\" \/><\/p>\n<p><img loading=\"lazy\" decoding=\"async\" title=\"Premier mode propre de vibration: flexion avec devers sur le limon ext\u00e9rieur\" src=\"https:\/\/www.icab.eu\/force\/demo\/img\/escalier_balance02_mode_propre1.gif\" alt=\"Premier mode propre de vibration: flexion avec devers sur le limon ext\u00e9rieur\" width=\"956\" height=\"691\" border=\"0\" \/><\/p>\n<table border=\"0\" width=\"100%\" cellspacing=\"0\" cellpadding=\"0\">\n<tbody>\n<tr class=\"barhor\">\n<td height=\"114\">&nbsp;<\/td>\n<\/tr>\n<\/tbody>\n<\/table>\n","protected":false},"excerpt":{"rendered":"<p>Escalier droit, spirale, avec balancement Les escaliers droits ou h\u00e9lico\u00efdaux peuvent \u00eatre mod\u00e9lis\u00e9s avec la prise en compte des charges d&rsquo;exploitation et surcharges climatiques, notamment la pouss\u00e9e du vent; Exemples: escalier droit escalier h\u00e9lico\u00efdal escaliers avec balancement &nbsp; Escalier droit Vol\u00e9es d&rsquo;escaliers droit avec paliers et supports &nbsp; Escalier H\u00e9lico\u00efdal Un escalier h\u00e9lico\u00efdal est mod\u00e9lis\u00e9 [&hellip;]<\/p>\n","protected":false},"author":2,"featured_media":0,"parent":548,"menu_order":0,"comment_status":"closed","ping_status":"closed","template":"","meta":{"_bbp_topic_count":0,"_bbp_reply_count":0,"_bbp_total_topic_count":0,"_bbp_total_reply_count":0,"_bbp_voice_count":0,"_bbp_anonymous_reply_count":0,"_bbp_topic_count_hidden":0,"_bbp_reply_count_hidden":0,"_bbp_forum_subforum_count":0,"footnotes":""},"class_list":["post-559","page","type-page","status-publish","hentry"],"_links":{"self":[{"href":"https:\/\/icab.eu\/pro\/wp-json\/wp\/v2\/pages\/559","targetHints":{"allow":["GET"]}}],"collection":[{"href":"https:\/\/icab.eu\/pro\/wp-json\/wp\/v2\/pages"}],"about":[{"href":"https:\/\/icab.eu\/pro\/wp-json\/wp\/v2\/types\/page"}],"author":[{"embeddable":true,"href":"https:\/\/icab.eu\/pro\/wp-json\/wp\/v2\/users\/2"}],"replies":[{"embeddable":true,"href":"https:\/\/icab.eu\/pro\/wp-json\/wp\/v2\/comments?post=559"}],"version-history":[{"count":1,"href":"https:\/\/icab.eu\/pro\/wp-json\/wp\/v2\/pages\/559\/revisions"}],"predecessor-version":[{"id":560,"href":"https:\/\/icab.eu\/pro\/wp-json\/wp\/v2\/pages\/559\/revisions\/560"}],"up":[{"embeddable":true,"href":"https:\/\/icab.eu\/pro\/wp-json\/wp\/v2\/pages\/548"}],"wp:attachment":[{"href":"https:\/\/icab.eu\/pro\/wp-json\/wp\/v2\/media?parent=559"}],"curies":[{"name":"wp","href":"https:\/\/api.w.org\/{rel}","templated":true}]}}