{"id":569,"date":"2021-10-14T16:06:12","date_gmt":"2021-10-14T14:06:12","guid":{"rendered":"https:\/\/icab.eu\/pro\/?page_id=569"},"modified":"2021-10-14T16:06:12","modified_gmt":"2021-10-14T14:06:12","slug":"tuyauterie","status":"publish","type":"page","link":"https:\/\/icab.eu\/pro\/demo\/tuyauterie\/","title":{"rendered":"Tuyauterie"},"content":{"rendered":"<div id=\"ez-toc-container\" class=\"ez-toc-v2_0_81 counter-hierarchy ez-toc-counter ez-toc-grey ez-toc-container-direction\">\n<p class=\"ez-toc-title\" style=\"cursor:inherit\">Sommaire<\/p>\n<label for=\"ez-toc-cssicon-toggle-item-69d7009fabae5\" class=\"ez-toc-cssicon-toggle-label\"><span class=\"\"><span class=\"eztoc-hide\" style=\"display:none;\">Toggle<\/span><span class=\"ez-toc-icon-toggle-span\"><svg style=\"fill: #999;color:#999\" xmlns=\"http:\/\/www.w3.org\/2000\/svg\" class=\"list-377408\" width=\"20px\" height=\"20px\" viewBox=\"0 0 24 24\" fill=\"none\"><path d=\"M6 6H4v2h2V6zm14 0H8v2h12V6zM4 11h2v2H4v-2zm16 0H8v2h12v-2zM4 16h2v2H4v-2zm16 0H8v2h12v-2z\" fill=\"currentColor\"><\/path><\/svg><svg style=\"fill: #999;color:#999\" class=\"arrow-unsorted-368013\" xmlns=\"http:\/\/www.w3.org\/2000\/svg\" width=\"10px\" height=\"10px\" viewBox=\"0 0 24 24\" version=\"1.2\" baseProfile=\"tiny\"><path d=\"M18.2 9.3l-6.2-6.3-6.2 6.3c-.2.2-.3.4-.3.7s.1.5.3.7c.2.2.4.3.7.3h11c.3 0 .5-.1.7-.3.2-.2.3-.5.3-.7s-.1-.5-.3-.7zM5.8 14.7l6.2 6.3 6.2-6.3c.2-.2.3-.5.3-.7s-.1-.5-.3-.7c-.2-.2-.4-.3-.7-.3h-11c-.3 0-.5.1-.7.3-.2.2-.3.5-.3.7s.1.5.3.7z\"\/><\/svg><\/span><\/span><\/label><input type=\"checkbox\"  id=\"ez-toc-cssicon-toggle-item-69d7009fabae5\"  aria-label=\"Toggle\" \/><nav><ul class='ez-toc-list ez-toc-list-level-1 ' ><li class='ez-toc-page-1 ez-toc-heading-level-1'><a class=\"ez-toc-link ez-toc-heading-1\" href=\"https:\/\/icab.eu\/pro\/demo\/tuyauterie\/#Tuyauterie_et_support_de_tuyauteries\" >Tuyauterie et support de tuyauteries<\/a><ul class='ez-toc-list-level-2' ><li class='ez-toc-heading-level-2'><a class=\"ez-toc-link ez-toc-heading-2\" href=\"https:\/\/icab.eu\/pro\/demo\/tuyauterie\/#Tuyauterie_pour_gaz\" >Tuyauterie pour gaz<\/a><\/li><li class='ez-toc-page-1 ez-toc-heading-level-2'><a class=\"ez-toc-link ez-toc-heading-3\" href=\"https:\/\/icab.eu\/pro\/demo\/tuyauterie\/#Conduite_deau_forcee\" >Conduite d&rsquo;eau forc\u00e9e<\/a><\/li><\/ul><\/li><\/ul><\/nav><\/div>\n<table border=\"0\" cellspacing=\"0\" cellpadding=\"0\">\n<tbody>\n<tr>\n<td>\n<h1><span class=\"ez-toc-section\" id=\"Tuyauterie_et_support_de_tuyauteries\"><\/span>Tuyauterie et support de tuyauteries<span class=\"ez-toc-section-end\"><\/span><\/h1>\n<p>Le logiciel <a href=\"https:\/\/www.icab.eu\/force\/ic_force.htm\">ICAB Force<\/a> inclut la mod\u00e9lisation de tubes circulaires creux incluant un chargement interne avec poids de fluide, pression hydrostatique incluant l&rsquo;effet de hauteur de colonne de fluide, surpression, effet de fond. Les dilatations thermiques sont \u00e9galement prises en compte.<\/p>\n<p>Ces supports de tuyauteries sont mod\u00e9lis\u00e9s avec des interfaces d&rsquo;appui rigides, souples, glissants entre la tuyauterie et l&rsquo;ossature de support.<\/p>\n<p>Exemples:<\/p>\n<ul>\n<li><a href=\"https:\/\/www.icab.eu\/force\/demo\/tuyauterie.htm#tuyauterie_gaz\">tuyauterie pour gaz<\/a><\/li>\n<li><a href=\"https:\/\/www.icab.eu\/force\/demo\/tuyauterie.htm#conduite\">conduite d&rsquo;eau forc\u00e9e<\/a><\/li>\n<\/ul>\n<p>&nbsp;<\/td>\n<\/tr>\n<\/tbody>\n<\/table>\n<h2><span class=\"ez-toc-section\" id=\"Tuyauterie_pour_gaz\"><\/span><a name=\"tuyauterie_gaz\"><\/a>Tuyauterie pour gaz<span class=\"ez-toc-section-end\"><\/span><\/h2>\n<p>Tuyauterie avec points fixes, appuis glissants, compensateurs<\/p>\n<p><img fetchpriority=\"high\" decoding=\"async\" title=\"tuyauterie avec points fixes, appuis glissants, compensateurs\" src=\"https:\/\/www.icab.eu\/force\/demo\/img\/tuyauterie_gaz.gif\" alt=\"tuyauterie avec points fixes, appuis glissants, compensateurs\" width=\"876\" height=\"491\" border=\"0\" \/><\/p>\n<p>&nbsp;<\/p>\n<h2><span class=\"ez-toc-section\" id=\"Conduite_deau_forcee\"><\/span><a name=\"conduite\"><\/a>Conduite d&rsquo;eau forc\u00e9e<span class=\"ez-toc-section-end\"><\/span><\/h2>\n<p>La conduite d&rsquo;eau forc\u00e9e mod\u00e9lis\u00e9e plusieurs centaines de m\u00e8tres sur son parcours spatial 3D est soumise \u00e0 la pression hydrostatique de l&rsquo;eau, variation de temp\u00e9rature et d\u00e9placements des appuis (glissement de terrain)<\/p>\n<p><img decoding=\"async\" title=\"Conduite forc\u00e9e\" src=\"https:\/\/www.icab.eu\/force\/demo\/img\/conduite_force_01.gif\" alt=\"Conduite forc\u00e9e\" width=\"679\" height=\"382\" border=\"0\" \/><\/p>\n<p>D\u00e9placements<\/p>\n<p><img decoding=\"async\" title=\"d\u00e9placements de la conduite forc\u00e9e\" src=\"https:\/\/www.icab.eu\/force\/demo\/img\/conduite_force_02_deplacement.gif\" alt=\"d\u00e9placements de la conduite forc\u00e9e\" width=\"884\" height=\"496\" border=\"0\" \/><\/p>\n<p>&nbsp;<\/p>\n<p>Contraintes:<\/p>\n<p><img loading=\"lazy\" decoding=\"async\" title=\"contraintes dans la conduite forc\u00e9e\" src=\"https:\/\/www.icab.eu\/force\/demo\/img\/conduite_force_03_contraintes.gif\" alt=\"contraintes dans la conduite forc\u00e9e\" width=\"921\" height=\"518\" border=\"0\" \/><\/p>\n<p>&nbsp;<\/p>\n","protected":false},"excerpt":{"rendered":"<p>Tuyauterie et support de tuyauteries Le logiciel ICAB Force inclut la mod\u00e9lisation de tubes circulaires creux incluant un chargement interne avec poids de fluide, pression hydrostatique incluant l&rsquo;effet de hauteur de colonne de fluide, surpression, effet de fond. Les dilatations thermiques sont \u00e9galement prises en compte. Ces supports de tuyauteries sont mod\u00e9lis\u00e9s avec des interfaces [&hellip;]<\/p>\n","protected":false},"author":2,"featured_media":0,"parent":548,"menu_order":0,"comment_status":"closed","ping_status":"closed","template":"","meta":{"_bbp_topic_count":0,"_bbp_reply_count":0,"_bbp_total_topic_count":0,"_bbp_total_reply_count":0,"_bbp_voice_count":0,"_bbp_anonymous_reply_count":0,"_bbp_topic_count_hidden":0,"_bbp_reply_count_hidden":0,"_bbp_forum_subforum_count":0,"footnotes":""},"class_list":["post-569","page","type-page","status-publish","hentry"],"_links":{"self":[{"href":"https:\/\/icab.eu\/pro\/wp-json\/wp\/v2\/pages\/569","targetHints":{"allow":["GET"]}}],"collection":[{"href":"https:\/\/icab.eu\/pro\/wp-json\/wp\/v2\/pages"}],"about":[{"href":"https:\/\/icab.eu\/pro\/wp-json\/wp\/v2\/types\/page"}],"author":[{"embeddable":true,"href":"https:\/\/icab.eu\/pro\/wp-json\/wp\/v2\/users\/2"}],"replies":[{"embeddable":true,"href":"https:\/\/icab.eu\/pro\/wp-json\/wp\/v2\/comments?post=569"}],"version-history":[{"count":1,"href":"https:\/\/icab.eu\/pro\/wp-json\/wp\/v2\/pages\/569\/revisions"}],"predecessor-version":[{"id":570,"href":"https:\/\/icab.eu\/pro\/wp-json\/wp\/v2\/pages\/569\/revisions\/570"}],"up":[{"embeddable":true,"href":"https:\/\/icab.eu\/pro\/wp-json\/wp\/v2\/pages\/548"}],"wp:attachment":[{"href":"https:\/\/icab.eu\/pro\/wp-json\/wp\/v2\/media?parent=569"}],"curies":[{"name":"wp","href":"https:\/\/api.w.org\/{rel}","templated":true}]}}