{"id":589,"date":"2021-10-15T11:32:48","date_gmt":"2021-10-15T09:32:48","guid":{"rendered":"https:\/\/icab.eu\/pro\/?page_id=589"},"modified":"2026-03-06T07:49:25","modified_gmt":"2026-03-06T06:49:25","slug":"installation-avec-clef-numerique","status":"publish","type":"page","link":"https:\/\/icab.eu\/pro\/icab-force\/installation-avec-clef-numerique\/","title":{"rendered":"Installation avec clef num\u00e9rique"},"content":{"rendered":"<div id=\"ez-toc-container\" class=\"ez-toc-v2_0_81 counter-hierarchy ez-toc-counter ez-toc-grey ez-toc-container-direction\">\n<p class=\"ez-toc-title\" style=\"cursor:inherit\">Sommaire<\/p>\n<label for=\"ez-toc-cssicon-toggle-item-69d27ec48052a\" class=\"ez-toc-cssicon-toggle-label\"><span class=\"\"><span class=\"eztoc-hide\" style=\"display:none;\">Toggle<\/span><span class=\"ez-toc-icon-toggle-span\"><svg style=\"fill: #999;color:#999\" xmlns=\"http:\/\/www.w3.org\/2000\/svg\" class=\"list-377408\" width=\"20px\" height=\"20px\" viewBox=\"0 0 24 24\" fill=\"none\"><path d=\"M6 6H4v2h2V6zm14 0H8v2h12V6zM4 11h2v2H4v-2zm16 0H8v2h12v-2zM4 16h2v2H4v-2zm16 0H8v2h12v-2z\" fill=\"currentColor\"><\/path><\/svg><svg style=\"fill: #999;color:#999\" class=\"arrow-unsorted-368013\" xmlns=\"http:\/\/www.w3.org\/2000\/svg\" width=\"10px\" height=\"10px\" viewBox=\"0 0 24 24\" version=\"1.2\" baseProfile=\"tiny\"><path d=\"M18.2 9.3l-6.2-6.3-6.2 6.3c-.2.2-.3.4-.3.7s.1.5.3.7c.2.2.4.3.7.3h11c.3 0 .5-.1.7-.3.2-.2.3-.5.3-.7s-.1-.5-.3-.7zM5.8 14.7l6.2 6.3 6.2-6.3c.2-.2.3-.5.3-.7s-.1-.5-.3-.7c-.2-.2-.4-.3-.7-.3h-11c-.3 0-.5.1-.7.3-.2.2-.3.5-.3.7s.1.5.3.7z\"\/><\/svg><\/span><\/span><\/label><input type=\"checkbox\"  id=\"ez-toc-cssicon-toggle-item-69d27ec48052a\"  aria-label=\"Toggle\" \/><nav><ul class='ez-toc-list ez-toc-list-level-1 ' ><li class='ez-toc-page-1 ez-toc-heading-level-1'><a class=\"ez-toc-link ez-toc-heading-1\" href=\"https:\/\/icab.eu\/pro\/icab-force\/installation-avec-clef-numerique\/#Installation_Setup\" >Installation Setup<\/a><ul class='ez-toc-list-level-2' ><li class='ez-toc-heading-level-2'><a class=\"ez-toc-link ez-toc-heading-2\" href=\"https:\/\/icab.eu\/pro\/icab-force\/installation-avec-clef-numerique\/#Pre-installation_pour_setupexe\" >Pr\u00e9-installation pour setup.exe<\/a><\/li><li class='ez-toc-page-1 ez-toc-heading-level-2'><a class=\"ez-toc-link ez-toc-heading-3\" href=\"https:\/\/icab.eu\/pro\/icab-force\/installation-avec-clef-numerique\/#Drivers\" >Drivers<\/a><ul class='ez-toc-list-level-3' ><li class='ez-toc-heading-level-3'><a class=\"ez-toc-link ez-toc-heading-4\" href=\"https:\/\/icab.eu\/pro\/icab-force\/installation-avec-clef-numerique\/#Composants_Windows_MFC\" >Composants Windows MFC<\/a><\/li><\/ul><\/li><li class='ez-toc-page-1 ez-toc-heading-level-2'><a class=\"ez-toc-link ez-toc-heading-5\" href=\"https:\/\/icab.eu\/pro\/icab-force\/installation-avec-clef-numerique\/#Activation_de_clef_Internet\" >Activation de clef Internet<\/a><\/li><\/ul><\/li><li class='ez-toc-page-1 ez-toc-heading-level-1'><a class=\"ez-toc-link ez-toc-heading-6\" href=\"https:\/\/icab.eu\/pro\/icab-force\/installation-avec-clef-numerique\/#FAQ\" >FAQ<\/a><ul class='ez-toc-list-level-2' ><li class='ez-toc-heading-level-2'><a class=\"ez-toc-link ez-toc-heading-7\" href=\"https:\/\/icab.eu\/pro\/icab-force\/installation-avec-clef-numerique\/#Erreur_432\" >Erreur 432<\/a><\/li><li class='ez-toc-page-1 ez-toc-heading-level-2'><a class=\"ez-toc-link ez-toc-heading-8\" href=\"https:\/\/icab.eu\/pro\/icab-force\/installation-avec-clef-numerique\/#Driver_MsFlexgrid\" >Driver MsFlexgrid<\/a><\/li><\/ul><\/li><\/ul><\/nav><\/div>\n<h1><span class=\"ez-toc-section\" id=\"Installation_Setup\"><\/span>Installation Setup<span class=\"ez-toc-section-end\"><\/span><\/h1>\n<p>T\u00e9l\u00e9charger l&rsquo;<strong>archive ZIP avec le lien re\u00e7u apr\u00e8s votre commande ICAB<\/strong>.<br \/>\nNB: Si vous installez la version en ligne sur icab.eu, cette version ne pourra fonctionner qu&rsquo;en mode d\u00e9monstration.<br \/>\nD\u00e9compresser ce fichier archive ZIP qui contient le programme setup.exe \u00e0 ex\u00e9cuter en tant qu&rsquo;administrateur.<br \/>\nLa proposition par d\u00e9faut du r\u00e9pertoire d&rsquo;installation pour le logiciel ICAB est C:\\ICAB<br \/>\nLes manuels utilisateurs sont <a href=\"https:\/\/icab.eu\/pro\/icab-force\/icabforce6\/\">t\u00e9l\u00e9chargeables<\/a>.<\/p>\n<p>Mises \u00e0 jour ult\u00e9rieures: les versions disponibles sur <a href=\"https:\/\/www.icab.eu\/download\/\">https:\/\/www.icab.eu\/download\/<\/a> permettent une mise \u00e0 jour si vous disposez d&rsquo;une licence active sur votre ordinateur sous r\u00e9serve d&rsquo;utiliser la m\u00eame version principale; une ancienne version avec licence 5.4 ne peut \u00eatre mise \u00e0 jour avec une version 6.0 si vous n&rsquo;avez pas command\u00e9 une licence 6.0.<\/p>\n<h2><span class=\"ez-toc-section\" id=\"Pre-installation_pour_setupexe\"><\/span>Pr\u00e9-installation pour setup.exe<span class=\"ez-toc-section-end\"><\/span><\/h2>\n<p>T\u00e9l\u00e9chargez et installez le <a href=\"https:\/\/download.microsoft.com\/download\/748580b8-0e66-45c5-a4b0-dbd37a44e230\/16BitInstallShieldSupport.msi\" data-linktype=\"external\">package de support 16 bits InstallShield<\/a> avant de lancer le programme d\u2019installation d\u2019InstallShield 16 bits (<a href=\"https:\/\/icab.eu\/download\/compo\/16BitInstallShieldSupport.msi\">16BitInstallShieldSupport.msi<\/a>).<\/p>\n<h2><span class=\"ez-toc-section\" id=\"Drivers\"><\/span>Drivers<span class=\"ez-toc-section-end\"><\/span><\/h2>\n<h3><span class=\"ez-toc-section\" id=\"Composants_Windows_MFC\"><\/span><a name=\"compos\"><\/a>Composants Windows MFC<span class=\"ez-toc-section-end\"><\/span><\/h3>\n<p><a href=\"https:\/\/learn.microsoft.com\/en-us\/cpp\/windows\/latest-supported-vc-redist\"><img decoding=\"async\" class=\"size-full wp-image-475 alignright\" src=\"https:\/\/icab.eu\/pro\/wp-content\/uploads\/2021\/02\/microsoft_RE1Mu3b.png\" alt=\"\" width=\"216\" height=\"46\" \/><\/a>Les composants Windows MFC sont requis pour ICAB 6<\/p>\n<p>version 64 bits \u00a0<a href=\"https:\/\/www.icab.eu\/download\/compo\/vc_redist.x64.exe\"><strong>vc_redist.x64.exe<\/strong><\/a><br \/>\nversion 32 bits <a href=\"https:\/\/www.icab.eu\/download\/compo\/vc_redist.x86.exe\"><strong>vc_redist.x86.exe<\/strong><\/a><\/p>\n<p>Liens de r\u00e9f\u00e9rence avec les derni\u00e8res mises \u00e0 jour Microsoft:<br \/>\n<a href=\"https:\/\/docs.microsoft.com\/en-us\/cpp\/windows\/latest-supported-vc-redist\">https:\/\/docs.microsoft.com\/en-us\/cpp\/windows\/latest-supported-vc-redist<\/a><br \/>\n<a href=\"https:\/\/aka.ms\/vc14\/vc_redist.x86.exe\">32 bits<\/a>, <a href=\"https:\/\/aka.ms\/vc14\/vc_redist.x64.exe\">64 bits<\/a>.<\/p>\n<ul>\n<li>Correctif \u00e9ventuel si une installation ant\u00e9rieure est inachev\u00e9e ou si elle n&rsquo;a pas \u00e9t\u00e9 faite en tant qu&rsquo;administrateur:<br \/>\n<a class=\"moz-txt-link-freetext\" href=\"https:\/\/icab.eu\/pro\/setup-erreur-432\/\">https:\/\/icab.eu\/pro\/setup-<strong>erreur-432<\/strong>\/<\/a><\/li>\n<li>Des mises \u00e0 jours compl\u00e9mentaires sont requises pour les versions ant\u00e9rieures \u00e0 ICAB 6.0 ou en version 32bits: <a class=\"moz-txt-link-freetext\" href=\"https:\/\/icab.eu\/pro\/icab-force\/drivers\/\">https:\/\/icab.eu\/pro\/icab-force\/<strong>drivers<\/strong>\/<\/a><\/li>\n<\/ul>\n<h2><span class=\"ez-toc-section\" id=\"Activation_de_clef_Internet\"><\/span>Activation de clef Internet<span class=\"ez-toc-section-end\"><\/span><\/h2>\n<p>Lors du premier lancement ICAB 6, la licence Internet doit \u00eatre activ\u00e9e via la bo\u00eete de dialogue \u00ab\u00a0<a href=\"https:\/\/www.icab.eu\/doc\/icabforce\/hid_app_about.htm\">A propos<\/a>\u00a0\u00bb<\/p>\n<p><a href=\"https:\/\/www.icab.eu\/doc\/icabforce\/hid_app_about.htm\"><img fetchpriority=\"high\" decoding=\"async\" class=\"alignnone wp-image-177 size-full\" src=\"https:\/\/icab.eu\/pro\/wp-content\/uploads\/2019\/07\/icab_about_wrong_licence.jpg\" alt=\"\" width=\"370\" height=\"321\" srcset=\"https:\/\/icab.eu\/pro\/wp-content\/uploads\/2019\/07\/icab_about_wrong_licence.jpg 370w, https:\/\/icab.eu\/pro\/wp-content\/uploads\/2019\/07\/icab_about_wrong_licence-300x260.jpg 300w\" sizes=\"(max-width: 370px) 100vw, 370px\" \/><\/a>Cliquer sur le bouton \u00ab\u00a0Activer licence\u00a0\u00bb, l&rsquo;ordinateur doit \u00eatre connect\u00e9 \u00e0 Internet, puis relancer \u00e0 nouveau ICAB. L&rsquo;activation ne peut \u00eatre faite qu&rsquo;une fois par jour.<\/p>\n<p>Les manuels ICAB sont disponibles en t\u00e9l\u00e9chargement<br \/>\n<a href=\"https:\/\/icab.eu\/pro\/icab-force\/icabforce6\/#Manuels\">https:\/\/icab.eu\/pro\/icab-force\/icabforce6\/#Manuels<\/a><\/p>\n<p>&nbsp;<\/p>\n<h1><span class=\"ez-toc-section\" id=\"FAQ\"><\/span>FAQ<span class=\"ez-toc-section-end\"><\/span><\/h1>\n<p>Des probl\u00e8mes d&rsquo;installation peuvent se produire avec les versions ant\u00e9rieures \u00e0 la version ICAB 6.0<\/p>\n<h2><span class=\"ez-toc-section\" id=\"Erreur_432\"><\/span><a href=\"https:\/\/icab.eu\/pro\/setup-erreur-432\/\">Erreur 432<\/a><span class=\"ez-toc-section-end\"><\/span><\/h2>\n<p>Lors d\u2019une installation ou une mise \u00e0 jour du logiciel ICAB, le lancement du programme \u00ab\u00a0<strong>setup.exe<\/strong> \u00bb se fige: <a href=\"https:\/\/icab.eu\/pro\/setup-erreur-432\/\">solution<\/a>.<\/p>\n<h2><span class=\"ez-toc-section\" id=\"Driver_MsFlexgrid\"><\/span><a href=\"https:\/\/icab.eu\/pro\/driver-msflexgrid\/\">Driver MsFlexgrid<\/a><span class=\"ez-toc-section-end\"><\/span><\/h2>\n<p><span id=\"Pas_de_tableau_sous_Windows_7.2F8_.28listes_info.2Fnoeuds_pour_ICAB_versions_5.29\" class=\"mw-headline\">Pas d\u2019affichage des listes info\/noeuds pour ICAB versions 5: <a href=\"https:\/\/icab.eu\/pro\/driver-msflexgrid\/\">solution<\/a>.<br \/>\n<i>Les versions ICAB 6.0 ne sont plus concern\u00e9es par ce d\u00e9faut<\/i>. <\/span><\/p>\n","protected":false},"excerpt":{"rendered":"<p>Installation Setup T\u00e9l\u00e9charger l&rsquo;archive ZIP avec le lien re\u00e7u apr\u00e8s votre commande ICAB. NB: Si vous installez la version en ligne sur icab.eu, cette version ne pourra fonctionner qu&rsquo;en mode d\u00e9monstration. D\u00e9compresser ce fichier archive ZIP qui contient le programme setup.exe \u00e0 ex\u00e9cuter en tant qu&rsquo;administrateur. La proposition par d\u00e9faut du r\u00e9pertoire d&rsquo;installation pour le [&hellip;]<\/p>\n","protected":false},"author":2,"featured_media":0,"parent":132,"menu_order":0,"comment_status":"closed","ping_status":"closed","template":"","meta":{"_bbp_topic_count":0,"_bbp_reply_count":0,"_bbp_total_topic_count":0,"_bbp_total_reply_count":0,"_bbp_voice_count":0,"_bbp_anonymous_reply_count":0,"_bbp_topic_count_hidden":0,"_bbp_reply_count_hidden":0,"_bbp_forum_subforum_count":0,"footnotes":""},"class_list":["post-589","page","type-page","status-publish","hentry"],"_links":{"self":[{"href":"https:\/\/icab.eu\/pro\/wp-json\/wp\/v2\/pages\/589","targetHints":{"allow":["GET"]}}],"collection":[{"href":"https:\/\/icab.eu\/pro\/wp-json\/wp\/v2\/pages"}],"about":[{"href":"https:\/\/icab.eu\/pro\/wp-json\/wp\/v2\/types\/page"}],"author":[{"embeddable":true,"href":"https:\/\/icab.eu\/pro\/wp-json\/wp\/v2\/users\/2"}],"replies":[{"embeddable":true,"href":"https:\/\/icab.eu\/pro\/wp-json\/wp\/v2\/comments?post=589"}],"version-history":[{"count":22,"href":"https:\/\/icab.eu\/pro\/wp-json\/wp\/v2\/pages\/589\/revisions"}],"predecessor-version":[{"id":909,"href":"https:\/\/icab.eu\/pro\/wp-json\/wp\/v2\/pages\/589\/revisions\/909"}],"up":[{"embeddable":true,"href":"https:\/\/icab.eu\/pro\/wp-json\/wp\/v2\/pages\/132"}],"wp:attachment":[{"href":"https:\/\/icab.eu\/pro\/wp-json\/wp\/v2\/media?parent=589"}],"curies":[{"name":"wp","href":"https:\/\/api.w.org\/{rel}","templated":true}]}}