{"id":678,"date":"2022-09-12T13:24:39","date_gmt":"2022-09-12T11:24:39","guid":{"rendered":"https:\/\/icab.eu\/pro\/?page_id=678"},"modified":"2022-09-12T13:24:39","modified_gmt":"2022-09-12T11:24:39","slug":"panneaux-sandwiches-composites","status":"publish","type":"page","link":"https:\/\/icab.eu\/pro\/demo\/panneaux-sandwiches-composites\/","title":{"rendered":"Panneaux sandwiches &#8211; composites"},"content":{"rendered":"<div id=\"ez-toc-container\" class=\"ez-toc-v2_0_81 counter-hierarchy ez-toc-counter ez-toc-grey ez-toc-container-direction\">\n<p class=\"ez-toc-title\" style=\"cursor:inherit\">Sommaire<\/p>\n<label for=\"ez-toc-cssicon-toggle-item-69ea73ce338c1\" class=\"ez-toc-cssicon-toggle-label\"><span class=\"\"><span class=\"eztoc-hide\" style=\"display:none;\">Toggle<\/span><span class=\"ez-toc-icon-toggle-span\"><svg style=\"fill: #999;color:#999\" xmlns=\"http:\/\/www.w3.org\/2000\/svg\" class=\"list-377408\" width=\"20px\" height=\"20px\" viewBox=\"0 0 24 24\" fill=\"none\"><path d=\"M6 6H4v2h2V6zm14 0H8v2h12V6zM4 11h2v2H4v-2zm16 0H8v2h12v-2zM4 16h2v2H4v-2zm16 0H8v2h12v-2z\" fill=\"currentColor\"><\/path><\/svg><svg style=\"fill: #999;color:#999\" class=\"arrow-unsorted-368013\" xmlns=\"http:\/\/www.w3.org\/2000\/svg\" width=\"10px\" height=\"10px\" viewBox=\"0 0 24 24\" version=\"1.2\" baseProfile=\"tiny\"><path d=\"M18.2 9.3l-6.2-6.3-6.2 6.3c-.2.2-.3.4-.3.7s.1.5.3.7c.2.2.4.3.7.3h11c.3 0 .5-.1.7-.3.2-.2.3-.5.3-.7s-.1-.5-.3-.7zM5.8 14.7l6.2 6.3 6.2-6.3c.2-.2.3-.5.3-.7s-.1-.5-.3-.7c-.2-.2-.4-.3-.7-.3h-11c-.3 0-.5.1-.7.3-.2.2-.3.5-.3.7s.1.5.3.7z\"\/><\/svg><\/span><\/span><\/label><input type=\"checkbox\"  id=\"ez-toc-cssicon-toggle-item-69ea73ce338c1\"  aria-label=\"Toggle\" \/><nav><ul class='ez-toc-list ez-toc-list-level-1 ' ><li class='ez-toc-page-1 ez-toc-heading-level-1'><a class=\"ez-toc-link ez-toc-heading-1\" href=\"https:\/\/icab.eu\/pro\/demo\/panneaux-sandwiches-composites\/#Panneaux_sandwiches_%E2%80%93_composites\" >Panneaux sandwiches &#8211; composites<\/a><ul class='ez-toc-list-level-2' ><li class='ez-toc-heading-level-2'><a class=\"ez-toc-link ez-toc-heading-2\" href=\"https:\/\/icab.eu\/pro\/demo\/panneaux-sandwiches-composites\/#Shelters\" >Shelters<\/a><\/li><li class='ez-toc-page-1 ez-toc-heading-level-2'><a class=\"ez-toc-link ez-toc-heading-3\" href=\"https:\/\/icab.eu\/pro\/demo\/panneaux-sandwiches-composites\/#Batiments_prefabriques\" >B\u00e2timents pr\u00e9fabriqu\u00e9s<\/a><\/li><\/ul><\/li><\/ul><\/nav><\/div>\n<h1><span class=\"ez-toc-section\" id=\"Panneaux_sandwiches_%E2%80%93_composites\"><\/span>Panneaux sandwiches &#8211; composites<span class=\"ez-toc-section-end\"><\/span><\/h1>\n<p>Le logiciel <a href=\"https:\/\/www.icab.eu\/force\/ic_force.htm\">ICAB Force<\/a> inclut la mod\u00e9lisation de stratifi\u00e9s form\u00e9s de superpositions de couches de mat\u00e9riaux isotropes ou orthotropes avec choix de l&rsquo;orientation des axes principaux. Ces panneaux sandwiches peuvent \u00eatre associ\u00e9s avec des \u00a0renforts mod\u00e9lis\u00e9s par des poutres.<\/p>\n<h2><span class=\"ez-toc-section\" id=\"Shelters\"><\/span><a name=\"shelter\"><\/a>Shelters<span class=\"ez-toc-section-end\"><\/span><\/h2>\n<p>Shelter formant une cage de Faraday avec isolant en laine de verre entre panneaux d&rsquo;aluminium sur un plancher<\/p>\n<p><img fetchpriority=\"high\" decoding=\"async\" src=\"https:\/\/www.icab.eu\/force\/demo\/img\/shelter_lift.jpg\" width=\"546\" height=\"414\" border=\"0\" \/><\/p>\n<p><img decoding=\"async\" src=\"https:\/\/www.icab.eu\/force\/demo\/img\/shelter_mode1.jpg\" width=\"547\" height=\"384\" border=\"0\" \/><\/p>\n<h2><span class=\"ez-toc-section\" id=\"Batiments_prefabriques\"><\/span><a name=\"maison\"><\/a>B\u00e2timents pr\u00e9fabriqu\u00e9s<span class=\"ez-toc-section-end\"><\/span><\/h2>\n<p>Panneaux isolants formant une structure l\u00e9g\u00e8re r\u00e9sistant \u00e0 des vents cycloniques et s\u00e9ismes.<\/p>\n<p><img decoding=\"async\" src=\"https:\/\/www.icab.eu\/force\/demo\/img\/panneaux_maison.jpg\" width=\"771\" height=\"466\" border=\"0\" \/><\/p>\n<p><img loading=\"lazy\" decoding=\"async\" src=\"https:\/\/www.icab.eu\/force\/demo\/img\/panneaux_maison_def.jpg\" width=\"801\" height=\"441\" border=\"0\" \/><\/p>\n","protected":false},"excerpt":{"rendered":"<p>Panneaux sandwiches &#8211; composites Le logiciel ICAB Force inclut la mod\u00e9lisation de stratifi\u00e9s form\u00e9s de superpositions de couches de mat\u00e9riaux isotropes ou orthotropes avec choix de l&rsquo;orientation des axes principaux. Ces panneaux sandwiches peuvent \u00eatre associ\u00e9s avec des \u00a0renforts mod\u00e9lis\u00e9s par des poutres. Shelters Shelter formant une cage de Faraday avec isolant en laine de [&hellip;]<\/p>\n","protected":false},"author":2,"featured_media":0,"parent":548,"menu_order":0,"comment_status":"closed","ping_status":"closed","template":"","meta":{"_bbp_topic_count":0,"_bbp_reply_count":0,"_bbp_total_topic_count":0,"_bbp_total_reply_count":0,"_bbp_voice_count":0,"_bbp_anonymous_reply_count":0,"_bbp_topic_count_hidden":0,"_bbp_reply_count_hidden":0,"_bbp_forum_subforum_count":0,"footnotes":""},"class_list":["post-678","page","type-page","status-publish","hentry"],"_links":{"self":[{"href":"https:\/\/icab.eu\/pro\/wp-json\/wp\/v2\/pages\/678","targetHints":{"allow":["GET"]}}],"collection":[{"href":"https:\/\/icab.eu\/pro\/wp-json\/wp\/v2\/pages"}],"about":[{"href":"https:\/\/icab.eu\/pro\/wp-json\/wp\/v2\/types\/page"}],"author":[{"embeddable":true,"href":"https:\/\/icab.eu\/pro\/wp-json\/wp\/v2\/users\/2"}],"replies":[{"embeddable":true,"href":"https:\/\/icab.eu\/pro\/wp-json\/wp\/v2\/comments?post=678"}],"version-history":[{"count":1,"href":"https:\/\/icab.eu\/pro\/wp-json\/wp\/v2\/pages\/678\/revisions"}],"predecessor-version":[{"id":679,"href":"https:\/\/icab.eu\/pro\/wp-json\/wp\/v2\/pages\/678\/revisions\/679"}],"up":[{"embeddable":true,"href":"https:\/\/icab.eu\/pro\/wp-json\/wp\/v2\/pages\/548"}],"wp:attachment":[{"href":"https:\/\/icab.eu\/pro\/wp-json\/wp\/v2\/media?parent=678"}],"curies":[{"name":"wp","href":"https:\/\/api.w.org\/{rel}","templated":true}]}}