{"id":750,"date":"2023-03-08T16:27:03","date_gmt":"2023-03-08T15:27:03","guid":{"rendered":"https:\/\/icab.eu\/pro\/?page_id=750"},"modified":"2023-03-08T17:13:18","modified_gmt":"2023-03-08T16:13:18","slug":"chaudronnerie","status":"publish","type":"page","link":"https:\/\/icab.eu\/pro\/demo\/chaudronnerie\/","title":{"rendered":"Chaudronnerie"},"content":{"rendered":"<div id=\"ez-toc-container\" class=\"ez-toc-v2_0_81 counter-hierarchy ez-toc-counter ez-toc-grey ez-toc-container-direction\">\n<p class=\"ez-toc-title\" style=\"cursor:inherit\">Sommaire<\/p>\n<label for=\"ez-toc-cssicon-toggle-item-69d270c7eef39\" class=\"ez-toc-cssicon-toggle-label\"><span class=\"\"><span class=\"eztoc-hide\" style=\"display:none;\">Toggle<\/span><span class=\"ez-toc-icon-toggle-span\"><svg style=\"fill: #999;color:#999\" xmlns=\"http:\/\/www.w3.org\/2000\/svg\" class=\"list-377408\" width=\"20px\" height=\"20px\" viewBox=\"0 0 24 24\" fill=\"none\"><path d=\"M6 6H4v2h2V6zm14 0H8v2h12V6zM4 11h2v2H4v-2zm16 0H8v2h12v-2zM4 16h2v2H4v-2zm16 0H8v2h12v-2z\" fill=\"currentColor\"><\/path><\/svg><svg style=\"fill: #999;color:#999\" class=\"arrow-unsorted-368013\" xmlns=\"http:\/\/www.w3.org\/2000\/svg\" width=\"10px\" height=\"10px\" viewBox=\"0 0 24 24\" version=\"1.2\" baseProfile=\"tiny\"><path d=\"M18.2 9.3l-6.2-6.3-6.2 6.3c-.2.2-.3.4-.3.7s.1.5.3.7c.2.2.4.3.7.3h11c.3 0 .5-.1.7-.3.2-.2.3-.5.3-.7s-.1-.5-.3-.7zM5.8 14.7l6.2 6.3 6.2-6.3c.2-.2.3-.5.3-.7s-.1-.5-.3-.7c-.2-.2-.4-.3-.7-.3h-11c-.3 0-.5.1-.7.3-.2.2-.3.5-.3.7s.1.5.3.7z\"\/><\/svg><\/span><\/span><\/label><input type=\"checkbox\"  id=\"ez-toc-cssicon-toggle-item-69d270c7eef39\"  aria-label=\"Toggle\" \/><nav><ul class='ez-toc-list ez-toc-list-level-1 ' ><li class='ez-toc-page-1 ez-toc-heading-level-1'><a class=\"ez-toc-link ez-toc-heading-1\" href=\"https:\/\/icab.eu\/pro\/demo\/chaudronnerie\/#Chaudronnerie_appareil_sous_pression\" >Chaudronnerie, appareil sous pression<\/a><ul class='ez-toc-list-level-2' ><li class='ez-toc-heading-level-2'><a class=\"ez-toc-link ez-toc-heading-2\" href=\"https:\/\/icab.eu\/pro\/demo\/chaudronnerie\/#Cyclone_de_haut_fourneau\" >Cyclone de haut fourneau<\/a><\/li><li class='ez-toc-page-1 ez-toc-heading-level-2'><a class=\"ez-toc-link ez-toc-heading-3\" href=\"https:\/\/icab.eu\/pro\/demo\/chaudronnerie\/#Colonne_de_traitement_en_composite\" >Colonne de traitement en composite<\/a><\/li><li class='ez-toc-page-1 ez-toc-heading-level-2'><a class=\"ez-toc-link ez-toc-heading-4\" href=\"https:\/\/icab.eu\/pro\/demo\/chaudronnerie\/#Laveur\" >Laveur<\/a><\/li><li class='ez-toc-page-1 ez-toc-heading-level-2'><a class=\"ez-toc-link ez-toc-heading-5\" href=\"https:\/\/icab.eu\/pro\/demo\/chaudronnerie\/#Silo\" >Silo<\/a><\/li><\/ul><\/li><\/ul><\/nav><\/div>\n<h1><span class=\"ez-toc-section\" id=\"Chaudronnerie_appareil_sous_pression\"><\/span>Chaudronnerie, appareil sous pression<span class=\"ez-toc-section-end\"><\/span><\/h1>\n<p>&nbsp;<\/p>\n<h2><span class=\"ez-toc-section\" id=\"Cyclone_de_haut_fourneau\"><\/span>Cyclone de haut fourneau<span class=\"ez-toc-section-end\"><\/span><\/h2>\n<p>Etude de renfort de cyclone de haut-fourneau sous pression interne mod\u00e9lis\u00e9 avec \u00e9l\u00e9ments finis coques \u00e9paisses et poutres<\/p>\n<p><img fetchpriority=\"high\" decoding=\"async\" class=\"wp-image-751 aligncenter\" src=\"https:\/\/icab.eu\/pro\/wp-content\/uploads\/2023\/03\/2002_cyclone_hf.jpg\" alt=\"\" width=\"628\" height=\"472\" srcset=\"https:\/\/icab.eu\/pro\/wp-content\/uploads\/2023\/03\/2002_cyclone_hf.jpg 966w, https:\/\/icab.eu\/pro\/wp-content\/uploads\/2023\/03\/2002_cyclone_hf-300x225.jpg 300w, https:\/\/icab.eu\/pro\/wp-content\/uploads\/2023\/03\/2002_cyclone_hf-768x577.jpg 768w\" sizes=\"(max-width: 628px) 100vw, 628px\" \/><br \/>\n<img decoding=\"async\" class=\"wp-image-752 size-full aligncenter\" src=\"https:\/\/icab.eu\/pro\/wp-content\/uploads\/2023\/03\/2002_cyclone_hf_shell_stress.jpg\" alt=\"\" width=\"966\" height=\"726\" srcset=\"https:\/\/icab.eu\/pro\/wp-content\/uploads\/2023\/03\/2002_cyclone_hf_shell_stress.jpg 966w, https:\/\/icab.eu\/pro\/wp-content\/uploads\/2023\/03\/2002_cyclone_hf_shell_stress-300x225.jpg 300w, https:\/\/icab.eu\/pro\/wp-content\/uploads\/2023\/03\/2002_cyclone_hf_shell_stress-768x577.jpg 768w\" sizes=\"(max-width: 966px) 100vw, 966px\" \/><br \/>\nContraintes sous pression<\/p>\n<p>.<\/p>\n<p><img decoding=\"async\" class=\"wp-image-753 size-full aligncenter\" src=\"https:\/\/icab.eu\/pro\/wp-content\/uploads\/2023\/03\/2002_cyclone_hf_beam_stress.jpg\" alt=\"\" width=\"966\" height=\"726\" srcset=\"https:\/\/icab.eu\/pro\/wp-content\/uploads\/2023\/03\/2002_cyclone_hf_beam_stress.jpg 966w, https:\/\/icab.eu\/pro\/wp-content\/uploads\/2023\/03\/2002_cyclone_hf_beam_stress-300x225.jpg 300w, https:\/\/icab.eu\/pro\/wp-content\/uploads\/2023\/03\/2002_cyclone_hf_beam_stress-768x577.jpg 768w\" sizes=\"(max-width: 966px) 100vw, 966px\" \/><\/p>\n<p>Contraintes sous pression dans profil\u00e9s de renfort<\/p>\n<hr \/>\n<h2><span class=\"ez-toc-section\" id=\"Colonne_de_traitement_en_composite\"><\/span>Colonne de traitement en composite<span class=\"ez-toc-section-end\"><\/span><\/h2>\n<p><img loading=\"lazy\" decoding=\"async\" class=\"aligncenter wp-image-756 size-full\" src=\"https:\/\/icab.eu\/pro\/wp-content\/uploads\/2023\/03\/2009_colonne_traitement.jpg\" alt=\"\" width=\"664\" height=\"694\" srcset=\"https:\/\/icab.eu\/pro\/wp-content\/uploads\/2023\/03\/2009_colonne_traitement.jpg 664w, https:\/\/icab.eu\/pro\/wp-content\/uploads\/2023\/03\/2009_colonne_traitement-287x300.jpg 287w\" sizes=\"(max-width: 664px) 100vw, 664px\" \/><\/p>\n<p>\u00c9tages de traitement des fum\u00e9es en fibre de verre<\/p>\n<p><img loading=\"lazy\" decoding=\"async\" class=\"aligncenter wp-image-758 size-full\" src=\"https:\/\/icab.eu\/pro\/wp-content\/uploads\/2023\/03\/2009_colonne_traitement_disp.jpg\" alt=\"\" width=\"664\" height=\"694\" srcset=\"https:\/\/icab.eu\/pro\/wp-content\/uploads\/2023\/03\/2009_colonne_traitement_disp.jpg 664w, https:\/\/icab.eu\/pro\/wp-content\/uploads\/2023\/03\/2009_colonne_traitement_disp-287x300.jpg 287w\" sizes=\"(max-width: 664px) 100vw, 664px\" \/><\/p>\n<p>D\u00e9placement en service<\/p>\n<p>&nbsp;<\/p>\n<p><img loading=\"lazy\" decoding=\"async\" class=\"aligncenter wp-image-757 size-full\" src=\"https:\/\/icab.eu\/pro\/wp-content\/uploads\/2023\/03\/2009_colonne_traitement_stress.jpg\" alt=\"\" width=\"664\" height=\"694\" srcset=\"https:\/\/icab.eu\/pro\/wp-content\/uploads\/2023\/03\/2009_colonne_traitement_stress.jpg 664w, https:\/\/icab.eu\/pro\/wp-content\/uploads\/2023\/03\/2009_colonne_traitement_stress-287x300.jpg 287w\" sizes=\"(max-width: 664px) 100vw, 664px\" \/><\/p>\n<p>Contraintes aux \u00e9tats limites ultimes.<\/p>\n<hr \/>\n<h2><span class=\"ez-toc-section\" id=\"Laveur\"><\/span>Laveur<span class=\"ez-toc-section-end\"><\/span><\/h2>\n<p><img loading=\"lazy\" decoding=\"async\" class=\"aligncenter wp-image-755 size-full\" src=\"https:\/\/icab.eu\/pro\/wp-content\/uploads\/2023\/03\/2008_laveur_depl.jpg\" alt=\"\" width=\"542\" height=\"784\" srcset=\"https:\/\/icab.eu\/pro\/wp-content\/uploads\/2023\/03\/2008_laveur_depl.jpg 542w, https:\/\/icab.eu\/pro\/wp-content\/uploads\/2023\/03\/2008_laveur_depl-207x300.jpg 207w\" sizes=\"(max-width: 542px) 100vw, 542px\" \/><br \/>\nD\u00e9placements ELS<\/p>\n<p><img loading=\"lazy\" decoding=\"async\" class=\"aligncenter wp-image-754 size-full\" src=\"https:\/\/icab.eu\/pro\/wp-content\/uploads\/2023\/03\/2008_laveur_stress.jpg\" alt=\"\" width=\"764\" height=\"716\" srcset=\"https:\/\/icab.eu\/pro\/wp-content\/uploads\/2023\/03\/2008_laveur_stress.jpg 764w, https:\/\/icab.eu\/pro\/wp-content\/uploads\/2023\/03\/2008_laveur_stress-300x281.jpg 300w\" sizes=\"(max-width: 764px) 100vw, 764px\" \/><br \/>\nContraintes dans la couronne d&rsquo;appui<\/p>\n<hr \/>\n<h2><span class=\"ez-toc-section\" id=\"Silo\"><\/span>Silo<span class=\"ez-toc-section-end\"><\/span><\/h2>\n<p><img loading=\"lazy\" decoding=\"async\" class=\"aligncenter wp-image-764 size-full\" src=\"https:\/\/icab.eu\/pro\/wp-content\/uploads\/2023\/03\/2015_silo.jpg\" alt=\"\" width=\"895\" height=\"765\" srcset=\"https:\/\/icab.eu\/pro\/wp-content\/uploads\/2023\/03\/2015_silo.jpg 895w, https:\/\/icab.eu\/pro\/wp-content\/uploads\/2023\/03\/2015_silo-300x256.jpg 300w, https:\/\/icab.eu\/pro\/wp-content\/uploads\/2023\/03\/2015_silo-768x656.jpg 768w\" sizes=\"(max-width: 895px) 100vw, 895px\" \/><\/p>\n<p><img loading=\"lazy\" decoding=\"async\" class=\"aligncenter wp-image-765 size-full\" src=\"https:\/\/icab.eu\/pro\/wp-content\/uploads\/2023\/03\/2015_silo_contraintes_seisme.jpg\" alt=\"\" width=\"895\" height=\"765\" srcset=\"https:\/\/icab.eu\/pro\/wp-content\/uploads\/2023\/03\/2015_silo_contraintes_seisme.jpg 895w, https:\/\/icab.eu\/pro\/wp-content\/uploads\/2023\/03\/2015_silo_contraintes_seisme-300x256.jpg 300w, https:\/\/icab.eu\/pro\/wp-content\/uploads\/2023\/03\/2015_silo_contraintes_seisme-768x656.jpg 768w\" sizes=\"(max-width: 895px) 100vw, 895px\" \/><\/p>\n<p>contraintes sous actions sismiques dans l&rsquo;ossature de support des silos<\/p>\n<p>&nbsp;<\/p>\n","protected":false},"excerpt":{"rendered":"<p>Chaudronnerie, appareil sous pression &nbsp; Cyclone de haut fourneau Etude de renfort de cyclone de haut-fourneau sous pression interne mod\u00e9lis\u00e9 avec \u00e9l\u00e9ments finis coques \u00e9paisses et poutres Contraintes sous pression . Contraintes sous pression dans profil\u00e9s de renfort Colonne de traitement en composite \u00c9tages de traitement des fum\u00e9es en fibre de verre D\u00e9placement en service [&hellip;]<\/p>\n","protected":false},"author":2,"featured_media":0,"parent":548,"menu_order":8,"comment_status":"closed","ping_status":"closed","template":"","meta":{"_bbp_topic_count":0,"_bbp_reply_count":0,"_bbp_total_topic_count":0,"_bbp_total_reply_count":0,"_bbp_voice_count":0,"_bbp_anonymous_reply_count":0,"_bbp_topic_count_hidden":0,"_bbp_reply_count_hidden":0,"_bbp_forum_subforum_count":0,"footnotes":""},"class_list":["post-750","page","type-page","status-publish","hentry"],"_links":{"self":[{"href":"https:\/\/icab.eu\/pro\/wp-json\/wp\/v2\/pages\/750","targetHints":{"allow":["GET"]}}],"collection":[{"href":"https:\/\/icab.eu\/pro\/wp-json\/wp\/v2\/pages"}],"about":[{"href":"https:\/\/icab.eu\/pro\/wp-json\/wp\/v2\/types\/page"}],"author":[{"embeddable":true,"href":"https:\/\/icab.eu\/pro\/wp-json\/wp\/v2\/users\/2"}],"replies":[{"embeddable":true,"href":"https:\/\/icab.eu\/pro\/wp-json\/wp\/v2\/comments?post=750"}],"version-history":[{"count":4,"href":"https:\/\/icab.eu\/pro\/wp-json\/wp\/v2\/pages\/750\/revisions"}],"predecessor-version":[{"id":766,"href":"https:\/\/icab.eu\/pro\/wp-json\/wp\/v2\/pages\/750\/revisions\/766"}],"up":[{"embeddable":true,"href":"https:\/\/icab.eu\/pro\/wp-json\/wp\/v2\/pages\/548"}],"wp:attachment":[{"href":"https:\/\/icab.eu\/pro\/wp-json\/wp\/v2\/media?parent=750"}],"curies":[{"name":"wp","href":"https:\/\/api.w.org\/{rel}","templated":true}]}}