{"id":852,"date":"2026-01-29T22:02:01","date_gmt":"2026-01-29T21:02:01","guid":{"rendered":"https:\/\/icab.eu\/pro\/?page_id=852"},"modified":"2026-03-19T13:07:53","modified_gmt":"2026-03-19T12:07:53","slug":"charge-exploitation","status":"publish","type":"page","link":"https:\/\/icab.eu\/pro\/guide-conception\/charge-exploitation\/","title":{"rendered":"Charges d&rsquo;exploitation"},"content":{"rendered":"<div id=\"ez-toc-container\" class=\"ez-toc-v2_0_81 counter-hierarchy ez-toc-counter ez-toc-grey ez-toc-container-direction\">\n<p class=\"ez-toc-title\" style=\"cursor:inherit\">Sommaire<\/p>\n<label for=\"ez-toc-cssicon-toggle-item-69d697c39f1f2\" class=\"ez-toc-cssicon-toggle-label\"><span class=\"\"><span class=\"eztoc-hide\" style=\"display:none;\">Toggle<\/span><span class=\"ez-toc-icon-toggle-span\"><svg style=\"fill: #999;color:#999\" xmlns=\"http:\/\/www.w3.org\/2000\/svg\" class=\"list-377408\" width=\"20px\" height=\"20px\" viewBox=\"0 0 24 24\" fill=\"none\"><path d=\"M6 6H4v2h2V6zm14 0H8v2h12V6zM4 11h2v2H4v-2zm16 0H8v2h12v-2zM4 16h2v2H4v-2zm16 0H8v2h12v-2z\" fill=\"currentColor\"><\/path><\/svg><svg style=\"fill: #999;color:#999\" class=\"arrow-unsorted-368013\" xmlns=\"http:\/\/www.w3.org\/2000\/svg\" width=\"10px\" height=\"10px\" viewBox=\"0 0 24 24\" version=\"1.2\" baseProfile=\"tiny\"><path d=\"M18.2 9.3l-6.2-6.3-6.2 6.3c-.2.2-.3.4-.3.7s.1.5.3.7c.2.2.4.3.7.3h11c.3 0 .5-.1.7-.3.2-.2.3-.5.3-.7s-.1-.5-.3-.7zM5.8 14.7l6.2 6.3 6.2-6.3c.2-.2.3-.5.3-.7s-.1-.5-.3-.7c-.2-.2-.4-.3-.7-.3h-11c-.3 0-.5.1-.7.3-.2.2-.3.5-.3.7s.1.5.3.7z\"\/><\/svg><\/span><\/span><\/label><input type=\"checkbox\"  id=\"ez-toc-cssicon-toggle-item-69d697c39f1f2\"  aria-label=\"Toggle\" \/><nav><ul class='ez-toc-list ez-toc-list-level-1 ' ><li class='ez-toc-page-1 ez-toc-heading-level-1'><a class=\"ez-toc-link ez-toc-heading-1\" href=\"https:\/\/icab.eu\/pro\/guide-conception\/charge-exploitation\/#Charges_dexploitation\" >Charges d&rsquo;exploitation<\/a><ul class='ez-toc-list-level-2' ><li class='ez-toc-heading-level-2'><a class=\"ez-toc-link ez-toc-heading-2\" href=\"https:\/\/icab.eu\/pro\/guide-conception\/charge-exploitation\/#Categories_dusages\" >Cat\u00e9gories d&rsquo;usages<\/a><ul class='ez-toc-list-level-3' ><li class='ez-toc-heading-level-3'><a class=\"ez-toc-link ez-toc-heading-3\" href=\"https:\/\/icab.eu\/pro\/guide-conception\/charge-exploitation\/#A_Habitation_residentiel\" >A Habitation, r\u00e9sidentiel<\/a><\/li><li class='ez-toc-page-1 ez-toc-heading-level-3'><a class=\"ez-toc-link ez-toc-heading-4\" href=\"https:\/\/icab.eu\/pro\/guide-conception\/charge-exploitation\/#B_Bureaux\" >B Bureaux<\/a><\/li><li class='ez-toc-page-1 ez-toc-heading-level-3'><a class=\"ez-toc-link ez-toc-heading-5\" href=\"https:\/\/icab.eu\/pro\/guide-conception\/charge-exploitation\/#C_Lieux_de_reunion\" >C Lieux de r\u00e9union<\/a><ul class='ez-toc-list-level-4' ><li class='ez-toc-heading-level-4'><a class=\"ez-toc-link ez-toc-heading-6\" href=\"https:\/\/icab.eu\/pro\/guide-conception\/charge-exploitation\/#C1_Espaces_equipes_de_tables\" >C1 : Espaces \u00e9quip\u00e9s de tables<\/a><\/li><li class='ez-toc-page-1 ez-toc-heading-level-4'><a class=\"ez-toc-link ez-toc-heading-7\" href=\"https:\/\/icab.eu\/pro\/guide-conception\/charge-exploitation\/#C2_Espaces_equipes_de_sieges_fixes\" >C2 : Espaces \u00e9quip\u00e9s de si\u00e8ges fixes<\/a><\/li><li class='ez-toc-page-1 ez-toc-heading-level-4'><a class=\"ez-toc-link ez-toc-heading-8\" href=\"https:\/\/icab.eu\/pro\/guide-conception\/charge-exploitation\/#C3_Espaces_ne_presentant_pas_dobstacles_a_la_circulation_des_personnes\" >C3 : Espaces ne pr\u00e9sentant pas d&rsquo;obstacles \u00e0 la circulation des personnes<\/a><\/li><li class='ez-toc-page-1 ez-toc-heading-level-4'><a class=\"ez-toc-link ez-toc-heading-9\" href=\"https:\/\/icab.eu\/pro\/guide-conception\/charge-exploitation\/#C4_Espaces_permettant_des_activites_physiques\" >C4 : Espaces permettant des activit\u00e9s physiques<\/a><\/li><li class='ez-toc-page-1 ez-toc-heading-level-4'><a class=\"ez-toc-link ez-toc-heading-10\" href=\"https:\/\/icab.eu\/pro\/guide-conception\/charge-exploitation\/#C5_Espaces_susceptibles_daccueillir_des_foules_importantes\" >C5 : Espaces susceptibles d&rsquo;accueillir des foules importantes<\/a><\/li><\/ul><\/li><li class='ez-toc-page-1 ez-toc-heading-level-3'><a class=\"ez-toc-link ez-toc-heading-11\" href=\"https:\/\/icab.eu\/pro\/guide-conception\/charge-exploitation\/#D_Commerces\" >D Commerces<\/a><\/li><li class='ez-toc-page-1 ez-toc-heading-level-3'><a class=\"ez-toc-link ez-toc-heading-12\" href=\"https:\/\/icab.eu\/pro\/guide-conception\/charge-exploitation\/#E_aires_de_stockage\" >E aires de stockage<\/a><\/li><li class='ez-toc-page-1 ez-toc-heading-level-3'><a class=\"ez-toc-link ez-toc-heading-13\" href=\"https:\/\/icab.eu\/pro\/guide-conception\/charge-exploitation\/#FG_aires_de_circulation\" >FG aires de circulation<\/a><\/li><li class='ez-toc-page-1 ez-toc-heading-level-3'><a class=\"ez-toc-link ez-toc-heading-14\" href=\"https:\/\/icab.eu\/pro\/guide-conception\/charge-exploitation\/#HIK_Toitures\" >HIK Toitures<\/a><\/li><\/ul><\/li><li class='ez-toc-page-1 ez-toc-heading-level-2'><a class=\"ez-toc-link ez-toc-heading-15\" href=\"https:\/\/icab.eu\/pro\/guide-conception\/charge-exploitation\/#Charges_dexploitation-2\" >Charges d&rsquo;exploitation<\/a><ul class='ez-toc-list-level-3' ><li class='ez-toc-heading-level-3'><a class=\"ez-toc-link ez-toc-heading-16\" href=\"https:\/\/icab.eu\/pro\/guide-conception\/charge-exploitation\/#Planchers\" >Planchers<\/a><\/li><li class='ez-toc-page-1 ez-toc-heading-level-3'><a class=\"ez-toc-link ez-toc-heading-17\" href=\"https:\/\/icab.eu\/pro\/guide-conception\/charge-exploitation\/#Passerelles\" >Passerelles<\/a><\/li><li class='ez-toc-page-1 ez-toc-heading-level-3'><a class=\"ez-toc-link ez-toc-heading-18\" href=\"https:\/\/icab.eu\/pro\/guide-conception\/charge-exploitation\/#Garde-corps\" >Garde-corps<\/a><\/li><\/ul><\/li><\/ul><\/li><\/ul><\/nav><\/div>\n<h1><span class=\"ez-toc-section\" id=\"Charges_dexploitation\"><\/span>Charges d&rsquo;exploitation<span class=\"ez-toc-section-end\"><\/span><\/h1>\n<h2><span class=\"ez-toc-section\" id=\"Categories_dusages\"><\/span>Cat\u00e9gories d&rsquo;usages<span class=\"ez-toc-section-end\"><\/span><\/h2>\n<p>selon EN1991-1-1<\/p>\n<h3><span class=\"ez-toc-section\" id=\"A_Habitation_residentiel\"><\/span>A Habitation, r\u00e9sidentiel<span class=\"ez-toc-section-end\"><\/span><\/h3>\n<p>Pi\u00e8ces des b\u00e2timents et maisons d&rsquo;habitation ; chambres et salles des h\u00f4pitaux ; chambres d&rsquo;h\u00f4tels et de foyers ; cuisines et sanitaires.<\/p>\n<h3><span class=\"ez-toc-section\" id=\"B_Bureaux\"><\/span>B Bureaux<span class=\"ez-toc-section-end\"><\/span><\/h3>\n<h3><span class=\"ez-toc-section\" id=\"C_Lieux_de_reunion\"><\/span>C Lieux de r\u00e9union<span class=\"ez-toc-section-end\"><\/span><\/h3>\n<p>(\u00e0 l&rsquo;exception des surfaces des cat\u00e9gories A, B et D<\/p>\n<h4><span class=\"ez-toc-section\" id=\"C1_Espaces_equipes_de_tables\"><\/span>C1 : Espaces \u00e9quip\u00e9s de tables<span class=\"ez-toc-section-end\"><\/span><\/h4>\n<ul>\n<li>par exemple : \u00e9coles, caf\u00e9s, restaurants, salles de banquet, salles de lecture, salles de r\u00e9ception<\/li>\n<\/ul>\n<h4><span class=\"ez-toc-section\" id=\"C2_Espaces_equipes_de_sieges_fixes\"><\/span>C2 : Espaces \u00e9quip\u00e9s de si\u00e8ges fixes<span class=\"ez-toc-section-end\"><\/span><\/h4>\n<ul>\n<li>par exemple : \u00e9glises, th\u00e9\u00e2tres ou cin\u00e9mas, salles de conf\u00e9rence, amphith\u00e9\u00e2tres, salles de r\u00e9union, salles d&rsquo;attente<\/li>\n<\/ul>\n<h4><span class=\"ez-toc-section\" id=\"C3_Espaces_ne_presentant_pas_dobstacles_a_la_circulation_des_personnes\"><\/span>C3 : Espaces ne pr\u00e9sentant pas d&rsquo;obstacles \u00e0 la circulation des personnes<span class=\"ez-toc-section-end\"><\/span><\/h4>\n<ul>\n<li>par exemple : salles de mus\u00e9e, salles d&rsquo;exposition etc. et acc\u00e8s des b\u00e2timents publics et administratifs, h\u00f4tels, h\u00f4pitaux, gares<\/li>\n<\/ul>\n<h4><span class=\"ez-toc-section\" id=\"C4_Espaces_permettant_des_activites_physiques\"><\/span>C4 : Espaces permettant des activit\u00e9s physiques<span class=\"ez-toc-section-end\"><\/span><\/h4>\n<ul>\n<li>par exemple : dancings, salles de gymnastique, sc\u00e8nes<\/li>\n<\/ul>\n<h4><span class=\"ez-toc-section\" id=\"C5_Espaces_susceptibles_daccueillir_des_foules_importantes\"><\/span>C5 : Espaces susceptibles d&rsquo;accueillir des foules importantes<span class=\"ez-toc-section-end\"><\/span><\/h4>\n<ul>\n<li>par exemple : b\u00e2timents destin\u00e9s \u00e0 des \u00e9v\u00e9nements publics tels que salles de concert, salles de sport y compris tribunes, terrasses et aires d&rsquo;acc\u00e8s, quais de gare<\/li>\n<\/ul>\n<h3><span class=\"ez-toc-section\" id=\"D_Commerces\"><\/span>D Commerces<span class=\"ez-toc-section-end\"><\/span><\/h3>\n<p>D1 : Commerces de d\u00e9tail courants<br \/>\nD2 : Grands magasins<\/p>\n<h3><span class=\"ez-toc-section\" id=\"E_aires_de_stockage\"><\/span>E aires de stockage<span class=\"ez-toc-section-end\"><\/span><\/h3>\n<p>E1 Surfaces susceptibles de recevoir une accumulation de marchandises, y compris aires d&rsquo;acc\u00e8s<br \/>\nAires de stockage, y compris stockages de livres et autres documents<\/p>\n<p>E2 usage industriel<\/p>\n<h3><span class=\"ez-toc-section\" id=\"FG_aires_de_circulation\"><\/span>FG aires de circulation<span class=\"ez-toc-section-end\"><\/span><\/h3>\n<p>F Aires de circulation et de stationnement pour v\u00e9hicules l\u00e9gers (PTAC \u2264 30 kN et nombre de places assises \u2264 8, non compris le conducteur)<br \/>\ngarages ; parcs de stationnement, parkings \u00e0 plusieurs \u00e9tages<\/p>\n<p>G Aires de circulation et de stationnement pour v\u00e9hicules de poids moyen (30 kN &lt; PTAC \u2264 160 kN, \u00e0 deux essieux)<br \/>\nvoies d&rsquo;acc\u00e8s, zones de livraison, zones accessibles aux v\u00e9hicules de lutte incendie (PTAC \u2264 160 kN)<\/p>\n<h3><span class=\"ez-toc-section\" id=\"HIK_Toitures\"><\/span>HIK Toitures<span class=\"ez-toc-section-end\"><\/span><\/h3>\n<p>H Toitures inaccessibles sauf pour entretien et r\u00e9parations courants<br \/>\nI Toitures accessibles pour les usages des cat\u00e9gories A \u00e0 D<br \/>\nK Toitures accessibles pour des usages particuliers, h\u00e9listations, par exemple<\/p>\n<p>&nbsp;<\/p>\n<h2><span class=\"ez-toc-section\" id=\"Charges_dexploitation-2\"><\/span>Charges d&rsquo;exploitation<span class=\"ez-toc-section-end\"><\/span><\/h2>\n<h3><span class=\"ez-toc-section\" id=\"Planchers\"><\/span>Planchers<span class=\"ez-toc-section-end\"><\/span><\/h3>\n<p>avec balcons et escaliers dans les b\u00e2timents selon EN1991-1-1 annexe France<\/p>\n<table>\n<tbody>\n<tr>\n<td>cat\u00e9gorie<\/td>\n<td>qk kN\/m2<\/td>\n<td>Qk kN<\/td>\n<\/tr>\n<tr>\n<td>A planchers<\/td>\n<td>1.5<\/td>\n<td>2.0<\/td>\n<\/tr>\n<tr>\n<td>A escaliers<\/td>\n<td>2.5<\/td>\n<td>2.0<\/td>\n<\/tr>\n<tr>\n<td>A balcons<\/td>\n<td>3.5<\/td>\n<td>2.0<\/td>\n<\/tr>\n<tr>\n<td>B bureaux<\/td>\n<td>2.5<\/td>\n<td>4.0<\/td>\n<\/tr>\n<tr>\n<td>C1<\/td>\n<td>2.5<\/td>\n<td>3.0<\/td>\n<\/tr>\n<tr>\n<td>C2<\/td>\n<td>4.0<\/td>\n<td>4.0<\/td>\n<\/tr>\n<tr>\n<td>C3<\/td>\n<td>4.0<\/td>\n<td>4.0<\/td>\n<\/tr>\n<tr>\n<td>C4<\/td>\n<td>5.0<\/td>\n<td>7.0<\/td>\n<\/tr>\n<tr>\n<td>C5<\/td>\n<td>5.0<\/td>\n<td>4.5<\/td>\n<\/tr>\n<tr>\n<td>D1<\/td>\n<td>5.0<\/td>\n<td>5.0<\/td>\n<\/tr>\n<tr>\n<td>D2<\/td>\n<td>5.0<\/td>\n<td>7.0<\/td>\n<\/tr>\n<\/tbody>\n<\/table>\n<p>&nbsp;<\/p>\n<table>\n<tbody>\n<tr>\n<td>cat\u00e9gorie<\/td>\n<td>qk kN\/m2<\/td>\n<td>Qk kN<\/td>\n<\/tr>\n<tr>\n<td>E1 stockage<\/td>\n<td>7.5<\/td>\n<td>7.0<\/td>\n<\/tr>\n<tr>\n<td>F (PTAC &lt; 30kN)<\/td>\n<td>2.3<\/td>\n<td>15<\/td>\n<\/tr>\n<tr>\n<td>G ( 30kN &lt; PTAC &lt; 160kN)<\/td>\n<td>5.0<\/td>\n<td>90<\/td>\n<\/tr>\n<tr>\n<td>H toiture de pente inf\u00e9rieures \u00e0 15% recevant \u00e9tanch\u00e9it\u00e9<\/td>\n<td>0.8<\/td>\n<td>1.5<\/td>\n<\/tr>\n<tr>\n<td>H autres toitures<\/td>\n<td>0<\/td>\n<td>1.5<\/td>\n<\/tr>\n<\/tbody>\n<\/table>\n<h3><span class=\"ez-toc-section\" id=\"Passerelles\"><\/span>Passerelles<span class=\"ez-toc-section-end\"><\/span><\/h3>\n<table>\n<tbody>\n<tr>\n<td>selon EN1991-2<\/td>\n<td>charge verticale<br \/>\nqk kN\/m2<\/td>\n<td>charge concentr\u00e9e<br \/>\nkN<\/td>\n<td>charge horizontale<\/td>\n<\/tr>\n<tr>\n<td>Passerelle pi\u00e9tonne avec foule dense (5.3.2.1)<\/td>\n<td>5.0<\/td>\n<td>10<\/td>\n<td>10% charges verticales<\/td>\n<\/tr>\n<tr>\n<td>Passerelle pi\u00e9tonne sans foule dense<\/td>\n<td>2.5 &lt; qk &lt; 5.0 kN\/m2 selon longueur L (m)<br \/>\nqk(L) = 2.0 + 120m\/(L+30m)<\/td>\n<td>10<\/td>\n<td>10% charges verticales<\/td>\n<\/tr>\n<tr>\n<td>Passerelle avec v\u00e9hicule de service<\/p>\n<p>exemple EN1991-2 5.6.3<\/td>\n<td>Qserv<\/p>\n<p>Qsv1=80kN<br \/>\nQsv2=40kN<br \/>\nQserv= 2Qsv1 + 2Qsv2<\/td>\n<td><img fetchpriority=\"high\" decoding=\"async\" class=\"alignnone wp-image-876 \" src=\"https:\/\/icab.eu\/pro\/wp-content\/uploads\/2026\/01\/en1991-2_5_6_3_vehicule_service.jpg\" alt=\"\" width=\"587\" height=\"422\" srcset=\"https:\/\/icab.eu\/pro\/wp-content\/uploads\/2026\/01\/en1991-2_5_6_3_vehicule_service.jpg 2026w, https:\/\/icab.eu\/pro\/wp-content\/uploads\/2026\/01\/en1991-2_5_6_3_vehicule_service-300x216.jpg 300w, https:\/\/icab.eu\/pro\/wp-content\/uploads\/2026\/01\/en1991-2_5_6_3_vehicule_service-1024x737.jpg 1024w, https:\/\/icab.eu\/pro\/wp-content\/uploads\/2026\/01\/en1991-2_5_6_3_vehicule_service-768x553.jpg 768w, https:\/\/icab.eu\/pro\/wp-content\/uploads\/2026\/01\/en1991-2_5_6_3_vehicule_service-1536x1105.jpg 1536w\" sizes=\"(max-width: 587px) 100vw, 587px\" \/><\/td>\n<td>60% Qserv<\/td>\n<\/tr>\n<\/tbody>\n<\/table>\n<p><img decoding=\"async\" class=\"alignnone wp-image-876 \" src=\"https:\/\/icab.eu\/pro\/wp-content\/uploads\/2026\/01\/en1991-2_5_6_3_vehicule_service.jpg\" alt=\"\" width=\"662\" height=\"476\" srcset=\"https:\/\/icab.eu\/pro\/wp-content\/uploads\/2026\/01\/en1991-2_5_6_3_vehicule_service.jpg 2026w, https:\/\/icab.eu\/pro\/wp-content\/uploads\/2026\/01\/en1991-2_5_6_3_vehicule_service-300x216.jpg 300w, https:\/\/icab.eu\/pro\/wp-content\/uploads\/2026\/01\/en1991-2_5_6_3_vehicule_service-1024x737.jpg 1024w, https:\/\/icab.eu\/pro\/wp-content\/uploads\/2026\/01\/en1991-2_5_6_3_vehicule_service-768x553.jpg 768w, https:\/\/icab.eu\/pro\/wp-content\/uploads\/2026\/01\/en1991-2_5_6_3_vehicule_service-1536x1105.jpg 1536w\" sizes=\"(max-width: 662px) 100vw, 662px\" \/><\/p>\n<h3><span class=\"ez-toc-section\" id=\"Garde-corps\"><\/span>Garde-corps<span class=\"ez-toc-section-end\"><\/span><\/h3>\n<p>Charges sur les murs de s\u00e9paration et les gardes-corps<\/p>\n<table>\n<tbody>\n<tr>\n<td>cat\u00e9gorie<\/td>\n<td>charge horizontale<br \/>\nqk kN\/m<\/td>\n<td>charge verticale<br \/>\nQz kN<\/td>\n<\/tr>\n<tr>\n<td>A<\/td>\n<td>0.6<\/td>\n<td><\/td>\n<\/tr>\n<tr>\n<td>B &#8211; C1<\/td>\n<td>0.6<\/td>\n<td><\/td>\n<\/tr>\n<tr>\n<td>C2, C3, C4, D<\/td>\n<td>1<\/td>\n<td><\/td>\n<\/tr>\n<tr>\n<td>C5<\/td>\n<td>3<\/td>\n<td><\/td>\n<\/tr>\n<tr>\n<td>E<\/td>\n<td>2<\/td>\n<td><\/td>\n<\/tr>\n<\/tbody>\n<\/table>\n<table>\n<tbody>\n<tr>\n<td>XP P98-405<br \/>\nBarri\u00e8res de s\u00e9curit\u00e9 routi\u00e8res, gardes-corps pour ponts et ouvrages de g\u00e9nie<\/td>\n<td>q1=(1+b) 0.5 kN\/m (b largeur trottoir en m)<br \/>\n1kN\/m &lt; q1 &lt; 2.5kN\/m<\/td>\n<td>Q2=1kN<\/td>\n<\/tr>\n<\/tbody>\n<\/table>\n","protected":false},"excerpt":{"rendered":"<p>Charges d&rsquo;exploitation Cat\u00e9gories d&rsquo;usages selon EN1991-1-1 A Habitation, r\u00e9sidentiel Pi\u00e8ces des b\u00e2timents et maisons d&rsquo;habitation ; chambres et salles des h\u00f4pitaux ; chambres d&rsquo;h\u00f4tels et de foyers ; cuisines et sanitaires. B Bureaux C Lieux de r\u00e9union (\u00e0 l&rsquo;exception des surfaces des cat\u00e9gories A, B et D C1 : Espaces \u00e9quip\u00e9s de tables par exemple [&hellip;]<\/p>\n","protected":false},"author":2,"featured_media":0,"parent":862,"menu_order":0,"comment_status":"closed","ping_status":"closed","template":"","meta":{"_bbp_topic_count":0,"_bbp_reply_count":0,"_bbp_total_topic_count":0,"_bbp_total_reply_count":0,"_bbp_voice_count":0,"_bbp_anonymous_reply_count":0,"_bbp_topic_count_hidden":0,"_bbp_reply_count_hidden":0,"_bbp_forum_subforum_count":0,"footnotes":""},"class_list":["post-852","page","type-page","status-publish","hentry"],"_links":{"self":[{"href":"https:\/\/icab.eu\/pro\/wp-json\/wp\/v2\/pages\/852","targetHints":{"allow":["GET"]}}],"collection":[{"href":"https:\/\/icab.eu\/pro\/wp-json\/wp\/v2\/pages"}],"about":[{"href":"https:\/\/icab.eu\/pro\/wp-json\/wp\/v2\/types\/page"}],"author":[{"embeddable":true,"href":"https:\/\/icab.eu\/pro\/wp-json\/wp\/v2\/users\/2"}],"replies":[{"embeddable":true,"href":"https:\/\/icab.eu\/pro\/wp-json\/wp\/v2\/comments?post=852"}],"version-history":[{"count":16,"href":"https:\/\/icab.eu\/pro\/wp-json\/wp\/v2\/pages\/852\/revisions"}],"predecessor-version":[{"id":879,"href":"https:\/\/icab.eu\/pro\/wp-json\/wp\/v2\/pages\/852\/revisions\/879"}],"up":[{"embeddable":true,"href":"https:\/\/icab.eu\/pro\/wp-json\/wp\/v2\/pages\/862"}],"wp:attachment":[{"href":"https:\/\/icab.eu\/pro\/wp-json\/wp\/v2\/media?parent=852"}],"curies":[{"name":"wp","href":"https:\/\/api.w.org\/{rel}","templated":true}]}}