{"id":862,"date":"2026-01-30T11:45:06","date_gmt":"2026-01-30T10:45:06","guid":{"rendered":"https:\/\/icab.eu\/pro\/?page_id=862"},"modified":"2026-01-30T11:54:50","modified_gmt":"2026-01-30T10:54:50","slug":"guide-conception","status":"publish","type":"page","link":"https:\/\/icab.eu\/pro\/guide-conception\/","title":{"rendered":"Guide de conception"},"content":{"rendered":"<div id=\"ez-toc-container\" class=\"ez-toc-v2_0_81 counter-hierarchy ez-toc-counter ez-toc-grey ez-toc-container-direction\">\n<p class=\"ez-toc-title\" style=\"cursor:inherit\">Sommaire<\/p>\n<label for=\"ez-toc-cssicon-toggle-item-69d27dfd72dc0\" class=\"ez-toc-cssicon-toggle-label\"><span class=\"\"><span class=\"eztoc-hide\" style=\"display:none;\">Toggle<\/span><span class=\"ez-toc-icon-toggle-span\"><svg style=\"fill: #999;color:#999\" xmlns=\"http:\/\/www.w3.org\/2000\/svg\" class=\"list-377408\" width=\"20px\" height=\"20px\" viewBox=\"0 0 24 24\" fill=\"none\"><path d=\"M6 6H4v2h2V6zm14 0H8v2h12V6zM4 11h2v2H4v-2zm16 0H8v2h12v-2zM4 16h2v2H4v-2zm16 0H8v2h12v-2z\" fill=\"currentColor\"><\/path><\/svg><svg style=\"fill: #999;color:#999\" class=\"arrow-unsorted-368013\" xmlns=\"http:\/\/www.w3.org\/2000\/svg\" width=\"10px\" height=\"10px\" viewBox=\"0 0 24 24\" version=\"1.2\" baseProfile=\"tiny\"><path d=\"M18.2 9.3l-6.2-6.3-6.2 6.3c-.2.2-.3.4-.3.7s.1.5.3.7c.2.2.4.3.7.3h11c.3 0 .5-.1.7-.3.2-.2.3-.5.3-.7s-.1-.5-.3-.7zM5.8 14.7l6.2 6.3 6.2-6.3c.2-.2.3-.5.3-.7s-.1-.5-.3-.7c-.2-.2-.4-.3-.7-.3h-11c-.3 0-.5.1-.7.3-.2.2-.3.5-.3.7s.1.5.3.7z\"\/><\/svg><\/span><\/span><\/label><input type=\"checkbox\"  id=\"ez-toc-cssicon-toggle-item-69d27dfd72dc0\"  aria-label=\"Toggle\" \/><nav><ul class='ez-toc-list ez-toc-list-level-1 ' ><li class='ez-toc-page-1 ez-toc-heading-level-1'><a class=\"ez-toc-link ez-toc-heading-1\" href=\"https:\/\/icab.eu\/pro\/guide-conception\/#Guide_de_conception\" >Guide de conception<\/a><ul class='ez-toc-list-level-2' ><li class='ez-toc-heading-level-2'><a class=\"ez-toc-link ez-toc-heading-2\" href=\"https:\/\/icab.eu\/pro\/guide-conception\/#Manuels_ICAB\" >Manuels ICAB<\/a><\/li><li class='ez-toc-page-1 ez-toc-heading-level-2'><a class=\"ez-toc-link ez-toc-heading-3\" href=\"https:\/\/icab.eu\/pro\/guide-conception\/#Formulaires_de_calcul\" >Formulaires de calcul<\/a><\/li><\/ul><\/li><\/ul><\/nav><\/div>\n<h1><span class=\"ez-toc-section\" id=\"Guide_de_conception\"><\/span>Guide de conception<span class=\"ez-toc-section-end\"><\/span><\/h1>\n<h2><span class=\"ez-toc-section\" id=\"Manuels_ICAB\"><\/span>Manuels ICAB<span class=\"ez-toc-section-end\"><\/span><\/h2>\n<p style=\"text-align: left;\" align=\"center\"><a href=\"https:\/\/www.icab.eu\/doc\/icabforce\/\">Manuel de l&rsquo;utilisateur ICAB Force<\/a><\/p>\n<ul>\n<li style=\"list-style-type: none;\">\n<ul>\n<li><a href=\"https:\/\/www.icab.eu\/doc\/icabforce\/iga\/\">manuel des fichiers IGA<\/a> : fichier de description de mod\u00e8les par \u00e9l\u00e9ments finis ICAB.<\/li>\n<li>manuels de <a href=\"https:\/\/www.icab.eu\/doc\/icabforce\/ref\/\">r\u00e9f\u00e9rence en ligne<\/a><\/li>\n<li>manuels pdf <a href=\"https:\/\/icab.eu\/pro\/icab-force\/icabforce6\/#Manuels\">ICAB 6<\/a><\/li>\n<\/ul>\n<\/li>\n<\/ul>\n<h2><span class=\"ez-toc-section\" id=\"Formulaires_de_calcul\"><\/span><a href=\"https:\/\/icab.eu\/guide\/calc\/\">Formulaires de calcul<\/a><span class=\"ez-toc-section-end\"><\/span><\/h2>\n<ul>\n<li><a href=\"https:\/\/icab.eu\/guide\/calc\/?goto=BOLT\">calcul de r\u00e9sistance d&rsquo;un boulon<\/a> &#8211; section nette (comparaison CM66 \/ Eurocode 3)<\/li>\n<li><a href=\"https:\/\/icab.eu\/guide\/calc\/?goto=RIVET\">calcul de r\u00e9sistance d&rsquo;un rivet<\/a> (comparaison CM66 \/ Eurocode 3)<\/li>\n<li><a href=\"https:\/\/icab.eu\/guide\/calc\/?goto=CLE\">assemblage de section corni\u00e8re<\/a> \u00e0 ailes \u00e9gales (Eurocode 3)<\/li>\n<li><a href=\"https:\/\/icab.eu\/guide\/calc\/?goto=AXE\">Assemblage par axe d&rsquo;articulation<\/a> (selon Eurocode 3 EN1993-1-8)<\/li>\n<li><a href=\"https:\/\/icab.eu\/guide\/calc\/?goto=MASSIF\">Massif en b\u00e9ton pour pyl\u00f4ne<\/a> (fascicule 62)<\/li>\n<li><a href=\"https:\/\/icab.eu\/guide\/calc\/?goto=SNOW\">Surcharges de neige<\/a> (Eurocode 1-1-3 \/ NV65)<\/li>\n<li><a href=\"https:\/\/icab.eu\/guide\/calc\/?goto=CLIMAT\">Pression de vent<\/a> (Eurocode 1-1-4 \/ NV65)<\/li>\n<\/ul>\n","protected":false},"excerpt":{"rendered":"<p>Guide de conception Manuels ICAB Manuel de l&rsquo;utilisateur ICAB Force manuel des fichiers IGA : fichier de description de mod\u00e8les par \u00e9l\u00e9ments finis ICAB. manuels de r\u00e9f\u00e9rence en ligne manuels pdf ICAB 6 Formulaires de calcul calcul de r\u00e9sistance d&rsquo;un boulon &#8211; section nette (comparaison CM66 \/ Eurocode 3) calcul de r\u00e9sistance d&rsquo;un rivet (comparaison [&hellip;]<\/p>\n","protected":false},"author":2,"featured_media":0,"parent":0,"menu_order":0,"comment_status":"closed","ping_status":"closed","template":"","meta":{"_bbp_topic_count":0,"_bbp_reply_count":0,"_bbp_total_topic_count":0,"_bbp_total_reply_count":0,"_bbp_voice_count":0,"_bbp_anonymous_reply_count":0,"_bbp_topic_count_hidden":0,"_bbp_reply_count_hidden":0,"_bbp_forum_subforum_count":0,"footnotes":""},"class_list":["post-862","page","type-page","status-publish","hentry"],"_links":{"self":[{"href":"https:\/\/icab.eu\/pro\/wp-json\/wp\/v2\/pages\/862","targetHints":{"allow":["GET"]}}],"collection":[{"href":"https:\/\/icab.eu\/pro\/wp-json\/wp\/v2\/pages"}],"about":[{"href":"https:\/\/icab.eu\/pro\/wp-json\/wp\/v2\/types\/page"}],"author":[{"embeddable":true,"href":"https:\/\/icab.eu\/pro\/wp-json\/wp\/v2\/users\/2"}],"replies":[{"embeddable":true,"href":"https:\/\/icab.eu\/pro\/wp-json\/wp\/v2\/comments?post=862"}],"version-history":[{"count":5,"href":"https:\/\/icab.eu\/pro\/wp-json\/wp\/v2\/pages\/862\/revisions"}],"predecessor-version":[{"id":869,"href":"https:\/\/icab.eu\/pro\/wp-json\/wp\/v2\/pages\/862\/revisions\/869"}],"wp:attachment":[{"href":"https:\/\/icab.eu\/pro\/wp-json\/wp\/v2\/media?parent=862"}],"curies":[{"name":"wp","href":"https:\/\/api.w.org\/{rel}","templated":true}]}}