{"id":918,"date":"2026-03-19T13:19:05","date_gmt":"2026-03-19T12:19:05","guid":{"rendered":"https:\/\/icab.eu\/pro\/?page_id=918"},"modified":"2026-03-19T13:32:49","modified_gmt":"2026-03-19T12:32:49","slug":"zones-sismiques","status":"publish","type":"page","link":"https:\/\/icab.eu\/pro\/guide-conception\/zones-sismiques\/","title":{"rendered":"Zones sismiques"},"content":{"rendered":"<p>Les zones d&rsquo;al\u00e9a sismique de la France sont d\u00e9finies par le <a href=\"https:\/\/www.legifrance.gouv.fr\/affichTexte.do;jsessionid=581B6F90F421AFDD7BEE3290506D49EF.tpdjo13v_1?cidTexte=JORFTEXT000022941731&amp;categorieLien=id\">d\u00e9cret 22 octobre 2010<\/a> avec l&rsquo;application de l&rsquo;Eurocode <strong>EN1998<\/strong>.<\/p>\n<p>L&rsquo;expos\u00e9 r\u00e9glementaire du risque sismique est dispopnible sur<br \/>\n<a href=\"https:\/\/www.ecologie.gouv.fr\/politiques-publiques\/construction-risques-sismiques\">https:\/\/www.ecologie.gouv.fr\/politiques-publiques\/construction-risques-sismiques<\/a><\/p>\n<p>Carte interactive pour d\u00e9terminer le risque sismique par commune<br \/>\n<a href=\"https:\/\/www.georisques.gouv.fr\/risques\/seismes\/donnees#\/\">https:\/\/www.georisques.gouv.fr\/risques\/seismes\/donnees#\/<\/a><\/p>\n<p><a href=\"https:\/\/www.georisques.gouv.fr\/risques\/seismes\/donnees#\/\"><img fetchpriority=\"high\" decoding=\"async\" class=\"\" src=\"https:\/\/www.icab.eu\/guide\/eurocode\/en1998\/poster_alea_sismique_avril_2008-2_b.jpg\" width=\"607\" height=\"858\" \/><\/a><\/p>\n<p><a href=\"https:\/\/www.legifrance.gouv.fr\/affichTexte.do?cidTexte=JORFTEXT000022941755&amp;categorieLien=id\" target=\"_blank\" rel=\"noopener\">Arr\u00eat\u00e9 du 22 octobre 2010 relatif \u00e0 la classification et aux r\u00e8gles de construction parasismique applicables aux b\u00e2timents de la classe dite \u00ab \u00e0 <b>risque normal <\/b>\u00bb<\/a><\/p>\n<p>D\u00e9cret n\u00b0 2010-1255 du 22 octobre 2010 portant <a href=\"https:\/\/www.legifrance.gouv.fr\/affichTexte.do;jsessionid=581B6F90F421AFDD7BEE3290506D49EF.tpdjo13v_1?cidTexte=JORFTEXT000022941731&amp;categorieLien=id\">d\u00e9limitation des zones de sismicit\u00e9 du territoire fran\u00e7ais<\/a><\/p>\n<p>Arr\u00eat\u00e9 du 4 octobre 2010 relatif \u00e0 la <a href=\"https:\/\/www.legifrance.gouv.fr\/affichTexte.do;jsessionid=909DD8637271864B7DD00EC2722C829C.tplgfr42s_1?idSectionTA=LEGISCTA000023796730&amp;cidTexte=JORFTEXT000023081900&amp;dateTexte=20180303\">pr\u00e9vention des risques accidentels au sein des <b>installations class\u00e9es<\/b> pour la protection de l&rsquo;environnement soumises \u00e0 autorisation<\/a><\/p>\n<p><a href=\"https:\/\/www.legifrance.gouv.fr\/affichTexte.do?cidTexte=JORFTEXT000030642024&amp;dateTexte=&amp;categorieLien=id\">Arr\u00eat\u00e9 du 19 mai 2015 modifiant l&rsquo;arr\u00eat\u00e9 du 4 octobre 2010 relatif \u00e0 la pr\u00e9vention des risques accidentels au sein des installations class\u00e9es pour la protection de l&rsquo;environnement soumises \u00e0 autorisation<\/a><\/p>\n<p><a href=\"http:\/\/www.legifrance.gouv.fr\/affichTexte.do;jsessionid=?cidTexte=JORFTEXT000023791676&amp;dateTexte=&amp;oldAction=rechJO&amp;categorieLien=id\" target=\"_blank\" rel=\"noopener\"><i>Arr\u00eat\u00e9 du 24 janvier 2011 fixant les r\u00e8gles parasismiques applicables \u00e0 certaines installations class\u00e9es<\/i><\/a><i> <\/i><i>\u00a0(obsol\u00e8te)<\/i><\/p>\n<div>\n<h3><\/h3>\n<\/div>\n<p>Historique: comparaison avec les r\u00e8gles <a href=\"https:\/\/www.icab.eu\/guide\/ps92\/\">PS92<\/a><\/p>\n<p>&nbsp;<\/p>\n","protected":false},"excerpt":{"rendered":"<p>Les zones d&rsquo;al\u00e9a sismique de la France sont d\u00e9finies par le d\u00e9cret 22 octobre 2010 avec l&rsquo;application de l&rsquo;Eurocode EN1998. L&rsquo;expos\u00e9 r\u00e9glementaire du risque sismique est dispopnible sur https:\/\/www.ecologie.gouv.fr\/politiques-publiques\/construction-risques-sismiques Carte interactive pour d\u00e9terminer le risque sismique par commune https:\/\/www.georisques.gouv.fr\/risques\/seismes\/donnees#\/ Arr\u00eat\u00e9 du 22 octobre 2010 relatif \u00e0 la classification et aux r\u00e8gles de construction parasismique applicables [&hellip;]<\/p>\n","protected":false},"author":2,"featured_media":0,"parent":862,"menu_order":0,"comment_status":"closed","ping_status":"closed","template":"","meta":{"_bbp_topic_count":0,"_bbp_reply_count":0,"_bbp_total_topic_count":0,"_bbp_total_reply_count":0,"_bbp_voice_count":0,"_bbp_anonymous_reply_count":0,"_bbp_topic_count_hidden":0,"_bbp_reply_count_hidden":0,"_bbp_forum_subforum_count":0,"footnotes":""},"class_list":["post-918","page","type-page","status-publish","hentry"],"_links":{"self":[{"href":"https:\/\/icab.eu\/pro\/wp-json\/wp\/v2\/pages\/918","targetHints":{"allow":["GET"]}}],"collection":[{"href":"https:\/\/icab.eu\/pro\/wp-json\/wp\/v2\/pages"}],"about":[{"href":"https:\/\/icab.eu\/pro\/wp-json\/wp\/v2\/types\/page"}],"author":[{"embeddable":true,"href":"https:\/\/icab.eu\/pro\/wp-json\/wp\/v2\/users\/2"}],"replies":[{"embeddable":true,"href":"https:\/\/icab.eu\/pro\/wp-json\/wp\/v2\/comments?post=918"}],"version-history":[{"count":7,"href":"https:\/\/icab.eu\/pro\/wp-json\/wp\/v2\/pages\/918\/revisions"}],"predecessor-version":[{"id":926,"href":"https:\/\/icab.eu\/pro\/wp-json\/wp\/v2\/pages\/918\/revisions\/926"}],"up":[{"embeddable":true,"href":"https:\/\/icab.eu\/pro\/wp-json\/wp\/v2\/pages\/862"}],"wp:attachment":[{"href":"https:\/\/icab.eu\/pro\/wp-json\/wp\/v2\/media?parent=918"}],"curies":[{"name":"wp","href":"https:\/\/api.w.org\/{rel}","templated":true}]}}